{"id":1126,"date":"2023-11-01T16:04:51","date_gmt":"2023-11-01T16:04:51","guid":{"rendered":"https:\/\/centerdent.ch\/?page_id=1126"},"modified":"2023-12-05T13:17:12","modified_gmt":"2023-12-05T13:17:12","slug":"datenschutz","status":"publish","type":"page","link":"https:\/\/centerdent.ch\/de\/datenschutz\/","title":{"rendered":"Datenschutz"},"content":{"rendered":"<div class=\"fusion-fullwidth fullwidth-box fusion-builder-row-1 fusion-flex-container has-pattern-background has-mask-background nonhundred-percent-fullwidth non-hundred-percent-height-scrolling\" style=\"--awb-border-radius-top-left:0px;--awb-border-radius-top-right:0px;--awb-border-radius-bottom-right:0px;--awb-border-radius-bottom-left:0px;--awb-flex-wrap:wrap;\" ><div class=\"fusion-builder-row fusion-row fusion-flex-align-items-flex-start fusion-flex-content-wrap\" style=\"max-width:1721.2px;margin-left: calc(-4% \/ 2 );margin-right: calc(-4% \/ 2 );\"><div class=\"fusion-layout-column fusion_builder_column fusion-builder-column-0 fusion_builder_column_1_1 1_1 fusion-flex-column\" style=\"--awb-padding-top:25px;--awb-bg-size:cover;--awb-width-large:100%;--awb-margin-top-large:0px;--awb-spacing-right-large:1.92%;--awb-margin-bottom-large:20px;--awb-spacing-left-large:1.92%;--awb-width-medium:100%;--awb-order-medium:0;--awb-spacing-right-medium:1.92%;--awb-spacing-left-medium:1.92%;--awb-width-small:100%;--awb-order-small:0;--awb-spacing-right-small:1.92%;--awb-spacing-left-small:1.92%;\"><div class=\"fusion-column-wrapper fusion-column-has-shadow fusion-flex-justify-content-flex-start fusion-content-layout-column\"><div class=\"fusion-text fusion-text-1\"><h2>DATENSCHUTZERKL\u00c4RUNG<\/h2>\n<p>&nbsp;<\/p>\n<p>Willkommen auf der Website unserer Zahnarztpraxis. Die nachfolgende Datenschutzerkl\u00e4rung gilt f\u00fcr die Nutzung unserer Website sowie der darauf angebotenen Dienstleistungen. Die vorliegende Datenschutzerkl\u00e4rung informiert Sie \u00fcber die Erhebung personenbezogener Daten w\u00e4hrend Ihres Besuchs auf dieser Website.<\/p>\n<p>Die Erhebung und die Verarbeitung Ihrer personenbezogenen Daten geschehen unter Beachtung der geltenden datenschutzrechtlichen Gesetze und Anforderungen.<\/p>\n<p>Grunds\u00e4tzlich bietet unsere Zahnarztpraxis ihre Dienstleistungen nur in der Schweiz an und richtet sich nur an in der Schweiz wohnhafte Personen.<\/p>\n<p>&nbsp;<\/p>\n<h3>Erfassung von allgemeinen Daten und Informationen<\/h3>\n<p>Mit jedem Aufruf der Website werden eine Reihe von allgemeinen Daten und Informationen erfasst. Diese allgemeinen Daten und Informationen werden in den Logfiles des Servers gespeichert. Erfasst werden k\u00f6nnen (1) die verwendeten Browsertypen und Versionen, (2) das vom zugreifenden System verwendete Betriebssystem, (3) die Website, von welcher ein zugreifendes System auf unsere Website gelangt (sogenannte Referrer), (4) die Unterwebseiten, welche \u00fcber ein zugreifendes System auf unserer Website angesteuert werden, (5) das Datum und die Uhrzeit eines Zugriffs auf die Website, (6) eine Internet-Protokoll-Adresse (IP-Adresse), (7) der Internet-Service-Provider des zugreifenden Systems und (8) sonstige \u00e4hnliche Daten und Informationen, die der Gefahrenabwehr im Falle von Angriffen auf unsere IT-Infrastruktur dienen.<\/p>\n<p>Diese Daten und Informationen werden ben\u00f6tigt, um (1) die Inhalte unserer Website korrekt darzustellen, (2) die Inhalte unserer Website zu optimieren, (3) die dauerhafte Funktionsf\u00e4higkeit unserer IT-Infrastruktur und der Technik unserer Website zu gew\u00e4hrleisten sowie um (4) im Falle eines Cyberangriffes den Strafverfolgungsbeh\u00f6rden die notwendigen Informationen bereitzustellen.<\/p>\n<p>Weiter kann unsere Zahnarztpraxis diese Daten und Informationen einerseits statistisch und ferner mit dem Ziel auswerten, den Datenschutz und die Datensicherheit ihrer IT-Infrastruktur zu erh\u00f6hen. Die erhobenen Daten und Informationen werden nur zu den eben erw\u00e4hnten Zwecken bearbeitet und werden anschliessend gel\u00f6scht.<\/p>\n<p>&nbsp;<\/p>\n<h3>Links anderer Webseiten<\/h3>\n<p>Diese Website kann Links zu Webseiten anderer Anbieter enthalten. Unsere Zahnarztpraxis hat keinen Einfluss auf diese Webseiten, deren Inhalte, Angebote oder Verf\u00fcgbarkeit oder die dort geltenden Datenschutzerkl\u00e4rungen und -bestimmungen. Sie lehnt daher jegliche Haftung ab.<\/p>\n<p>&nbsp;<\/p>\n<h3>Cookies und weitere Serviceangebote<\/h3>\n<p>Unsere Zahnarztpraxis kann auf ihrer Website Cookies verwenden. Cookies enthalten eine sogenannte Cookie-lD, eine eindeutige Kennung des Cookies, welche Webseiten und Server einem konkreten Internetbrowser zuordnet. Ein bestimmter Internetbrowser kann \u00fcber diese eindeutige Cookie-lD wiedererkannt und identifiziert werden.<\/p>\n<p>Solche Informationen \u00fcber die Nutzung dieser Website (einschliesslich Ihrer IP-Adresse) k\u00f6nnen z.B. im Falle von Google Analytics an Server im Ausland \u00fcbertragen und dort gespeichert werden.<\/p>\n<p>Unsere Zahnarztpraxis kann weitere Serviceangebote von Drittanbietern nutzen, um deren Inhalte und Services wie z.B. Videos oder Beitr\u00e4ge in die Website einzubinden. Eine entsprechende Einbindung setzt immer voraus, dass diese Drittanbieter die IP-Adresse und weitere Informationen der Besucher dieser Website erfassen und verarbeiten k\u00f6nnen.<\/p>\n<p>Auf dieser Website k\u00f6nnen Schaltfl\u00e4chen (\u00abSocial-Media-Plugins\u00bb) platziert sein, die einen Kontakt mit den Servern von sozialen Netzwerken (Facebook, Twitter, lnstagram etc.) herstellen. Mit dem Klick auf einen dieser Buttons werden notwendige Daten wie IP-Adresse, Besuch der Website u.a. an den jeweiligen Betreiber des sozialen Netzwerks \u00fcbermittelt.<\/p>\n<p>\u00dcber unsere Website haben Sie die M\u00f6glichkeit, unseren Newsletter zu abonnieren. Daten, welche Sie der Zahnarztpraxis hierbei zur Verf\u00fcgung stellen, insbesondere Ihre E-Mail-Adresse und Ihren Namen, k\u00f6nnen f\u00fcr den regelm\u00e4ssigen Versand unseres Newsletters verwendet werden. Der Versand erfolgt entweder direkt \u00fcber die Zahnarztpraxis oder \u00fcber ein hierf\u00fcr spezialisiertes Unternehmen. Sie k\u00f6nnen den Newsletter jederzeit wieder abbestellen (jeweils \u00fcber den Link im Newsletter oder auf der Website). Auch k\u00f6nnen Sie uns dies per E-Mail oder \u00fcber die im Impressum angegebenen Kontaktdaten mitteilen. Die personenbezogenen Daten verbleiben bei unserer Zahnarztpraxis und allenfalls beim f\u00fcr den Newsletter-Versand beauftragten Unternehmen, solange Sie den Newsletter abonniert haben.<\/p>\n<p>&nbsp;<\/p>\n<h3>Kommunikationsm\u00f6glichkeiten<\/h3>\n<p>Die Website unserer Zahnarztpraxis enth\u00e4lt gewisse Angaben, die eine schnelle elektronische Kontaktaufnahme sowie eine unmittelbare Kommunikation erm\u00f6glichen, was ebenfalls eine allgemeine E-Mail-Adresse umfasst. Nehmen Sie \u00fcber die auf unserer Website angebotenen Kommunikationsm\u00f6glichkeiten Kontakt mit uns auf, werden Ihre Kontaktangaben und Inhalte lediglich zur Bearbeitung und Beantwortung Ihrer Anfrage verwendet.<\/p>\n<p>Bitte beachten Sie: Es kann nicht sichergestellt werden, dass Ihre Daten vertraulich \u00fcbermittelt werden. Deshalb sollen bei dieser Kontaktaufnahme keine vertraulichen Daten (medizinische Anliegen etc.) \u00fcbermittelt werden.<\/p>\n<p>&nbsp;<\/p>\n<h3>Ihre Rechte<\/h3>\n<p>Gest\u00fctzt auf das Datenschutzgesetz haben Sie verschiedene Rechte wie beispielsweise ein Auskunftsrecht. Zur Geltendmachung Ihrer Rechte setzen Sie sich bitte mit der Zahnarztpraxis in Verbindung. Wir stehen Ihnen f\u00fcr weitere diesbez\u00fcgliche Informationen gerne zur Verf\u00fcgung.<\/p>\n<p>&nbsp;<\/p>\n<h3>\u00c4nderungen<\/h3>\n<p>Unsere Zahnarztpraxis kann diese Datenschutzerkl\u00e4rung jederzeit ohne Vorank\u00fcndigung anpassen. Es gilt die jeweils aktuelle, auf unserer Website publizierte Fassung. Soweit die Datenschutzerkl\u00e4rung Teil eines Vertrages mit Ihnen ist, werden wir Sie im Falle einer Aktualisierung \u00fcber die \u00c4nderung per E-Mail oder auf andere geeignete Weise informieren.<\/p>\n<p>&nbsp;<\/p>\n<h3>Datum 31.08.2023<\/h3>\n<\/div><\/div><\/div><\/div><\/div>\n","protected":false},"excerpt":{"rendered":"","protected":false},"author":1,"featured_media":1248,"parent":0,"menu_order":0,"comment_status":"closed","ping_status":"closed","template":"100-width.php","meta":{"footnotes":""},"class_list":["post-1126","page","type-page","status-publish","has-post-thumbnail","hentry"],"yoast_head":"<!-- This site is optimized with the Yoast SEO plugin v27.4 - https:\/\/yoast.com\/product\/yoast-seo-wordpress\/ -->\n<title>Centerdent | Datenschutz<\/title>\n<meta name=\"robots\" content=\"index, follow, max-snippet:-1, max-image-preview:large, max-video-preview:-1\" \/>\n<link rel=\"canonical\" href=\"https:\/\/centerdent.ch\/de\/datenschutz\/\" \/>\n<meta property=\"og:locale\" content=\"de_DE\" \/>\n<meta property=\"og:type\" content=\"article\" \/>\n<meta property=\"og:title\" content=\"Centerdent | Datenschutz\" \/>\n<meta property=\"og:url\" content=\"https:\/\/centerdent.ch\/de\/datenschutz\/\" \/>\n<meta property=\"og:site_name\" content=\"Centerdent\" \/>\n<meta property=\"article:modified_time\" content=\"2023-12-05T13:17:12+00:00\" \/>\n<meta property=\"og:image\" content=\"https:\/\/centerdent.ch\/wp-content\/uploads\/2023\/11\/defaultbanner-scaled.webp\" \/>\n\t<meta property=\"og:image:width\" content=\"2560\" \/>\n\t<meta property=\"og:image:height\" content=\"995\" \/>\n\t<meta property=\"og:image:type\" content=\"image\/webp\" \/>\n<meta name=\"twitter:card\" content=\"summary_large_image\" \/>\n<meta name=\"twitter:label1\" content=\"Gesch\u00e4tzte Lesezeit\" \/>\n\t<meta name=\"twitter:data1\" content=\"6\u00a0Minuten\" \/>\n<script type=\"application\/ld+json\" class=\"yoast-schema-graph\">{\"@context\":\"https:\\\/\\\/schema.org\",\"@graph\":[{\"@type\":\"WebPage\",\"@id\":\"https:\\\/\\\/centerdent.ch\\\/de\\\/datenschutz\\\/\",\"url\":\"https:\\\/\\\/centerdent.ch\\\/de\\\/datenschutz\\\/\",\"name\":\"Centerdent | Datenschutz\",\"isPartOf\":{\"@id\":\"https:\\\/\\\/centerdent.ch\\\/de\\\/#website\"},\"primaryImageOfPage\":{\"@id\":\"https:\\\/\\\/centerdent.ch\\\/de\\\/datenschutz\\\/#primaryimage\"},\"image\":{\"@id\":\"https:\\\/\\\/centerdent.ch\\\/de\\\/datenschutz\\\/#primaryimage\"},\"thumbnailUrl\":\"https:\\\/\\\/centerdent.ch\\\/wp-content\\\/uploads\\\/2023\\\/11\\\/defaultbanner-scaled.webp\",\"datePublished\":\"2023-11-01T16:04:51+00:00\",\"dateModified\":\"2023-12-05T13:17:12+00:00\",\"breadcrumb\":{\"@id\":\"https:\\\/\\\/centerdent.ch\\\/de\\\/datenschutz\\\/#breadcrumb\"},\"inLanguage\":\"de\",\"potentialAction\":[{\"@type\":\"ReadAction\",\"target\":[\"https:\\\/\\\/centerdent.ch\\\/de\\\/datenschutz\\\/\"]}]},{\"@type\":\"ImageObject\",\"inLanguage\":\"de\",\"@id\":\"https:\\\/\\\/centerdent.ch\\\/de\\\/datenschutz\\\/#primaryimage\",\"url\":\"https:\\\/\\\/centerdent.ch\\\/wp-content\\\/uploads\\\/2023\\\/11\\\/defaultbanner-scaled.webp\",\"contentUrl\":\"https:\\\/\\\/centerdent.ch\\\/wp-content\\\/uploads\\\/2023\\\/11\\\/defaultbanner-scaled.webp\",\"width\":2560,\"height\":995},{\"@type\":\"BreadcrumbList\",\"@id\":\"https:\\\/\\\/centerdent.ch\\\/de\\\/datenschutz\\\/#breadcrumb\",\"itemListElement\":[{\"@type\":\"ListItem\",\"position\":1,\"name\":\"Home\",\"item\":\"https:\\\/\\\/centerdent.ch\\\/de\\\/\"},{\"@type\":\"ListItem\",\"position\":2,\"name\":\"Datenschutz\"}]},{\"@type\":\"WebSite\",\"@id\":\"https:\\\/\\\/centerdent.ch\\\/de\\\/#website\",\"url\":\"https:\\\/\\\/centerdent.ch\\\/de\\\/\",\"name\":\"Centerdent\",\"description\":\"Ihr Zahnarzt in Z\u00fcrich Sihlcity\",\"potentialAction\":[{\"@type\":\"SearchAction\",\"target\":{\"@type\":\"EntryPoint\",\"urlTemplate\":\"https:\\\/\\\/centerdent.ch\\\/de\\\/?s={search_term_string}\"},\"query-input\":{\"@type\":\"PropertyValueSpecification\",\"valueRequired\":true,\"valueName\":\"search_term_string\"}}],\"inLanguage\":\"de\"}]}<\/script>\n<!-- \/ Yoast SEO plugin. -->","yoast_head_json":{"title":"Centerdent | Datenschutz","robots":{"index":"index","follow":"follow","max-snippet":"max-snippet:-1","max-image-preview":"max-image-preview:large","max-video-preview":"max-video-preview:-1"},"canonical":"https:\/\/centerdent.ch\/de\/datenschutz\/","og_locale":"de_DE","og_type":"article","og_title":"Centerdent | Datenschutz","og_url":"https:\/\/centerdent.ch\/de\/datenschutz\/","og_site_name":"Centerdent","article_modified_time":"2023-12-05T13:17:12+00:00","og_image":[{"width":2560,"height":995,"url":"https:\/\/centerdent.ch\/wp-content\/uploads\/2023\/11\/defaultbanner-scaled.webp","type":"image\/webp"}],"twitter_card":"summary_large_image","twitter_misc":{"Gesch\u00e4tzte Lesezeit":"6\u00a0Minuten"},"schema":{"@context":"https:\/\/schema.org","@graph":[{"@type":"WebPage","@id":"https:\/\/centerdent.ch\/de\/datenschutz\/","url":"https:\/\/centerdent.ch\/de\/datenschutz\/","name":"Centerdent | Datenschutz","isPartOf":{"@id":"https:\/\/centerdent.ch\/de\/#website"},"primaryImageOfPage":{"@id":"https:\/\/centerdent.ch\/de\/datenschutz\/#primaryimage"},"image":{"@id":"https:\/\/centerdent.ch\/de\/datenschutz\/#primaryimage"},"thumbnailUrl":"https:\/\/centerdent.ch\/wp-content\/uploads\/2023\/11\/defaultbanner-scaled.webp","datePublished":"2023-11-01T16:04:51+00:00","dateModified":"2023-12-05T13:17:12+00:00","breadcrumb":{"@id":"https:\/\/centerdent.ch\/de\/datenschutz\/#breadcrumb"},"inLanguage":"de","potentialAction":[{"@type":"ReadAction","target":["https:\/\/centerdent.ch\/de\/datenschutz\/"]}]},{"@type":"ImageObject","inLanguage":"de","@id":"https:\/\/centerdent.ch\/de\/datenschutz\/#primaryimage","url":"https:\/\/centerdent.ch\/wp-content\/uploads\/2023\/11\/defaultbanner-scaled.webp","contentUrl":"https:\/\/centerdent.ch\/wp-content\/uploads\/2023\/11\/defaultbanner-scaled.webp","width":2560,"height":995},{"@type":"BreadcrumbList","@id":"https:\/\/centerdent.ch\/de\/datenschutz\/#breadcrumb","itemListElement":[{"@type":"ListItem","position":1,"name":"Home","item":"https:\/\/centerdent.ch\/de\/"},{"@type":"ListItem","position":2,"name":"Datenschutz"}]},{"@type":"WebSite","@id":"https:\/\/centerdent.ch\/de\/#website","url":"https:\/\/centerdent.ch\/de\/","name":"Centerdent","description":"Ihr Zahnarzt in Z\u00fcrich Sihlcity","potentialAction":[{"@type":"SearchAction","target":{"@type":"EntryPoint","urlTemplate":"https:\/\/centerdent.ch\/de\/?s={search_term_string}"},"query-input":{"@type":"PropertyValueSpecification","valueRequired":true,"valueName":"search_term_string"}}],"inLanguage":"de"}]}},"_links":{"self":[{"href":"https:\/\/centerdent.ch\/de\/wp-json\/wp\/v2\/pages\/1126","targetHints":{"allow":["GET"]}}],"collection":[{"href":"https:\/\/centerdent.ch\/de\/wp-json\/wp\/v2\/pages"}],"about":[{"href":"https:\/\/centerdent.ch\/de\/wp-json\/wp\/v2\/types\/page"}],"author":[{"embeddable":true,"href":"https:\/\/centerdent.ch\/de\/wp-json\/wp\/v2\/users\/1"}],"replies":[{"embeddable":true,"href":"https:\/\/centerdent.ch\/de\/wp-json\/wp\/v2\/comments?post=1126"}],"version-history":[{"count":3,"href":"https:\/\/centerdent.ch\/de\/wp-json\/wp\/v2\/pages\/1126\/revisions"}],"predecessor-version":[{"id":3059,"href":"https:\/\/centerdent.ch\/de\/wp-json\/wp\/v2\/pages\/1126\/revisions\/3059"}],"wp:featuredmedia":[{"embeddable":true,"href":"https:\/\/centerdent.ch\/de\/wp-json\/wp\/v2\/media\/1248"}],"wp:attachment":[{"href":"https:\/\/centerdent.ch\/de\/wp-json\/wp\/v2\/media?parent=1126"}],"curies":[{"name":"wp","href":"https:\/\/api.w.org\/{rel}","templated":true}]}}