{"id":3157,"date":"2024-05-07T08:55:21","date_gmt":"2024-05-07T08:55:21","guid":{"rendered":"https:\/\/centerdent.ch\/?page_id=3157"},"modified":"2026-01-22T11:01:06","modified_gmt":"2026-01-22T11:01:06","slug":"prgf-behandlung-in-der-zahnmedizin","status":"publish","type":"page","link":"https:\/\/centerdent.ch\/de\/angebot\/prgf-behandlung-in-der-zahnmedizin\/","title":{"rendered":"PRGF \/ Endoret \u00a9 &#8211; Behandlung"},"content":{"rendered":"<div class=\"fusion-fullwidth fullwidth-box fusion-builder-row-1 fusion-flex-container has-pattern-background has-mask-background nonhundred-percent-fullwidth non-hundred-percent-height-scrolling\" style=\"--awb-border-radius-top-left:0px;--awb-border-radius-top-right:0px;--awb-border-radius-bottom-right:0px;--awb-border-radius-bottom-left:0px;--awb-flex-wrap:wrap;\" ><div class=\"fusion-builder-row fusion-row fusion-flex-align-items-flex-start fusion-flex-content-wrap\" style=\"max-width:1721.2px;margin-left: calc(-4% \/ 2 );margin-right: calc(-4% \/ 2 );\"><div class=\"fusion-layout-column fusion_builder_column fusion-builder-column-0 fusion_builder_column_1_1 1_1 fusion-flex-column\" style=\"--awb-bg-size:cover;--awb-width-large:100%;--awb-margin-top-large:0px;--awb-spacing-right-large:1.92%;--awb-margin-bottom-large:20px;--awb-spacing-left-large:1.92%;--awb-width-medium:100%;--awb-order-medium:0;--awb-spacing-right-medium:1.92%;--awb-spacing-left-medium:1.92%;--awb-width-small:100%;--awb-order-small:0;--awb-spacing-right-small:1.92%;--awb-spacing-left-small:1.92%;\"><div class=\"fusion-column-wrapper fusion-column-has-shadow fusion-flex-justify-content-flex-start fusion-content-layout-column\"><div class=\"fusion-text fusion-text-1\"><h2 class=\"fusion-responsive-typography-calculated\" style=\"--fontsize: 42; line-height: 1.2;\" data-fontsize=\"42\" data-lineheight=\"50.4px\">Therapie mit Eigenblut in der modernen Oralchirurgie und Parodontalchirurgie<\/h2>\n<p>Nach einer Zahnoperation ist eine m\u00f6glichst schnelle Wundheilung sowie eine rasche und vollst\u00e4ndige Geweberegeneration f\u00fcr den langfristigen Behandlungserfolg erw\u00fcnscht. In der modernen Oralchirurgie wenden wir deshalb die PRGF-Methode mit Eigenblut an: Die wissenschaftlich erprobte biomedizinische Technologie unterst\u00fctzt die sanfte und komplette Wundheilung mit autologem (k\u00f6rpereigenen) Material nach einem oralchirurgischen Eingriff. Mit der Eigenbluttherapie heilen Implantate besser ein (verbesserte Osseointegration), da sich das Implantatbett nach Zahnextraktion besser f\u00fcr das Implantat vorbereiten l\u00e4sst und der Knochen vollst\u00e4ndig erhalten werden kann (Socket preservation). In der Parodontalchirurgie sch\u00fctzt ein PRGF-Clot die Wunde vor Infektionen und tr\u00e4gt positiv zur raschen Genesung bei.<\/p>\n<p>Bei operativen Zahn- oder Zystenentfernungen beschleunigt die PRGF-Therapie die Knochenregeneration und Knochendefekte k\u00f6nnen aufgef\u00fcllt werden.<\/p>\n<h2 class=\"fusion-responsive-typography-calculated\" style=\"--fontsize: 42; line-height: 1.2;\" data-fontsize=\"42\" data-lineheight=\"50.4px\">Der Begriff PRGF:<\/h2>\n<p>PRGF steht f\u00fcr &#8222;plasma rich in growth factors&#8220;. PRGF wird durch Zentrifugation aus Eigenblut hergestellt. Die k\u00f6rpereigene Matrix ist reich an dem Protein Fibrin (dient als nat\u00fcrliche Schutzbarriere vor Keimen und tr\u00e4gt zur Blutgerinnung und zum Wundverschluss bei) und ebenso reich an Blutpl\u00e4ttchen, deren Wachtstumsfaktoren die Wundheilung f\u00f6rdern.<\/p>\n<p>Bei einer Wunde bildet der K\u00f6rper immer hohe Mengen an Fibrin, und regt somit die Wundheilung, die Bildung von Bindegewebe und von neuem Knochen an.<\/p>\n<h2 class=\"fusion-responsive-typography-calculated\" style=\"--fontsize: 42; line-height: 1.2;\" data-fontsize=\"42\" data-lineheight=\"50.4px\">Ablauf einer PRGF-Behandlung in der Zahnmedizin:<\/h2>\n<ul>\n<li>Es ist eine geringe Abnahme (maximal 60Milliliter) Eigenblut notwendig. Die Blutabnahme erfolgt bei uns in der Praxis.<\/li>\n<li>Das gewonnene Blut wird durch Zentrifugation aufgespaltet, fraktioniert, und innert Minuten werden Fibrin und Wachstumsfaktoren herausgefiltert.<\/li>\n<li>Das PRGF kann je nach Verwendungszweck direkt als Membran, als Fl\u00fcssigkeit oder als Clot angewandt werden.<\/li>\n<\/ul>\n<h2 class=\"fusion-responsive-typography-calculated\" style=\"--fontsize: 42; line-height: 1.2;\" data-fontsize=\"42\" data-lineheight=\"50.4px\">Alle Vorteile von PRGF:<\/h2>\n<ul>\n<li>PRGF ist vollst\u00e4ndig autolog und somit biokompatibel. Es sind oft keine Membranen oder xenogener Knochen tierischen Ursprunges n\u00f6tig.<\/li>\n<li>Eignet sich zur Schmerzreduktion nach Weisheitszahnoperationen.<\/li>\n<li>Beschleunigt und verbessert die Wundheilung. Dies ist mit geringeren Schmerzen und vollst\u00e4ndiger Geweberegeneration vergesellschaftet, da die Dimension des Knochens erhalten wird und das Infektionsrisiko und Komplikationsrate nach einem oralen Eingriff gesenkt wird.<\/li>\n<li>Weniger Schwellungen, Entz\u00fcndungen und Schmerzen.<\/li>\n<li>Die Eigenbluttherapie eignet sich f\u00fcr alle Eingrifffe der modernen Oralchirurgie, Parodontalchirurgie und Parodontal-Regeneration mit offenen Wunden.<\/li>\n<li>Es besteht keine Gefahr von Abstossungsreaktionen, da ausschliesslich mit Eigenblut gearbeitet wird.<\/li>\n<li>Die Herstellung dauert nur 15-20 Minuten, je nach erw\u00fcnschtem Verwendungszweck<\/li>\n<li>Geringe Kosten<\/li>\n<\/ul>\n<\/div><\/div><\/div><\/div><\/div>\n","protected":false},"excerpt":{"rendered":"","protected":false},"author":1,"featured_media":1248,"parent":925,"menu_order":0,"comment_status":"closed","ping_status":"closed","template":"100-width.php","meta":{"footnotes":""},"class_list":["post-3157","page","type-page","status-publish","has-post-thumbnail","hentry"],"yoast_head":"<!-- This site is optimized with the Yoast SEO plugin v27.5 - https:\/\/yoast.com\/product\/yoast-seo-wordpress\/ -->\n<title>Centerdent | PRGF \/ Endoret \u00a9 - Behandlung<\/title>\n<meta name=\"robots\" content=\"index, follow, max-snippet:-1, max-image-preview:large, max-video-preview:-1\" \/>\n<link rel=\"canonical\" href=\"https:\/\/centerdent.ch\/de\/angebot\/prgf-behandlung-in-der-zahnmedizin\/\" \/>\n<meta property=\"og:locale\" content=\"de_DE\" \/>\n<meta property=\"og:type\" content=\"article\" \/>\n<meta property=\"og:title\" content=\"Centerdent | PRGF \/ Endoret \u00a9 - Behandlung\" \/>\n<meta property=\"og:url\" content=\"https:\/\/centerdent.ch\/de\/angebot\/prgf-behandlung-in-der-zahnmedizin\/\" \/>\n<meta property=\"og:site_name\" content=\"Centerdent\" \/>\n<meta property=\"article:modified_time\" content=\"2026-01-22T11:01:06+00:00\" \/>\n<meta property=\"og:image\" content=\"https:\/\/centerdent.ch\/wp-content\/uploads\/2023\/11\/defaultbanner-scaled.webp\" \/>\n\t<meta property=\"og:image:width\" content=\"2560\" \/>\n\t<meta property=\"og:image:height\" content=\"995\" \/>\n\t<meta property=\"og:image:type\" content=\"image\/webp\" \/>\n<meta name=\"twitter:card\" content=\"summary_large_image\" \/>\n<meta name=\"twitter:label1\" content=\"Gesch\u00e4tzte Lesezeit\" \/>\n\t<meta name=\"twitter:data1\" content=\"3\u00a0Minuten\" \/>\n<script type=\"application\/ld+json\" class=\"yoast-schema-graph\">{\"@context\":\"https:\\\/\\\/schema.org\",\"@graph\":[{\"@type\":\"WebPage\",\"@id\":\"https:\\\/\\\/centerdent.ch\\\/de\\\/angebot\\\/prgf-behandlung-in-der-zahnmedizin\\\/\",\"url\":\"https:\\\/\\\/centerdent.ch\\\/de\\\/angebot\\\/prgf-behandlung-in-der-zahnmedizin\\\/\",\"name\":\"Centerdent | PRGF \\\/ Endoret \u00a9 - Behandlung\",\"isPartOf\":{\"@id\":\"https:\\\/\\\/centerdent.ch\\\/de\\\/#website\"},\"primaryImageOfPage\":{\"@id\":\"https:\\\/\\\/centerdent.ch\\\/de\\\/angebot\\\/prgf-behandlung-in-der-zahnmedizin\\\/#primaryimage\"},\"image\":{\"@id\":\"https:\\\/\\\/centerdent.ch\\\/de\\\/angebot\\\/prgf-behandlung-in-der-zahnmedizin\\\/#primaryimage\"},\"thumbnailUrl\":\"https:\\\/\\\/centerdent.ch\\\/wp-content\\\/uploads\\\/2023\\\/11\\\/defaultbanner-scaled.webp\",\"datePublished\":\"2024-05-07T08:55:21+00:00\",\"dateModified\":\"2026-01-22T11:01:06+00:00\",\"breadcrumb\":{\"@id\":\"https:\\\/\\\/centerdent.ch\\\/de\\\/angebot\\\/prgf-behandlung-in-der-zahnmedizin\\\/#breadcrumb\"},\"inLanguage\":\"de\",\"potentialAction\":[{\"@type\":\"ReadAction\",\"target\":[\"https:\\\/\\\/centerdent.ch\\\/de\\\/angebot\\\/prgf-behandlung-in-der-zahnmedizin\\\/\"]}]},{\"@type\":\"ImageObject\",\"inLanguage\":\"de\",\"@id\":\"https:\\\/\\\/centerdent.ch\\\/de\\\/angebot\\\/prgf-behandlung-in-der-zahnmedizin\\\/#primaryimage\",\"url\":\"https:\\\/\\\/centerdent.ch\\\/wp-content\\\/uploads\\\/2023\\\/11\\\/defaultbanner-scaled.webp\",\"contentUrl\":\"https:\\\/\\\/centerdent.ch\\\/wp-content\\\/uploads\\\/2023\\\/11\\\/defaultbanner-scaled.webp\",\"width\":2560,\"height\":995},{\"@type\":\"BreadcrumbList\",\"@id\":\"https:\\\/\\\/centerdent.ch\\\/de\\\/angebot\\\/prgf-behandlung-in-der-zahnmedizin\\\/#breadcrumb\",\"itemListElement\":[{\"@type\":\"ListItem\",\"position\":1,\"name\":\"Home\",\"item\":\"https:\\\/\\\/centerdent.ch\\\/de\\\/\"},{\"@type\":\"ListItem\",\"position\":2,\"name\":\"Angebot\",\"item\":\"https:\\\/\\\/centerdent.ch\\\/de\\\/angebot\\\/\"},{\"@type\":\"ListItem\",\"position\":3,\"name\":\"PRGF \\\/ Endoret \u00a9 &#8211; Behandlung\"}]},{\"@type\":\"WebSite\",\"@id\":\"https:\\\/\\\/centerdent.ch\\\/de\\\/#website\",\"url\":\"https:\\\/\\\/centerdent.ch\\\/de\\\/\",\"name\":\"Centerdent\",\"description\":\"Ihr Zahnarzt in Z\u00fcrich Sihlcity\",\"potentialAction\":[{\"@type\":\"SearchAction\",\"target\":{\"@type\":\"EntryPoint\",\"urlTemplate\":\"https:\\\/\\\/centerdent.ch\\\/de\\\/?s={search_term_string}\"},\"query-input\":{\"@type\":\"PropertyValueSpecification\",\"valueRequired\":true,\"valueName\":\"search_term_string\"}}],\"inLanguage\":\"de\"}]}<\/script>\n<!-- \/ Yoast SEO plugin. -->","yoast_head_json":{"title":"Centerdent | PRGF \/ Endoret \u00a9 - Behandlung","robots":{"index":"index","follow":"follow","max-snippet":"max-snippet:-1","max-image-preview":"max-image-preview:large","max-video-preview":"max-video-preview:-1"},"canonical":"https:\/\/centerdent.ch\/de\/angebot\/prgf-behandlung-in-der-zahnmedizin\/","og_locale":"de_DE","og_type":"article","og_title":"Centerdent | PRGF \/ Endoret \u00a9 - Behandlung","og_url":"https:\/\/centerdent.ch\/de\/angebot\/prgf-behandlung-in-der-zahnmedizin\/","og_site_name":"Centerdent","article_modified_time":"2026-01-22T11:01:06+00:00","og_image":[{"width":2560,"height":995,"url":"https:\/\/centerdent.ch\/wp-content\/uploads\/2023\/11\/defaultbanner-scaled.webp","type":"image\/webp"}],"twitter_card":"summary_large_image","twitter_misc":{"Gesch\u00e4tzte Lesezeit":"3\u00a0Minuten"},"schema":{"@context":"https:\/\/schema.org","@graph":[{"@type":"WebPage","@id":"https:\/\/centerdent.ch\/de\/angebot\/prgf-behandlung-in-der-zahnmedizin\/","url":"https:\/\/centerdent.ch\/de\/angebot\/prgf-behandlung-in-der-zahnmedizin\/","name":"Centerdent | PRGF \/ Endoret \u00a9 - Behandlung","isPartOf":{"@id":"https:\/\/centerdent.ch\/de\/#website"},"primaryImageOfPage":{"@id":"https:\/\/centerdent.ch\/de\/angebot\/prgf-behandlung-in-der-zahnmedizin\/#primaryimage"},"image":{"@id":"https:\/\/centerdent.ch\/de\/angebot\/prgf-behandlung-in-der-zahnmedizin\/#primaryimage"},"thumbnailUrl":"https:\/\/centerdent.ch\/wp-content\/uploads\/2023\/11\/defaultbanner-scaled.webp","datePublished":"2024-05-07T08:55:21+00:00","dateModified":"2026-01-22T11:01:06+00:00","breadcrumb":{"@id":"https:\/\/centerdent.ch\/de\/angebot\/prgf-behandlung-in-der-zahnmedizin\/#breadcrumb"},"inLanguage":"de","potentialAction":[{"@type":"ReadAction","target":["https:\/\/centerdent.ch\/de\/angebot\/prgf-behandlung-in-der-zahnmedizin\/"]}]},{"@type":"ImageObject","inLanguage":"de","@id":"https:\/\/centerdent.ch\/de\/angebot\/prgf-behandlung-in-der-zahnmedizin\/#primaryimage","url":"https:\/\/centerdent.ch\/wp-content\/uploads\/2023\/11\/defaultbanner-scaled.webp","contentUrl":"https:\/\/centerdent.ch\/wp-content\/uploads\/2023\/11\/defaultbanner-scaled.webp","width":2560,"height":995},{"@type":"BreadcrumbList","@id":"https:\/\/centerdent.ch\/de\/angebot\/prgf-behandlung-in-der-zahnmedizin\/#breadcrumb","itemListElement":[{"@type":"ListItem","position":1,"name":"Home","item":"https:\/\/centerdent.ch\/de\/"},{"@type":"ListItem","position":2,"name":"Angebot","item":"https:\/\/centerdent.ch\/de\/angebot\/"},{"@type":"ListItem","position":3,"name":"PRGF \/ Endoret \u00a9 &#8211; Behandlung"}]},{"@type":"WebSite","@id":"https:\/\/centerdent.ch\/de\/#website","url":"https:\/\/centerdent.ch\/de\/","name":"Centerdent","description":"Ihr Zahnarzt in Z\u00fcrich Sihlcity","potentialAction":[{"@type":"SearchAction","target":{"@type":"EntryPoint","urlTemplate":"https:\/\/centerdent.ch\/de\/?s={search_term_string}"},"query-input":{"@type":"PropertyValueSpecification","valueRequired":true,"valueName":"search_term_string"}}],"inLanguage":"de"}]}},"_links":{"self":[{"href":"https:\/\/centerdent.ch\/de\/wp-json\/wp\/v2\/pages\/3157","targetHints":{"allow":["GET"]}}],"collection":[{"href":"https:\/\/centerdent.ch\/de\/wp-json\/wp\/v2\/pages"}],"about":[{"href":"https:\/\/centerdent.ch\/de\/wp-json\/wp\/v2\/types\/page"}],"author":[{"embeddable":true,"href":"https:\/\/centerdent.ch\/de\/wp-json\/wp\/v2\/users\/1"}],"replies":[{"embeddable":true,"href":"https:\/\/centerdent.ch\/de\/wp-json\/wp\/v2\/comments?post=3157"}],"version-history":[{"count":11,"href":"https:\/\/centerdent.ch\/de\/wp-json\/wp\/v2\/pages\/3157\/revisions"}],"predecessor-version":[{"id":3706,"href":"https:\/\/centerdent.ch\/de\/wp-json\/wp\/v2\/pages\/3157\/revisions\/3706"}],"up":[{"embeddable":true,"href":"https:\/\/centerdent.ch\/de\/wp-json\/wp\/v2\/pages\/925"}],"wp:featuredmedia":[{"embeddable":true,"href":"https:\/\/centerdent.ch\/de\/wp-json\/wp\/v2\/media\/1248"}],"wp:attachment":[{"href":"https:\/\/centerdent.ch\/de\/wp-json\/wp\/v2\/media?parent=3157"}],"curies":[{"name":"wp","href":"https:\/\/api.w.org\/{rel}","templated":true}]}}