{"id":923,"date":"2023-11-01T10:09:04","date_gmt":"2023-11-01T10:09:04","guid":{"rendered":"https:\/\/centerdent.ch\/?page_id=923"},"modified":"2023-11-30T12:34:00","modified_gmt":"2023-11-30T12:34:00","slug":"praxis","status":"publish","type":"page","link":"https:\/\/centerdent.ch\/de\/praxis\/","title":{"rendered":"Praxis"},"content":{"rendered":"<div class=\"fusion-fullwidth fullwidth-box fusion-builder-row-1 fusion-flex-container has-pattern-background has-mask-background nonhundred-percent-fullwidth non-hundred-percent-height-scrolling\" style=\"--awb-border-radius-top-left:0px;--awb-border-radius-top-right:0px;--awb-border-radius-bottom-right:0px;--awb-border-radius-bottom-left:0px;--awb-padding-bottom:50px;--awb-padding-right-small:20px;--awb-padding-left-small:20px;--awb-flex-wrap:wrap;\" ><div class=\"fusion-builder-row fusion-row fusion-flex-align-items-flex-start fusion-flex-content-wrap\" style=\"max-width:1721.2px;margin-left: calc(-4% \/ 2 );margin-right: calc(-4% \/ 2 );\"><div class=\"fusion-layout-column fusion_builder_column fusion-builder-column-0 fusion_builder_column_1_2 1_2 fusion-flex-column\" style=\"--awb-bg-size:cover;--awb-width-large:50%;--awb-margin-top-large:0px;--awb-spacing-right-large:3.84%;--awb-margin-bottom-large:20px;--awb-spacing-left-large:3.84%;--awb-width-medium:100%;--awb-order-medium:0;--awb-spacing-right-medium:1.92%;--awb-spacing-left-medium:1.92%;--awb-width-small:100%;--awb-order-small:0;--awb-spacing-right-small:1.92%;--awb-spacing-left-small:1.92%;\"><div class=\"fusion-column-wrapper fusion-column-has-shadow fusion-flex-justify-content-flex-start fusion-content-layout-column\"><div class=\"fusion-title title fusion-title-1 fusion-sep-none fusion-title-text fusion-title-size-two\"><h2 class=\"fusion-title-heading title-heading-left fusion-responsive-typography-calculated\" style=\"margin:0;text-transform:none;--fontSize:42;line-height:1.2;\">Zahnarztpraxis in Z\u00fcrich<\/h2><\/div><div class=\"fusion-text fusion-text-1\"><p>Unsere Zahnarztpraxis\u200b in Z\u00fcrich Sihlcity ist mit modernster Infrastruktur ausgestattet. Kommen Sie vorbei und lassen Sie sich beraten. Die unten stehenden Photos zeigen Ihnen die attraktiven Praxisr\u00e4umlichkeiten und die sch\u00f6ne Umgebung in mitten von Z\u00fcrich Sihlcity (Z\u00fcrich Kreis 2\/3, in der N\u00e4he von Wiedikon und Enge).<\/p>\n<div>\n<div class=\"gallery\"><\/div>\n<\/div>\n<\/div><div style=\"text-align:left;\"><a class=\"fusion-button button-flat fusion-button-default-size button-default fusion-button-default button-1 fusion-button-span-no fusion-button-default-type\" target=\"_self\" href=\"https:\/\/centerdent.ch\/angebot\/\"><span class=\"fusion-button-text awb-button__text awb-button__text--default\">Unsere Angebote<\/span><\/a><\/div><\/div><\/div><div class=\"fusion-layout-column fusion_builder_column fusion-builder-column-1 fusion_builder_column_1_2 1_2 fusion-flex-column\" style=\"--awb-bg-size:cover;--awb-width-large:50%;--awb-margin-top-large:0px;--awb-spacing-right-large:3.84%;--awb-margin-bottom-large:20px;--awb-spacing-left-large:3.84%;--awb-width-medium:100%;--awb-order-medium:0;--awb-spacing-right-medium:1.92%;--awb-spacing-left-medium:1.92%;--awb-width-small:100%;--awb-order-small:0;--awb-spacing-right-small:1.92%;--awb-spacing-left-small:1.92%;\"><div class=\"fusion-column-wrapper fusion-column-has-shadow fusion-flex-justify-content-flex-start fusion-content-layout-column\"><div class=\"awb-gallery-wrapper awb-gallery-wrapper-1 button-span-no\" style=\"--more-btn-alignment:center;\"><div style=\"margin:-5px;--awb-bordersize:0px;\" class=\"fusion-gallery fusion-gallery-container fusion-grid-3 fusion-columns-total-5 fusion-gallery-layout-grid fusion-gallery-1\"><div style=\"padding:5px;\" class=\"fusion-grid-column fusion-gallery-column fusion-gallery-column-3 hover-type-zoomin\"><div class=\"fusion-gallery-image\"><a href=\"https:\/\/centerdent.ch\/wp-content\/uploads\/2023\/11\/centerdent_print_L2764573.jpg\" rel=\"noreferrer\" data-rel=\"iLightbox[gallery_image_1]\" class=\"fusion-lightbox\" target=\"_self\"><img decoding=\"async\" src=\"https:\/\/centerdent.ch\/wp-content\/uploads\/2023\/11\/centerdent_print_L2764573.jpg\" data-orig-src=\"https:\/\/centerdent.ch\/wp-content\/uploads\/2023\/11\/centerdent_print_L2764573.jpg\" width=\"1000\" height=\"468\" alt=\"\" title=\"centerdent_print_L2764573\" aria-label=\"centerdent_print_L2764573\" class=\"lazyload img-responsive wp-image-1134\" srcset=\"data:image\/svg+xml,%3Csvg%20xmlns%3D%27http%3A%2F%2Fwww.w3.org%2F2000%2Fsvg%27%20width%3D%271000%27%20height%3D%27468%27%20viewBox%3D%270%200%201000%20468%27%3E%3Crect%20width%3D%271000%27%20height%3D%27468%27%20fill-opacity%3D%220%22%2F%3E%3C%2Fsvg%3E\" data-srcset=\"https:\/\/centerdent.ch\/wp-content\/uploads\/2023\/11\/centerdent_print_L2764573-200x94.jpg 200w, https:\/\/centerdent.ch\/wp-content\/uploads\/2023\/11\/centerdent_print_L2764573-400x187.jpg 400w, https:\/\/centerdent.ch\/wp-content\/uploads\/2023\/11\/centerdent_print_L2764573-600x281.jpg 600w, https:\/\/centerdent.ch\/wp-content\/uploads\/2023\/11\/centerdent_print_L2764573-800x374.jpg 800w, https:\/\/centerdent.ch\/wp-content\/uploads\/2023\/11\/centerdent_print_L2764573.jpg 1000w\" data-sizes=\"auto\" data-orig-sizes=\"(min-width: 2200px) 100vw, (min-width: 784px) 548px, (min-width: 712px) 784px, (min-width: 640px) 712px, \" \/><\/a><\/div><\/div><div style=\"padding:5px;\" class=\"fusion-grid-column fusion-gallery-column fusion-gallery-column-3 hover-type-zoomin\"><div class=\"fusion-gallery-image\"><a href=\"https:\/\/centerdent.ch\/wp-content\/uploads\/2023\/11\/centerdent_print_L2764822-1.jpg\" rel=\"noreferrer\" data-rel=\"iLightbox[gallery_image_1]\" class=\"fusion-lightbox\" target=\"_self\"><img decoding=\"async\" src=\"https:\/\/centerdent.ch\/wp-content\/uploads\/2023\/11\/centerdent_print_L2764822-1.jpg\" data-orig-src=\"https:\/\/centerdent.ch\/wp-content\/uploads\/2023\/11\/centerdent_print_L2764822-1.jpg\" width=\"867\" height=\"698\" alt=\"\" title=\"centerdent_print_L2764822\" aria-label=\"centerdent_print_L2764822\" class=\"lazyload img-responsive wp-image-1135\" srcset=\"data:image\/svg+xml,%3Csvg%20xmlns%3D%27http%3A%2F%2Fwww.w3.org%2F2000%2Fsvg%27%20width%3D%27867%27%20height%3D%27698%27%20viewBox%3D%270%200%20867%20698%27%3E%3Crect%20width%3D%27867%27%20height%3D%27698%27%20fill-opacity%3D%220%22%2F%3E%3C%2Fsvg%3E\" data-srcset=\"https:\/\/centerdent.ch\/wp-content\/uploads\/2023\/11\/centerdent_print_L2764822-1-200x161.jpg 200w, https:\/\/centerdent.ch\/wp-content\/uploads\/2023\/11\/centerdent_print_L2764822-1-400x322.jpg 400w, https:\/\/centerdent.ch\/wp-content\/uploads\/2023\/11\/centerdent_print_L2764822-1-600x483.jpg 600w, https:\/\/centerdent.ch\/wp-content\/uploads\/2023\/11\/centerdent_print_L2764822-1-800x644.jpg 800w, https:\/\/centerdent.ch\/wp-content\/uploads\/2023\/11\/centerdent_print_L2764822-1.jpg 867w\" data-sizes=\"auto\" data-orig-sizes=\"(min-width: 2200px) 100vw, (min-width: 784px) 548px, (min-width: 712px) 784px, (min-width: 640px) 712px, \" \/><\/a><\/div><\/div><div style=\"padding:5px;\" class=\"fusion-grid-column fusion-gallery-column fusion-gallery-column-3 hover-type-zoomin\"><div class=\"fusion-gallery-image\"><a href=\"https:\/\/centerdent.ch\/wp-content\/uploads\/2023\/11\/centerdent_print_L2764873.jpg\" rel=\"noreferrer\" data-rel=\"iLightbox[gallery_image_1]\" class=\"fusion-lightbox\" target=\"_self\"><img decoding=\"async\" src=\"https:\/\/centerdent.ch\/wp-content\/uploads\/2023\/11\/centerdent_print_L2764873.jpg\" data-orig-src=\"https:\/\/centerdent.ch\/wp-content\/uploads\/2023\/11\/centerdent_print_L2764873.jpg\" width=\"1000\" height=\"588\" alt=\"\" title=\"centerdent_print_L2764873\" aria-label=\"centerdent_print_L2764873\" class=\"lazyload img-responsive wp-image-1136\" srcset=\"data:image\/svg+xml,%3Csvg%20xmlns%3D%27http%3A%2F%2Fwww.w3.org%2F2000%2Fsvg%27%20width%3D%271000%27%20height%3D%27588%27%20viewBox%3D%270%200%201000%20588%27%3E%3Crect%20width%3D%271000%27%20height%3D%27588%27%20fill-opacity%3D%220%22%2F%3E%3C%2Fsvg%3E\" data-srcset=\"https:\/\/centerdent.ch\/wp-content\/uploads\/2023\/11\/centerdent_print_L2764873-200x118.jpg 200w, https:\/\/centerdent.ch\/wp-content\/uploads\/2023\/11\/centerdent_print_L2764873-400x235.jpg 400w, https:\/\/centerdent.ch\/wp-content\/uploads\/2023\/11\/centerdent_print_L2764873-600x353.jpg 600w, https:\/\/centerdent.ch\/wp-content\/uploads\/2023\/11\/centerdent_print_L2764873-800x470.jpg 800w, https:\/\/centerdent.ch\/wp-content\/uploads\/2023\/11\/centerdent_print_L2764873.jpg 1000w\" data-sizes=\"auto\" data-orig-sizes=\"(min-width: 2200px) 100vw, (min-width: 784px) 548px, (min-width: 712px) 784px, (min-width: 640px) 712px, \" \/><\/a><\/div><\/div><div class=\"clearfix\"><\/div><div style=\"padding:5px;\" class=\"fusion-grid-column fusion-gallery-column fusion-gallery-column-3 hover-type-zoomin\"><div class=\"fusion-gallery-image\"><a href=\"https:\/\/centerdent.ch\/wp-content\/uploads\/2023\/11\/centerdentzimmer-1.jpg\" rel=\"noreferrer\" data-rel=\"iLightbox[gallery_image_1]\" class=\"fusion-lightbox\" target=\"_self\"><img decoding=\"async\" src=\"https:\/\/centerdent.ch\/wp-content\/uploads\/2023\/11\/centerdentzimmer-1.jpg\" data-orig-src=\"https:\/\/centerdent.ch\/wp-content\/uploads\/2023\/11\/centerdentzimmer-1.jpg\" width=\"795\" height=\"704\" alt=\"\" title=\"centerdentzimmer\" aria-label=\"centerdentzimmer\" class=\"lazyload img-responsive wp-image-1137\" srcset=\"data:image\/svg+xml,%3Csvg%20xmlns%3D%27http%3A%2F%2Fwww.w3.org%2F2000%2Fsvg%27%20width%3D%27795%27%20height%3D%27704%27%20viewBox%3D%270%200%20795%20704%27%3E%3Crect%20width%3D%27795%27%20height%3D%27704%27%20fill-opacity%3D%220%22%2F%3E%3C%2Fsvg%3E\" data-srcset=\"https:\/\/centerdent.ch\/wp-content\/uploads\/2023\/11\/centerdentzimmer-1-200x177.jpg 200w, https:\/\/centerdent.ch\/wp-content\/uploads\/2023\/11\/centerdentzimmer-1-400x354.jpg 400w, https:\/\/centerdent.ch\/wp-content\/uploads\/2023\/11\/centerdentzimmer-1-600x531.jpg 600w, https:\/\/centerdent.ch\/wp-content\/uploads\/2023\/11\/centerdentzimmer-1.jpg 795w\" data-sizes=\"auto\" data-orig-sizes=\"(min-width: 2200px) 100vw, (min-width: 784px) 548px, (min-width: 712px) 784px, (min-width: 640px) 712px, \" \/><\/a><\/div><\/div><div style=\"padding:5px;\" class=\"fusion-grid-column fusion-gallery-column fusion-gallery-column-3 hover-type-zoomin\"><div class=\"fusion-gallery-image\"><a href=\"https:\/\/centerdent.ch\/wp-content\/uploads\/2023\/11\/GH15076_fremd.jpg\" rel=\"noreferrer\" data-rel=\"iLightbox[gallery_image_1]\" class=\"fusion-lightbox\" target=\"_self\"><img decoding=\"async\" src=\"https:\/\/centerdent.ch\/wp-content\/uploads\/2023\/11\/GH15076_fremd.jpg\" data-orig-src=\"https:\/\/centerdent.ch\/wp-content\/uploads\/2023\/11\/GH15076_fremd.jpg\" width=\"1000\" height=\"566\" alt=\"\" title=\"GH15076_fremd\" aria-label=\"GH15076_fremd\" class=\"lazyload img-responsive wp-image-1138\" srcset=\"data:image\/svg+xml,%3Csvg%20xmlns%3D%27http%3A%2F%2Fwww.w3.org%2F2000%2Fsvg%27%20width%3D%271000%27%20height%3D%27566%27%20viewBox%3D%270%200%201000%20566%27%3E%3Crect%20width%3D%271000%27%20height%3D%27566%27%20fill-opacity%3D%220%22%2F%3E%3C%2Fsvg%3E\" data-srcset=\"https:\/\/centerdent.ch\/wp-content\/uploads\/2023\/11\/GH15076_fremd-200x113.jpg 200w, https:\/\/centerdent.ch\/wp-content\/uploads\/2023\/11\/GH15076_fremd-400x226.jpg 400w, https:\/\/centerdent.ch\/wp-content\/uploads\/2023\/11\/GH15076_fremd-600x340.jpg 600w, https:\/\/centerdent.ch\/wp-content\/uploads\/2023\/11\/GH15076_fremd-800x453.jpg 800w, https:\/\/centerdent.ch\/wp-content\/uploads\/2023\/11\/GH15076_fremd.jpg 1000w\" data-sizes=\"auto\" data-orig-sizes=\"(min-width: 2200px) 100vw, (min-width: 784px) 548px, (min-width: 712px) 784px, (min-width: 640px) 712px, \" \/><\/a><\/div><\/div><\/div><\/div><\/div><\/div><\/div><\/div>\n","protected":false},"excerpt":{"rendered":"","protected":false},"author":1,"featured_media":1248,"parent":0,"menu_order":0,"comment_status":"closed","ping_status":"closed","template":"100-width.php","meta":{"footnotes":""},"class_list":["post-923","page","type-page","status-publish","has-post-thumbnail","hentry"],"yoast_head":"<!-- This site is optimized with the Yoast SEO plugin v27.4 - https:\/\/yoast.com\/product\/yoast-seo-wordpress\/ -->\n<title>Centerdent | Zahnarztpraxis in Z\u00fcrich Kreis 2\/3, in der N\u00e4he von Wiedikon und Enge<\/title>\n<meta name=\"description\" content=\"Unsere Zahnarztzentrum in Z\u00fcrich Sihlcity (Kreis 2\/3, in der N\u00e4he von Wiedikon &amp; Enge) ist mit modernster Infrastruktur ausgestattet. Kommen Sie vorbei und lassen Sie sich beraten.\" \/>\n<meta name=\"robots\" content=\"index, follow, max-snippet:-1, max-image-preview:large, max-video-preview:-1\" \/>\n<link rel=\"canonical\" href=\"https:\/\/centerdent.ch\/de\/praxis\/\" \/>\n<meta property=\"og:locale\" content=\"de_DE\" \/>\n<meta property=\"og:type\" content=\"article\" \/>\n<meta property=\"og:title\" content=\"Centerdent | Zahnarztpraxis in Z\u00fcrich Kreis 2\/3, in der N\u00e4he von Wiedikon und Enge\" \/>\n<meta property=\"og:description\" content=\"Unsere Zahnarztzentrum in Z\u00fcrich Sihlcity (Kreis 2\/3, in der N\u00e4he von Wiedikon &amp; Enge) ist mit modernster Infrastruktur ausgestattet. Kommen Sie vorbei und lassen Sie sich beraten.\" \/>\n<meta property=\"og:url\" content=\"https:\/\/centerdent.ch\/de\/praxis\/\" \/>\n<meta property=\"og:site_name\" content=\"Centerdent\" \/>\n<meta property=\"article:modified_time\" content=\"2023-11-30T12:34:00+00:00\" \/>\n<meta property=\"og:image\" content=\"https:\/\/centerdent.ch\/wp-content\/uploads\/2023\/11\/defaultbanner-scaled.webp\" \/>\n\t<meta property=\"og:image:width\" content=\"2560\" \/>\n\t<meta property=\"og:image:height\" content=\"995\" \/>\n\t<meta property=\"og:image:type\" content=\"image\/webp\" \/>\n<meta name=\"twitter:card\" content=\"summary_large_image\" \/>\n<meta name=\"twitter:label1\" content=\"Gesch\u00e4tzte Lesezeit\" \/>\n\t<meta name=\"twitter:data1\" content=\"3\u00a0Minuten\" \/>\n<script type=\"application\/ld+json\" class=\"yoast-schema-graph\">{\"@context\":\"https:\\\/\\\/schema.org\",\"@graph\":[{\"@type\":\"WebPage\",\"@id\":\"https:\\\/\\\/centerdent.ch\\\/de\\\/praxis\\\/\",\"url\":\"https:\\\/\\\/centerdent.ch\\\/de\\\/praxis\\\/\",\"name\":\"Centerdent | Zahnarztpraxis in Z\u00fcrich Kreis 2\\\/3, in der N\u00e4he von Wiedikon und Enge\",\"isPartOf\":{\"@id\":\"https:\\\/\\\/centerdent.ch\\\/de\\\/#website\"},\"primaryImageOfPage\":{\"@id\":\"https:\\\/\\\/centerdent.ch\\\/de\\\/praxis\\\/#primaryimage\"},\"image\":{\"@id\":\"https:\\\/\\\/centerdent.ch\\\/de\\\/praxis\\\/#primaryimage\"},\"thumbnailUrl\":\"https:\\\/\\\/centerdent.ch\\\/wp-content\\\/uploads\\\/2023\\\/11\\\/defaultbanner-scaled.webp\",\"datePublished\":\"2023-11-01T10:09:04+00:00\",\"dateModified\":\"2023-11-30T12:34:00+00:00\",\"description\":\"Unsere Zahnarztzentrum in Z\u00fcrich Sihlcity (Kreis 2\\\/3, in der N\u00e4he von Wiedikon & Enge) ist mit modernster Infrastruktur ausgestattet. Kommen Sie vorbei und lassen Sie sich beraten.\",\"breadcrumb\":{\"@id\":\"https:\\\/\\\/centerdent.ch\\\/de\\\/praxis\\\/#breadcrumb\"},\"inLanguage\":\"de\",\"potentialAction\":[{\"@type\":\"ReadAction\",\"target\":[\"https:\\\/\\\/centerdent.ch\\\/de\\\/praxis\\\/\"]}]},{\"@type\":\"ImageObject\",\"inLanguage\":\"de\",\"@id\":\"https:\\\/\\\/centerdent.ch\\\/de\\\/praxis\\\/#primaryimage\",\"url\":\"https:\\\/\\\/centerdent.ch\\\/wp-content\\\/uploads\\\/2023\\\/11\\\/defaultbanner-scaled.webp\",\"contentUrl\":\"https:\\\/\\\/centerdent.ch\\\/wp-content\\\/uploads\\\/2023\\\/11\\\/defaultbanner-scaled.webp\",\"width\":2560,\"height\":995},{\"@type\":\"BreadcrumbList\",\"@id\":\"https:\\\/\\\/centerdent.ch\\\/de\\\/praxis\\\/#breadcrumb\",\"itemListElement\":[{\"@type\":\"ListItem\",\"position\":1,\"name\":\"Home\",\"item\":\"https:\\\/\\\/centerdent.ch\\\/de\\\/\"},{\"@type\":\"ListItem\",\"position\":2,\"name\":\"Praxis\"}]},{\"@type\":\"WebSite\",\"@id\":\"https:\\\/\\\/centerdent.ch\\\/de\\\/#website\",\"url\":\"https:\\\/\\\/centerdent.ch\\\/de\\\/\",\"name\":\"Centerdent\",\"description\":\"Ihr Zahnarzt in Z\u00fcrich Sihlcity\",\"potentialAction\":[{\"@type\":\"SearchAction\",\"target\":{\"@type\":\"EntryPoint\",\"urlTemplate\":\"https:\\\/\\\/centerdent.ch\\\/de\\\/?s={search_term_string}\"},\"query-input\":{\"@type\":\"PropertyValueSpecification\",\"valueRequired\":true,\"valueName\":\"search_term_string\"}}],\"inLanguage\":\"de\"}]}<\/script>\n<!-- \/ Yoast SEO plugin. -->","yoast_head_json":{"title":"Centerdent | Zahnarztpraxis in Z\u00fcrich Kreis 2\/3, in der N\u00e4he von Wiedikon und Enge","description":"Unsere Zahnarztzentrum in Z\u00fcrich Sihlcity (Kreis 2\/3, in der N\u00e4he von Wiedikon & Enge) ist mit modernster Infrastruktur ausgestattet. Kommen Sie vorbei und lassen Sie sich beraten.","robots":{"index":"index","follow":"follow","max-snippet":"max-snippet:-1","max-image-preview":"max-image-preview:large","max-video-preview":"max-video-preview:-1"},"canonical":"https:\/\/centerdent.ch\/de\/praxis\/","og_locale":"de_DE","og_type":"article","og_title":"Centerdent | Zahnarztpraxis in Z\u00fcrich Kreis 2\/3, in der N\u00e4he von Wiedikon und Enge","og_description":"Unsere Zahnarztzentrum in Z\u00fcrich Sihlcity (Kreis 2\/3, in der N\u00e4he von Wiedikon & Enge) ist mit modernster Infrastruktur ausgestattet. Kommen Sie vorbei und lassen Sie sich beraten.","og_url":"https:\/\/centerdent.ch\/de\/praxis\/","og_site_name":"Centerdent","article_modified_time":"2023-11-30T12:34:00+00:00","og_image":[{"width":2560,"height":995,"url":"https:\/\/centerdent.ch\/wp-content\/uploads\/2023\/11\/defaultbanner-scaled.webp","type":"image\/webp"}],"twitter_card":"summary_large_image","twitter_misc":{"Gesch\u00e4tzte Lesezeit":"3\u00a0Minuten"},"schema":{"@context":"https:\/\/schema.org","@graph":[{"@type":"WebPage","@id":"https:\/\/centerdent.ch\/de\/praxis\/","url":"https:\/\/centerdent.ch\/de\/praxis\/","name":"Centerdent | Zahnarztpraxis in Z\u00fcrich Kreis 2\/3, in der N\u00e4he von Wiedikon und Enge","isPartOf":{"@id":"https:\/\/centerdent.ch\/de\/#website"},"primaryImageOfPage":{"@id":"https:\/\/centerdent.ch\/de\/praxis\/#primaryimage"},"image":{"@id":"https:\/\/centerdent.ch\/de\/praxis\/#primaryimage"},"thumbnailUrl":"https:\/\/centerdent.ch\/wp-content\/uploads\/2023\/11\/defaultbanner-scaled.webp","datePublished":"2023-11-01T10:09:04+00:00","dateModified":"2023-11-30T12:34:00+00:00","description":"Unsere Zahnarztzentrum in Z\u00fcrich Sihlcity (Kreis 2\/3, in der N\u00e4he von Wiedikon & Enge) ist mit modernster Infrastruktur ausgestattet. Kommen Sie vorbei und lassen Sie sich beraten.","breadcrumb":{"@id":"https:\/\/centerdent.ch\/de\/praxis\/#breadcrumb"},"inLanguage":"de","potentialAction":[{"@type":"ReadAction","target":["https:\/\/centerdent.ch\/de\/praxis\/"]}]},{"@type":"ImageObject","inLanguage":"de","@id":"https:\/\/centerdent.ch\/de\/praxis\/#primaryimage","url":"https:\/\/centerdent.ch\/wp-content\/uploads\/2023\/11\/defaultbanner-scaled.webp","contentUrl":"https:\/\/centerdent.ch\/wp-content\/uploads\/2023\/11\/defaultbanner-scaled.webp","width":2560,"height":995},{"@type":"BreadcrumbList","@id":"https:\/\/centerdent.ch\/de\/praxis\/#breadcrumb","itemListElement":[{"@type":"ListItem","position":1,"name":"Home","item":"https:\/\/centerdent.ch\/de\/"},{"@type":"ListItem","position":2,"name":"Praxis"}]},{"@type":"WebSite","@id":"https:\/\/centerdent.ch\/de\/#website","url":"https:\/\/centerdent.ch\/de\/","name":"Centerdent","description":"Ihr Zahnarzt in Z\u00fcrich Sihlcity","potentialAction":[{"@type":"SearchAction","target":{"@type":"EntryPoint","urlTemplate":"https:\/\/centerdent.ch\/de\/?s={search_term_string}"},"query-input":{"@type":"PropertyValueSpecification","valueRequired":true,"valueName":"search_term_string"}}],"inLanguage":"de"}]}},"_links":{"self":[{"href":"https:\/\/centerdent.ch\/de\/wp-json\/wp\/v2\/pages\/923","targetHints":{"allow":["GET"]}}],"collection":[{"href":"https:\/\/centerdent.ch\/de\/wp-json\/wp\/v2\/pages"}],"about":[{"href":"https:\/\/centerdent.ch\/de\/wp-json\/wp\/v2\/types\/page"}],"author":[{"embeddable":true,"href":"https:\/\/centerdent.ch\/de\/wp-json\/wp\/v2\/users\/1"}],"replies":[{"embeddable":true,"href":"https:\/\/centerdent.ch\/de\/wp-json\/wp\/v2\/comments?post=923"}],"version-history":[{"count":15,"href":"https:\/\/centerdent.ch\/de\/wp-json\/wp\/v2\/pages\/923\/revisions"}],"predecessor-version":[{"id":2957,"href":"https:\/\/centerdent.ch\/de\/wp-json\/wp\/v2\/pages\/923\/revisions\/2957"}],"wp:featuredmedia":[{"embeddable":true,"href":"https:\/\/centerdent.ch\/de\/wp-json\/wp\/v2\/media\/1248"}],"wp:attachment":[{"href":"https:\/\/centerdent.ch\/de\/wp-json\/wp\/v2\/media?parent=923"}],"curies":[{"name":"wp","href":"https:\/\/api.w.org\/{rel}","templated":true}]}}