{"id":927,"date":"2023-11-01T10:09:39","date_gmt":"2023-11-01T10:09:39","guid":{"rendered":"https:\/\/centerdent.ch\/?page_id=927"},"modified":"2024-03-01T09:01:33","modified_gmt":"2024-03-01T09:01:33","slug":"termin","status":"publish","type":"page","link":"https:\/\/centerdent.ch\/de\/termin\/","title":{"rendered":"Termin"},"content":{"rendered":"<div class=\"fusion-fullwidth fullwidth-box fusion-builder-row-1 fusion-flex-container has-pattern-background has-mask-background nonhundred-percent-fullwidth non-hundred-percent-height-scrolling\" style=\"--awb-border-radius-top-left:0px;--awb-border-radius-top-right:0px;--awb-border-radius-bottom-right:0px;--awb-border-radius-bottom-left:0px;--awb-padding-bottom:50px;--awb-padding-right-small:20px;--awb-padding-bottom-small:19px;--awb-padding-left-small:20px;--awb-flex-wrap:wrap;\" ><div class=\"fusion-builder-row fusion-row fusion-flex-align-items-flex-start fusion-flex-content-wrap\" style=\"max-width:1721.2px;margin-left: calc(-4% \/ 2 );margin-right: calc(-4% \/ 2 );\"><div class=\"fusion-layout-column fusion_builder_column fusion-builder-column-0 fusion_builder_column_1_2 1_2 fusion-flex-column\" style=\"--awb-bg-size:cover;--awb-width-large:50%;--awb-margin-top-large:0px;--awb-spacing-right-large:3.84%;--awb-margin-bottom-large:20px;--awb-spacing-left-large:3.84%;--awb-width-medium:100%;--awb-order-medium:0;--awb-spacing-right-medium:1.92%;--awb-spacing-left-medium:1.92%;--awb-width-small:100%;--awb-order-small:0;--awb-spacing-right-small:1.92%;--awb-spacing-left-small:1.92%;\"><div class=\"fusion-column-wrapper fusion-column-has-shadow fusion-flex-justify-content-flex-start fusion-content-layout-column\"><div class=\"fusion-title title fusion-title-1 fusion-sep-none fusion-title-text fusion-title-size-two\"><h2 class=\"fusion-title-heading title-heading-left fusion-responsive-typography-calculated\" style=\"margin:0;text-transform:none;--fontSize:42;line-height:1.2;\">Herzlich Willkommen bei unserem online Terminkalender.<\/h2><\/div><div class=\"fusion-separator\" style=\"align-self: flex-start;margin-right:auto;margin-bottom:30px;width:100%;max-width:20%;\"><div class=\"fusion-separator-border sep-single sep-solid\" style=\"--awb-height:20px;--awb-amount:20px;border-color:var(--awb-color6);border-top-width:4px;\"><\/div><\/div><div class=\"fusion-text fusion-text-1\"><p>Dieser Dienst steht Ihnen 24 Stunden, 365 Tage im Jahr zu Verf\u00fcgung. Suchen Sie einen Termin f\u00fcr die Dentalhygiene, f\u00fcr ein Bleaching, f\u00fcr eine Kontrolluntersuchung oder Besprechung bei einem unserer Zahn\u00e4rzte, so schauen Sie bequem nach, wann es noch freie Termine hat und tragen Sie sich einfach ein.<\/p>\n<p>Es handelt sich um eine verbindliche Terminabsprache. Im Verhinderungsfall bitten wir Sie sich 24 Stunden vorher abzumelden, da wir sonst die Sitzung verrechnen m\u00fcssen. Wir danken f\u00fcr Ihr Verst\u00e4ndnis. Wenn ein Termin den Sie gerne buchen w\u00fcrden mal schon belegt ist, z\u00f6gern Sie nicht uns zu kontaktieren, wir finden eine L\u00f6sung.<\/p>\n<p><strong>Bevorzugen Sie eine telefonische Terminvereinbarung rufen Sie uns unter <\/strong><strong>044 342 44 44 jederzeit an<\/strong>.<\/p>\n<p>Wir empfangen auch gerne spontane Menschen. Sie k\u00f6nnen einfach in die Praxis kommen und wir bieten Ihnen unsere Dienste an.<\/p>\n<p><strong>Haben Sie Schmerzen oder handelt es sich um einen dringenden Notfall melden Sie sich bitte telefonisch bei uns, so k\u00f6nnen wir die richtigen Fragen stellen und Ihnen wichtige sofort Ratschl\u00e4ge geben.<\/strong><\/p>\n<\/div><\/div><\/div><div class=\"fusion-layout-column fusion_builder_column fusion-builder-column-1 fusion_builder_column_1_2 1_2 fusion-flex-column\" style=\"--awb-bg-size:cover;--awb-width-large:50%;--awb-margin-top-large:0px;--awb-spacing-right-large:3.84%;--awb-margin-bottom-large:20px;--awb-spacing-left-large:3.84%;--awb-width-medium:100%;--awb-order-medium:0;--awb-spacing-right-medium:1.92%;--awb-spacing-left-medium:1.92%;--awb-width-small:100%;--awb-order-small:0;--awb-spacing-right-small:1.92%;--awb-spacing-left-small:1.92%;\"><div class=\"fusion-column-wrapper fusion-column-has-shadow fusion-flex-justify-content-flex-start fusion-content-layout-column\"><iframe src=https:\/\/www.terminland.de\/tl-centerdent\/?mode=frame width=\"100%\" height=\"750\"\n\n  scrolling=\"auto\" marginwidth=\"0\" marginheight=\"0\" frameborder=\"0\" vspace=\"0\" hspace=\"0\">\n\n    <p>\n\n      Ihr Browser kann leider keine eingebetteten Frames anzeigen:\n\n      Sie k\u00f6nnen die Online-Terminbuchung \u00fcber den folgenden Verweis aufrufen:\n\n      <a href=https:\/\/www.terminland.de\/tl-centerdent\/>Online-Terminbuchung<\/a>\n\n    <\/p>\n\n<\/iframe><\/div><\/div><\/div><\/div>\n","protected":false},"excerpt":{"rendered":"","protected":false},"author":1,"featured_media":1248,"parent":0,"menu_order":0,"comment_status":"closed","ping_status":"closed","template":"100-width.php","meta":{"footnotes":""},"class_list":["post-927","page","type-page","status-publish","has-post-thumbnail","hentry"],"yoast_head":"<!-- This site is optimized with the Yoast SEO plugin v27.4 - https:\/\/yoast.com\/product\/yoast-seo-wordpress\/ -->\n<title>Centerdent | Zahnarzt-Termin in Z\u00fcrich Sihlcity<\/title>\n<meta name=\"description\" content=\"Buchen Sie bequem Ihren Termin online. Sie es zum Bleaching, Kontrolluntersuchung oder einer Beratung. Dieser Service steht Ihnen 24h, 365 Tagen im Jahr zur Verf\u00fcgung.\" \/>\n<meta name=\"robots\" content=\"index, follow, max-snippet:-1, max-image-preview:large, max-video-preview:-1\" \/>\n<link rel=\"canonical\" href=\"https:\/\/centerdent.ch\/de\/termin\/\" \/>\n<meta property=\"og:locale\" content=\"de_DE\" \/>\n<meta property=\"og:type\" content=\"article\" \/>\n<meta property=\"og:title\" content=\"Centerdent | Zahnarzt-Termin in Z\u00fcrich Sihlcity\" \/>\n<meta property=\"og:description\" content=\"Buchen Sie bequem Ihren Termin online. Sie es zum Bleaching, Kontrolluntersuchung oder einer Beratung. Dieser Service steht Ihnen 24h, 365 Tagen im Jahr zur Verf\u00fcgung.\" \/>\n<meta property=\"og:url\" content=\"https:\/\/centerdent.ch\/de\/termin\/\" \/>\n<meta property=\"og:site_name\" content=\"Centerdent\" \/>\n<meta property=\"article:modified_time\" content=\"2024-03-01T09:01:33+00:00\" \/>\n<meta property=\"og:image\" content=\"https:\/\/centerdent.ch\/wp-content\/uploads\/2023\/11\/defaultbanner-scaled.webp\" \/>\n\t<meta property=\"og:image:width\" content=\"2560\" \/>\n\t<meta property=\"og:image:height\" content=\"995\" \/>\n\t<meta property=\"og:image:type\" content=\"image\/webp\" \/>\n<meta name=\"twitter:card\" content=\"summary_large_image\" \/>\n<meta name=\"twitter:label1\" content=\"Gesch\u00e4tzte Lesezeit\" \/>\n\t<meta name=\"twitter:data1\" content=\"3\u00a0Minuten\" \/>\n<script type=\"application\/ld+json\" class=\"yoast-schema-graph\">{\"@context\":\"https:\\\/\\\/schema.org\",\"@graph\":[{\"@type\":\"WebPage\",\"@id\":\"https:\\\/\\\/centerdent.ch\\\/de\\\/termin\\\/\",\"url\":\"https:\\\/\\\/centerdent.ch\\\/de\\\/termin\\\/\",\"name\":\"Centerdent | Zahnarzt-Termin in Z\u00fcrich Sihlcity\",\"isPartOf\":{\"@id\":\"https:\\\/\\\/centerdent.ch\\\/de\\\/#website\"},\"primaryImageOfPage\":{\"@id\":\"https:\\\/\\\/centerdent.ch\\\/de\\\/termin\\\/#primaryimage\"},\"image\":{\"@id\":\"https:\\\/\\\/centerdent.ch\\\/de\\\/termin\\\/#primaryimage\"},\"thumbnailUrl\":\"https:\\\/\\\/centerdent.ch\\\/wp-content\\\/uploads\\\/2023\\\/11\\\/defaultbanner-scaled.webp\",\"datePublished\":\"2023-11-01T10:09:39+00:00\",\"dateModified\":\"2024-03-01T09:01:33+00:00\",\"description\":\"Buchen Sie bequem Ihren Termin online. Sie es zum Bleaching, Kontrolluntersuchung oder einer Beratung. Dieser Service steht Ihnen 24h, 365 Tagen im Jahr zur Verf\u00fcgung.\",\"breadcrumb\":{\"@id\":\"https:\\\/\\\/centerdent.ch\\\/de\\\/termin\\\/#breadcrumb\"},\"inLanguage\":\"de\",\"potentialAction\":[{\"@type\":\"ReadAction\",\"target\":[\"https:\\\/\\\/centerdent.ch\\\/de\\\/termin\\\/\"]}]},{\"@type\":\"ImageObject\",\"inLanguage\":\"de\",\"@id\":\"https:\\\/\\\/centerdent.ch\\\/de\\\/termin\\\/#primaryimage\",\"url\":\"https:\\\/\\\/centerdent.ch\\\/wp-content\\\/uploads\\\/2023\\\/11\\\/defaultbanner-scaled.webp\",\"contentUrl\":\"https:\\\/\\\/centerdent.ch\\\/wp-content\\\/uploads\\\/2023\\\/11\\\/defaultbanner-scaled.webp\",\"width\":2560,\"height\":995},{\"@type\":\"BreadcrumbList\",\"@id\":\"https:\\\/\\\/centerdent.ch\\\/de\\\/termin\\\/#breadcrumb\",\"itemListElement\":[{\"@type\":\"ListItem\",\"position\":1,\"name\":\"Home\",\"item\":\"https:\\\/\\\/centerdent.ch\\\/de\\\/\"},{\"@type\":\"ListItem\",\"position\":2,\"name\":\"Termin\"}]},{\"@type\":\"WebSite\",\"@id\":\"https:\\\/\\\/centerdent.ch\\\/de\\\/#website\",\"url\":\"https:\\\/\\\/centerdent.ch\\\/de\\\/\",\"name\":\"Centerdent\",\"description\":\"Ihr Zahnarzt in Z\u00fcrich Sihlcity\",\"potentialAction\":[{\"@type\":\"SearchAction\",\"target\":{\"@type\":\"EntryPoint\",\"urlTemplate\":\"https:\\\/\\\/centerdent.ch\\\/de\\\/?s={search_term_string}\"},\"query-input\":{\"@type\":\"PropertyValueSpecification\",\"valueRequired\":true,\"valueName\":\"search_term_string\"}}],\"inLanguage\":\"de\"}]}<\/script>\n<!-- \/ Yoast SEO plugin. -->","yoast_head_json":{"title":"Centerdent | Zahnarzt-Termin in Z\u00fcrich Sihlcity","description":"Buchen Sie bequem Ihren Termin online. Sie es zum Bleaching, Kontrolluntersuchung oder einer Beratung. Dieser Service steht Ihnen 24h, 365 Tagen im Jahr zur Verf\u00fcgung.","robots":{"index":"index","follow":"follow","max-snippet":"max-snippet:-1","max-image-preview":"max-image-preview:large","max-video-preview":"max-video-preview:-1"},"canonical":"https:\/\/centerdent.ch\/de\/termin\/","og_locale":"de_DE","og_type":"article","og_title":"Centerdent | Zahnarzt-Termin in Z\u00fcrich Sihlcity","og_description":"Buchen Sie bequem Ihren Termin online. Sie es zum Bleaching, Kontrolluntersuchung oder einer Beratung. Dieser Service steht Ihnen 24h, 365 Tagen im Jahr zur Verf\u00fcgung.","og_url":"https:\/\/centerdent.ch\/de\/termin\/","og_site_name":"Centerdent","article_modified_time":"2024-03-01T09:01:33+00:00","og_image":[{"width":2560,"height":995,"url":"https:\/\/centerdent.ch\/wp-content\/uploads\/2023\/11\/defaultbanner-scaled.webp","type":"image\/webp"}],"twitter_card":"summary_large_image","twitter_misc":{"Gesch\u00e4tzte Lesezeit":"3\u00a0Minuten"},"schema":{"@context":"https:\/\/schema.org","@graph":[{"@type":"WebPage","@id":"https:\/\/centerdent.ch\/de\/termin\/","url":"https:\/\/centerdent.ch\/de\/termin\/","name":"Centerdent | Zahnarzt-Termin in Z\u00fcrich Sihlcity","isPartOf":{"@id":"https:\/\/centerdent.ch\/de\/#website"},"primaryImageOfPage":{"@id":"https:\/\/centerdent.ch\/de\/termin\/#primaryimage"},"image":{"@id":"https:\/\/centerdent.ch\/de\/termin\/#primaryimage"},"thumbnailUrl":"https:\/\/centerdent.ch\/wp-content\/uploads\/2023\/11\/defaultbanner-scaled.webp","datePublished":"2023-11-01T10:09:39+00:00","dateModified":"2024-03-01T09:01:33+00:00","description":"Buchen Sie bequem Ihren Termin online. Sie es zum Bleaching, Kontrolluntersuchung oder einer Beratung. Dieser Service steht Ihnen 24h, 365 Tagen im Jahr zur Verf\u00fcgung.","breadcrumb":{"@id":"https:\/\/centerdent.ch\/de\/termin\/#breadcrumb"},"inLanguage":"de","potentialAction":[{"@type":"ReadAction","target":["https:\/\/centerdent.ch\/de\/termin\/"]}]},{"@type":"ImageObject","inLanguage":"de","@id":"https:\/\/centerdent.ch\/de\/termin\/#primaryimage","url":"https:\/\/centerdent.ch\/wp-content\/uploads\/2023\/11\/defaultbanner-scaled.webp","contentUrl":"https:\/\/centerdent.ch\/wp-content\/uploads\/2023\/11\/defaultbanner-scaled.webp","width":2560,"height":995},{"@type":"BreadcrumbList","@id":"https:\/\/centerdent.ch\/de\/termin\/#breadcrumb","itemListElement":[{"@type":"ListItem","position":1,"name":"Home","item":"https:\/\/centerdent.ch\/de\/"},{"@type":"ListItem","position":2,"name":"Termin"}]},{"@type":"WebSite","@id":"https:\/\/centerdent.ch\/de\/#website","url":"https:\/\/centerdent.ch\/de\/","name":"Centerdent","description":"Ihr Zahnarzt in Z\u00fcrich Sihlcity","potentialAction":[{"@type":"SearchAction","target":{"@type":"EntryPoint","urlTemplate":"https:\/\/centerdent.ch\/de\/?s={search_term_string}"},"query-input":{"@type":"PropertyValueSpecification","valueRequired":true,"valueName":"search_term_string"}}],"inLanguage":"de"}]}},"_links":{"self":[{"href":"https:\/\/centerdent.ch\/de\/wp-json\/wp\/v2\/pages\/927","targetHints":{"allow":["GET"]}}],"collection":[{"href":"https:\/\/centerdent.ch\/de\/wp-json\/wp\/v2\/pages"}],"about":[{"href":"https:\/\/centerdent.ch\/de\/wp-json\/wp\/v2\/types\/page"}],"author":[{"embeddable":true,"href":"https:\/\/centerdent.ch\/de\/wp-json\/wp\/v2\/users\/1"}],"replies":[{"embeddable":true,"href":"https:\/\/centerdent.ch\/de\/wp-json\/wp\/v2\/comments?post=927"}],"version-history":[{"count":8,"href":"https:\/\/centerdent.ch\/de\/wp-json\/wp\/v2\/pages\/927\/revisions"}],"predecessor-version":[{"id":3135,"href":"https:\/\/centerdent.ch\/de\/wp-json\/wp\/v2\/pages\/927\/revisions\/3135"}],"wp:featuredmedia":[{"embeddable":true,"href":"https:\/\/centerdent.ch\/de\/wp-json\/wp\/v2\/media\/1248"}],"wp:attachment":[{"href":"https:\/\/centerdent.ch\/de\/wp-json\/wp\/v2\/media?parent=927"}],"curies":[{"name":"wp","href":"https:\/\/api.w.org\/{rel}","templated":true}]}}