{"id":939,"date":"2023-11-01T10:11:17","date_gmt":"2023-11-01T10:11:17","guid":{"rendered":"https:\/\/centerdent.ch\/?page_id=939"},"modified":"2023-11-30T12:41:42","modified_gmt":"2023-11-30T12:41:42","slug":"aesthetische-zahnmedizin","status":"publish","type":"page","link":"https:\/\/centerdent.ch\/de\/angebot\/aesthetische-zahnmedizin\/","title":{"rendered":"\u00c4sthetische Zahnmedizin"},"content":{"rendered":"<div class=\"fusion-fullwidth fullwidth-box fusion-builder-row-1 fusion-flex-container has-pattern-background has-mask-background nonhundred-percent-fullwidth non-hundred-percent-height-scrolling\" style=\"--awb-border-radius-top-left:0px;--awb-border-radius-top-right:0px;--awb-border-radius-bottom-right:0px;--awb-border-radius-bottom-left:0px;--awb-flex-wrap:wrap;\" ><div class=\"fusion-builder-row fusion-row fusion-flex-align-items-flex-start fusion-flex-justify-content-center fusion-flex-content-wrap\" style=\"max-width:1721.2px;margin-left: calc(-4% \/ 2 );margin-right: calc(-4% \/ 2 );\"><div class=\"fusion-layout-column fusion_builder_column fusion-builder-column-0 fusion_builder_column_3_4 3_4 fusion-flex-column\" style=\"--awb-bg-size:cover;--awb-width-large:75%;--awb-margin-top-large:0px;--awb-spacing-right-large:2.56%;--awb-margin-bottom-large:20px;--awb-spacing-left-large:2.56%;--awb-width-medium:100%;--awb-order-medium:0;--awb-spacing-right-medium:1.92%;--awb-spacing-left-medium:1.92%;--awb-width-small:100%;--awb-order-small:0;--awb-spacing-right-small:1.92%;--awb-spacing-left-small:1.92%;\"><div class=\"fusion-column-wrapper fusion-column-has-shadow fusion-flex-justify-content-flex-start fusion-content-layout-column\"><div class=\"fusion-text fusion-text-1\"><h2>Bleaching<\/h2>\n<p>Beim Bleichen (Zahnaufhellung, engl. Bleaching) gibt es unterschiedliche M\u00f6glichkeiten zur Aufhellung von verf\u00e4rbten Z\u00e4hnen. Internes Bleaching erfolgt an nicht mehr vitalen (lebenden) Z\u00e4hnen von innen. Externes Bleaching wirkt auf der Oberfl\u00e4che von gesunden Z\u00e4hnen. Das Bleaching findet in der Praxis oder zu Hause statt. Das Bleaching beim Zahnarzt wird unter Schutz des Zahnfleisches mit einem Kofferdam (Spanngummi) durchgef\u00fchrt. Beim Home-Bleaching wird f\u00fcr den Patienten eine individuelle Schiene angefertigt, die z.B. nachts mit Bleichmittel gef\u00fcllt getragen wird.<\/p>\n<p><strong><a name=\"breit\"><\/a>Neue Bleaching Methode mit<\/strong><\/p>\n<\/div><div class=\"fusion-image-element \" style=\"--awb-caption-title-font-family:var(--h2_typography-font-family);--awb-caption-title-font-weight:var(--h2_typography-font-weight);--awb-caption-title-font-style:var(--h2_typography-font-style);--awb-caption-title-size:var(--h2_typography-font-size);--awb-caption-title-transform:var(--h2_typography-text-transform);--awb-caption-title-line-height:var(--h2_typography-line-height);--awb-caption-title-letter-spacing:var(--h2_typography-letter-spacing);\"><span class=\" fusion-imageframe imageframe-none imageframe-1 hover-type-none\"><img decoding=\"async\" width=\"100\" height=\"48\" title=\"zoom-logo-Copy-640&#215;213\" src=\"data:image\/svg+xml,%3Csvg%20xmlns%3D%27http%3A%2F%2Fwww.w3.org%2F2000%2Fsvg%27%20width%3D%27100%27%20height%3D%2748%27%20viewBox%3D%270%200%20100%2048%27%3E%3Crect%20width%3D%27100%27%20height%3D%2748%27%20fill-opacity%3D%220%22%2F%3E%3C%2Fsvg%3E\" data-orig-src=\"https:\/\/centerdent.ch\/wp-content\/uploads\/2023\/11\/zoom-logo-Copy-640x213-1.jpg\" alt class=\"lazyload img-responsive wp-image-1254\"\/><\/span><\/div><div class=\"fusion-text fusion-text-2\"><p><span style=\"color: var(--awb-text-color); font-family: var(--awb-text-font-family); font-size: var(--awb-font-size); font-style: var(--awb-text-font-style); font-weight: var(--awb-text-font-weight); letter-spacing: var(--awb-letter-spacing); text-align: var(--awb-content-alignment); text-transform: var(--awb-text-transform); background-color: var(--awb-bg-color);\">Die Zoom\u00ae Bleaching Methode bietet die allerneuste und modernste Technologie an. Die einzigartigen Lampen, haben bereits Millionen Menschen in der ganzen Welt zu einem strahlend weissen L\u00e4cheln verholfen. Durch ZOOM\u00ae werden Z\u00e4hne durchschnittlich um 8 bis 9 Farbnuancen weisser! ZOOM\u00ae geh\u00f6rt zu den sanften Aufhellungsmethoden im Bereich des Power-Bleaching. Gemachte Studien versprechen, dass der Zahnschmelz nicht gesch\u00e4digt wird. Dank dem speziellen Licht werden auch Bakterien get\u00f6tet die unter anderem verantwortlich sein k\u00f6nnen f\u00fcr Mundgeruch oder Zahnfleischentz\u00fcndungen.<\/span><\/p>\n<p>Nach ungef\u00e4hr einer Stunde erhalten Ihre Z\u00e4hne das nat\u00fcrliche Weiss, das zu Ihrer Erscheinung passt. Die strahlend weissen Z\u00e4hne k\u00f6nnen Sie zus\u00e4tzlich mit Zahnpflege Produkten pflegen um die Neubildung von Flecken auf der Zahnoberfl\u00e4che zu vermeiden.<\/p>\n<h2>Veneers<\/h2>\n<p>Veneers sind d\u00fcnne, zahnfarbene Keramikschalen, die zur Verbesserung der Zahn\u00e4sthetik auf die Vorderseite der Z\u00e4hne geklebt werden. Indikationen sind Schmelzdefekte und \u2013frakturen, dauerhafte Zahnverf\u00e4rbungen, Flecken, Zahnmissbildungen und Zahnstellungsoptimierungen wie z.B. der L\u00fcckenschluss zwischen zwei Frontz\u00e4hnen und leichte Zahnfehlstellungskorrekturen. Die sichtbaren Zahnfl\u00e4chen werden hauchd\u00fcnn abgeschliffen, der Zahnsubstanzverlust beschr\u00e4nkt sich dabei auf ein Minimum. Durch neue moderne Klebetechniken halten die Veneers viel l\u00e4nger im Vergleich zu den einst von Hollywoodstars wie z.B. Marylin Monroe oder James Dean getragenen, welche kaum einen Drehtag hielten.<\/p>\n<p>Ob Veneers zur Anwendung kommen h\u00e4ngt von der Art der Korrektur, von der Zahnstellung und dem zu erreichenden Ziel ab und muss immer individuell entschieden werden.<\/p>\n<h2>Verblendmetallkeramikkronen und Zirkonoxidkronen (Keramik)<\/h2>\n<p>Die Bezeichnung Verblend- oder Verbund-Metall-Keramik (VMK) wird f\u00fcr Kronen und Br\u00fccken verwendet, die aus einem Edelmetallger\u00fcst bestehen das mit Keramik verblendet wird.<\/p>\n<p>Mit Zirkonoxidkronen (einem vollkeramischen Zahnersatzmaterial, welches in der Raumfahrttechnik und in der Gelenkprothetik Anwendung findet) lassen sich hervorragende \u00e4sthetische Ergebnisse erzielen, da Zirkonoxid vom Gewebe besser vertragen wird als herk\u00f6mmlich verwendete Materialien. Zahnkronen finden dann Anwendung, wenn der Zahn bereits u.a. durch Karies, Wurzelbehandlungen oder Absplitterung geschw\u00e4cht ist.<\/p>\n<h2>Kompositf\u00fcllungen und Keramikinlays<\/h2>\n<p>Komposit ist ein zahnfarbenes aus Kunststoff, Glas, Keramik und Quarzteilchen zusammengesetztes Material, welches u.a. f\u00fcr F\u00fcllungen im Front-sowie im Seitenzahnbereich verwendet wird oder f\u00fcr Zahnkorrekturen (z.B. Zahnl\u00fcckenschluss). Das Material wird schichtweise aufgetragen, modelliert und mittels einer speziellen Klebetechnik dauerhaft mit dem Zahn verbunden.<\/p>\n<p>Ein Inlay ist eine Einlagef\u00fcllung nach Abdrucknahme, welche in der Regel als Folge von grossen Kariessch\u00e4den eingesetzt wird. Das Inlay wird entweder im zahntechnischen Labor hergestellt und anschiessend von Zahnarzt eingesetzt oder die Konstruktion wird mittels CEREC (Ceramic Reconstruction) einem CAD\/CAM-Verfahren (Computer Aided Design\/Computer Aided Manufacturing) in nur einer Sitzung vorgenommen. Anstatt der klassischen Abdrucknahme wird von dem pr\u00e4parierten Zahn mittels einer Kamera innert Sekunden ein optischer drei \u2013dimensionaler Abdruck genommen. Aufgrund dieser Daten fertigt anschliessend eine Schleifmaschine gleich in der Praxis in weniger als 20 Minuten das Pr\u00e4zisionswerkst\u00fcck aus einem Keramikblock an. Mittels dem CAD\/CAM-Verfahren k\u00f6nnen nebst Keramikinlays auch Keramikveneers und Keramikkronen hergestellt werden.<\/p>\n<h2>Zahnfleischkorrekturen (Pink \u00c4sthetik)<\/h2>\n<p>Das Zahnfleisch kann z.B. durch traumatisierende Putztechnik verletzt werden oder sich aufgrund Parodontalerkrankungen zur\u00fcckziehen. Es entwickeln sich Rezessionen und freiliegende Zahnh\u00e4lse. Mittels minimal invasiver Eingriffe kann durch Rezessionsdeckungen mit Bindegewebstransplantaten die \u00c4sthetik verbessert werden. Die vielf\u00e4ltigen Techniken der Rezessionsdeckung variieren von Fall zu Fall. Bei zu viel Zahnfleisch (Gummy-Smile) kann mit dem Einsatz spezieller Laser \u00fcbersch\u00fcssiges Zahnfleisch entfernt werden und ein harmonischer Zahnfleischverlauf hergestellt werden.<\/p>\n<\/div><\/div><\/div><\/div><\/div>\n","protected":false},"excerpt":{"rendered":"","protected":false},"author":1,"featured_media":1248,"parent":925,"menu_order":0,"comment_status":"closed","ping_status":"closed","template":"100-width.php","meta":{"footnotes":""},"class_list":["post-939","page","type-page","status-publish","has-post-thumbnail","hentry"],"yoast_head":"<!-- This site is optimized with the Yoast SEO plugin v27.4 - https:\/\/yoast.com\/product\/yoast-seo-wordpress\/ -->\n<title>Centerdent | \u00c4sthetische Zahnmedizin in Z\u00fcrich<\/title>\n<meta name=\"description\" content=\"In der \u00e4sthetischen Zahnmedizin bieten wir Bleaching (auch mit ZOOM\u00ae), Veneers, Keramikkronen, Keramikinlays und Pink \u00c4sthetik. F\u00fcr ein weisses und gesundes L\u00e4cheln.\" \/>\n<meta name=\"robots\" content=\"index, follow, max-snippet:-1, max-image-preview:large, max-video-preview:-1\" \/>\n<link rel=\"canonical\" href=\"https:\/\/centerdent.ch\/de\/angebot\/aesthetische-zahnmedizin\/\" \/>\n<meta property=\"og:locale\" content=\"de_DE\" \/>\n<meta property=\"og:type\" content=\"article\" \/>\n<meta property=\"og:title\" content=\"Centerdent | \u00c4sthetische Zahnmedizin in Z\u00fcrich\" \/>\n<meta property=\"og:description\" content=\"In der \u00e4sthetischen Zahnmedizin bieten wir Bleaching (auch mit ZOOM\u00ae), Veneers, Keramikkronen, Keramikinlays und Pink \u00c4sthetik. F\u00fcr ein weisses und gesundes L\u00e4cheln.\" \/>\n<meta property=\"og:url\" content=\"https:\/\/centerdent.ch\/de\/angebot\/aesthetische-zahnmedizin\/\" \/>\n<meta property=\"og:site_name\" content=\"Centerdent\" \/>\n<meta property=\"article:modified_time\" content=\"2023-11-30T12:41:42+00:00\" \/>\n<meta property=\"og:image\" content=\"https:\/\/centerdent.ch\/wp-content\/uploads\/2023\/11\/defaultbanner-scaled.webp\" \/>\n\t<meta property=\"og:image:width\" content=\"2560\" \/>\n\t<meta property=\"og:image:height\" content=\"995\" \/>\n\t<meta property=\"og:image:type\" content=\"image\/webp\" \/>\n<meta name=\"twitter:card\" content=\"summary_large_image\" \/>\n<meta name=\"twitter:label1\" content=\"Gesch\u00e4tzte Lesezeit\" \/>\n\t<meta name=\"twitter:data1\" content=\"5\u00a0Minuten\" \/>\n<script type=\"application\/ld+json\" class=\"yoast-schema-graph\">{\"@context\":\"https:\\\/\\\/schema.org\",\"@graph\":[{\"@type\":\"WebPage\",\"@id\":\"https:\\\/\\\/centerdent.ch\\\/de\\\/angebot\\\/aesthetische-zahnmedizin\\\/\",\"url\":\"https:\\\/\\\/centerdent.ch\\\/de\\\/angebot\\\/aesthetische-zahnmedizin\\\/\",\"name\":\"Centerdent | \u00c4sthetische Zahnmedizin in Z\u00fcrich\",\"isPartOf\":{\"@id\":\"https:\\\/\\\/centerdent.ch\\\/de\\\/#website\"},\"primaryImageOfPage\":{\"@id\":\"https:\\\/\\\/centerdent.ch\\\/de\\\/angebot\\\/aesthetische-zahnmedizin\\\/#primaryimage\"},\"image\":{\"@id\":\"https:\\\/\\\/centerdent.ch\\\/de\\\/angebot\\\/aesthetische-zahnmedizin\\\/#primaryimage\"},\"thumbnailUrl\":\"https:\\\/\\\/centerdent.ch\\\/wp-content\\\/uploads\\\/2023\\\/11\\\/defaultbanner-scaled.webp\",\"datePublished\":\"2023-11-01T10:11:17+00:00\",\"dateModified\":\"2023-11-30T12:41:42+00:00\",\"description\":\"In der \u00e4sthetischen Zahnmedizin bieten wir Bleaching (auch mit ZOOM\u00ae), Veneers, Keramikkronen, Keramikinlays und Pink \u00c4sthetik. F\u00fcr ein weisses und gesundes L\u00e4cheln.\",\"breadcrumb\":{\"@id\":\"https:\\\/\\\/centerdent.ch\\\/de\\\/angebot\\\/aesthetische-zahnmedizin\\\/#breadcrumb\"},\"inLanguage\":\"de\",\"potentialAction\":[{\"@type\":\"ReadAction\",\"target\":[\"https:\\\/\\\/centerdent.ch\\\/de\\\/angebot\\\/aesthetische-zahnmedizin\\\/\"]}]},{\"@type\":\"ImageObject\",\"inLanguage\":\"de\",\"@id\":\"https:\\\/\\\/centerdent.ch\\\/de\\\/angebot\\\/aesthetische-zahnmedizin\\\/#primaryimage\",\"url\":\"https:\\\/\\\/centerdent.ch\\\/wp-content\\\/uploads\\\/2023\\\/11\\\/defaultbanner-scaled.webp\",\"contentUrl\":\"https:\\\/\\\/centerdent.ch\\\/wp-content\\\/uploads\\\/2023\\\/11\\\/defaultbanner-scaled.webp\",\"width\":2560,\"height\":995},{\"@type\":\"BreadcrumbList\",\"@id\":\"https:\\\/\\\/centerdent.ch\\\/de\\\/angebot\\\/aesthetische-zahnmedizin\\\/#breadcrumb\",\"itemListElement\":[{\"@type\":\"ListItem\",\"position\":1,\"name\":\"Home\",\"item\":\"https:\\\/\\\/centerdent.ch\\\/de\\\/\"},{\"@type\":\"ListItem\",\"position\":2,\"name\":\"Angebot\",\"item\":\"https:\\\/\\\/centerdent.ch\\\/de\\\/angebot\\\/\"},{\"@type\":\"ListItem\",\"position\":3,\"name\":\"\u00c4sthetische Zahnmedizin\"}]},{\"@type\":\"WebSite\",\"@id\":\"https:\\\/\\\/centerdent.ch\\\/de\\\/#website\",\"url\":\"https:\\\/\\\/centerdent.ch\\\/de\\\/\",\"name\":\"Centerdent\",\"description\":\"Ihr Zahnarzt in Z\u00fcrich Sihlcity\",\"potentialAction\":[{\"@type\":\"SearchAction\",\"target\":{\"@type\":\"EntryPoint\",\"urlTemplate\":\"https:\\\/\\\/centerdent.ch\\\/de\\\/?s={search_term_string}\"},\"query-input\":{\"@type\":\"PropertyValueSpecification\",\"valueRequired\":true,\"valueName\":\"search_term_string\"}}],\"inLanguage\":\"de\"}]}<\/script>\n<!-- \/ Yoast SEO plugin. -->","yoast_head_json":{"title":"Centerdent | \u00c4sthetische Zahnmedizin in Z\u00fcrich","description":"In der \u00e4sthetischen Zahnmedizin bieten wir Bleaching (auch mit ZOOM\u00ae), Veneers, Keramikkronen, Keramikinlays und Pink \u00c4sthetik. F\u00fcr ein weisses und gesundes L\u00e4cheln.","robots":{"index":"index","follow":"follow","max-snippet":"max-snippet:-1","max-image-preview":"max-image-preview:large","max-video-preview":"max-video-preview:-1"},"canonical":"https:\/\/centerdent.ch\/de\/angebot\/aesthetische-zahnmedizin\/","og_locale":"de_DE","og_type":"article","og_title":"Centerdent | \u00c4sthetische Zahnmedizin in Z\u00fcrich","og_description":"In der \u00e4sthetischen Zahnmedizin bieten wir Bleaching (auch mit ZOOM\u00ae), Veneers, Keramikkronen, Keramikinlays und Pink \u00c4sthetik. F\u00fcr ein weisses und gesundes L\u00e4cheln.","og_url":"https:\/\/centerdent.ch\/de\/angebot\/aesthetische-zahnmedizin\/","og_site_name":"Centerdent","article_modified_time":"2023-11-30T12:41:42+00:00","og_image":[{"width":2560,"height":995,"url":"https:\/\/centerdent.ch\/wp-content\/uploads\/2023\/11\/defaultbanner-scaled.webp","type":"image\/webp"}],"twitter_card":"summary_large_image","twitter_misc":{"Gesch\u00e4tzte Lesezeit":"5\u00a0Minuten"},"schema":{"@context":"https:\/\/schema.org","@graph":[{"@type":"WebPage","@id":"https:\/\/centerdent.ch\/de\/angebot\/aesthetische-zahnmedizin\/","url":"https:\/\/centerdent.ch\/de\/angebot\/aesthetische-zahnmedizin\/","name":"Centerdent | \u00c4sthetische Zahnmedizin in Z\u00fcrich","isPartOf":{"@id":"https:\/\/centerdent.ch\/de\/#website"},"primaryImageOfPage":{"@id":"https:\/\/centerdent.ch\/de\/angebot\/aesthetische-zahnmedizin\/#primaryimage"},"image":{"@id":"https:\/\/centerdent.ch\/de\/angebot\/aesthetische-zahnmedizin\/#primaryimage"},"thumbnailUrl":"https:\/\/centerdent.ch\/wp-content\/uploads\/2023\/11\/defaultbanner-scaled.webp","datePublished":"2023-11-01T10:11:17+00:00","dateModified":"2023-11-30T12:41:42+00:00","description":"In der \u00e4sthetischen Zahnmedizin bieten wir Bleaching (auch mit ZOOM\u00ae), Veneers, Keramikkronen, Keramikinlays und Pink \u00c4sthetik. F\u00fcr ein weisses und gesundes L\u00e4cheln.","breadcrumb":{"@id":"https:\/\/centerdent.ch\/de\/angebot\/aesthetische-zahnmedizin\/#breadcrumb"},"inLanguage":"de","potentialAction":[{"@type":"ReadAction","target":["https:\/\/centerdent.ch\/de\/angebot\/aesthetische-zahnmedizin\/"]}]},{"@type":"ImageObject","inLanguage":"de","@id":"https:\/\/centerdent.ch\/de\/angebot\/aesthetische-zahnmedizin\/#primaryimage","url":"https:\/\/centerdent.ch\/wp-content\/uploads\/2023\/11\/defaultbanner-scaled.webp","contentUrl":"https:\/\/centerdent.ch\/wp-content\/uploads\/2023\/11\/defaultbanner-scaled.webp","width":2560,"height":995},{"@type":"BreadcrumbList","@id":"https:\/\/centerdent.ch\/de\/angebot\/aesthetische-zahnmedizin\/#breadcrumb","itemListElement":[{"@type":"ListItem","position":1,"name":"Home","item":"https:\/\/centerdent.ch\/de\/"},{"@type":"ListItem","position":2,"name":"Angebot","item":"https:\/\/centerdent.ch\/de\/angebot\/"},{"@type":"ListItem","position":3,"name":"\u00c4sthetische Zahnmedizin"}]},{"@type":"WebSite","@id":"https:\/\/centerdent.ch\/de\/#website","url":"https:\/\/centerdent.ch\/de\/","name":"Centerdent","description":"Ihr Zahnarzt in Z\u00fcrich Sihlcity","potentialAction":[{"@type":"SearchAction","target":{"@type":"EntryPoint","urlTemplate":"https:\/\/centerdent.ch\/de\/?s={search_term_string}"},"query-input":{"@type":"PropertyValueSpecification","valueRequired":true,"valueName":"search_term_string"}}],"inLanguage":"de"}]}},"_links":{"self":[{"href":"https:\/\/centerdent.ch\/de\/wp-json\/wp\/v2\/pages\/939","targetHints":{"allow":["GET"]}}],"collection":[{"href":"https:\/\/centerdent.ch\/de\/wp-json\/wp\/v2\/pages"}],"about":[{"href":"https:\/\/centerdent.ch\/de\/wp-json\/wp\/v2\/types\/page"}],"author":[{"embeddable":true,"href":"https:\/\/centerdent.ch\/de\/wp-json\/wp\/v2\/users\/1"}],"replies":[{"embeddable":true,"href":"https:\/\/centerdent.ch\/de\/wp-json\/wp\/v2\/comments?post=939"}],"version-history":[{"count":9,"href":"https:\/\/centerdent.ch\/de\/wp-json\/wp\/v2\/pages\/939\/revisions"}],"predecessor-version":[{"id":2869,"href":"https:\/\/centerdent.ch\/de\/wp-json\/wp\/v2\/pages\/939\/revisions\/2869"}],"up":[{"embeddable":true,"href":"https:\/\/centerdent.ch\/de\/wp-json\/wp\/v2\/pages\/925"}],"wp:featuredmedia":[{"embeddable":true,"href":"https:\/\/centerdent.ch\/de\/wp-json\/wp\/v2\/media\/1248"}],"wp:attachment":[{"href":"https:\/\/centerdent.ch\/de\/wp-json\/wp\/v2\/media?parent=939"}],"curies":[{"name":"wp","href":"https:\/\/api.w.org\/{rel}","templated":true}]}}