{"id":943,"date":"2023-11-01T10:12:17","date_gmt":"2023-11-01T10:12:17","guid":{"rendered":"https:\/\/centerdent.ch\/?page_id=943"},"modified":"2023-11-13T16:42:31","modified_gmt":"2023-11-13T16:42:31","slug":"laserbehandlung","status":"publish","type":"page","link":"https:\/\/centerdent.ch\/de\/angebot\/laserbehandlung\/","title":{"rendered":"Laserbehandlung"},"content":{"rendered":"<div class=\"fusion-fullwidth fullwidth-box fusion-builder-row-1 fusion-flex-container has-pattern-background has-mask-background nonhundred-percent-fullwidth non-hundred-percent-height-scrolling\" style=\"--awb-border-radius-top-left:0px;--awb-border-radius-top-right:0px;--awb-border-radius-bottom-right:0px;--awb-border-radius-bottom-left:0px;--awb-flex-wrap:wrap;\" ><div class=\"fusion-builder-row fusion-row fusion-flex-align-items-flex-start fusion-flex-justify-content-center fusion-flex-content-wrap\" style=\"max-width:1721.2px;margin-left: calc(-4% \/ 2 );margin-right: calc(-4% \/ 2 );\"><div class=\"fusion-layout-column fusion_builder_column fusion-builder-column-0 fusion_builder_column_3_4 3_4 fusion-flex-column\" style=\"--awb-bg-size:cover;--awb-width-large:75%;--awb-margin-top-large:0px;--awb-spacing-right-large:2.56%;--awb-margin-bottom-large:20px;--awb-spacing-left-large:2.56%;--awb-width-medium:100%;--awb-order-medium:0;--awb-spacing-right-medium:1.92%;--awb-spacing-left-medium:1.92%;--awb-width-small:100%;--awb-order-small:0;--awb-spacing-right-small:1.92%;--awb-spacing-left-small:1.92%;\"><div class=\"fusion-column-wrapper fusion-column-has-shadow fusion-flex-justify-content-flex-start fusion-content-layout-column\"><div class=\"fusion-text fusion-text-1\"><p>Laser ist geb\u00fcndeltes Licht einer bestimmten Wellenl\u00e4nge. Die Laserbehandlung ist meistens ohne An\u00e4sthesie m\u00f6glich. Die laserbehandelte Oberfl\u00e4che ist steril. Die Dentallaser (Er:YAG, Nd: YAG, CO, Diode, Low Level Laser) finden Anwendung in diversen Gebieten der Zahnmedizin:<\/p>\n<h2 style=\"color: rgb(5, 66, 71);\">Parodontitisbehandlung<\/h2>\n<p>Taschenreinigung und Zahnsteinentfernung<\/p>\n<h2>Wurzelkanalbehandlung<\/h2>\n<p style=\"color: rgb(5, 66, 71);\">Laserunterst\u00fctzte Wurzelkanalbehandlungen haben die h\u00f6chsten Erfolgsquoten<\/p>\n<h2><span style=\"color: rgb(5, 66, 71);\">Laserbehandlung bei Herpesbl\u00e4schen und Aphten<\/span><\/h2>\n<p>Eine Laserbehandlung wirkt effizient gegen diese unangenehmen<strong> <\/strong>Entz\u00fcndungen<\/p>\n<h2>Zahnfleisch- und Mundschleimhautbehandlung<\/h2>\n<p>Lippenbandkorrekturen sowie alle Arten von blutungsarmen Weichteilmodifikationen<\/p>\n<h2>Entfernung kari\u00f6ser Zahnhartsubstanz<\/h2>\n<p>Kari\u00f6se Stellen k\u00f6nnen schonend und minimal invasiv abgetragen werden<\/p>\n<h2>Laserbehandlung bei sensiblen Z\u00e4hnen<\/h2>\n<\/div><\/div><\/div><\/div><\/div>\n","protected":false},"excerpt":{"rendered":"","protected":false},"author":1,"featured_media":1248,"parent":925,"menu_order":0,"comment_status":"closed","ping_status":"closed","template":"100-width.php","meta":{"footnotes":""},"class_list":["post-943","page","type-page","status-publish","has-post-thumbnail","hentry"],"yoast_head":"<!-- This site is optimized with the Yoast SEO plugin v27.4 - https:\/\/yoast.com\/product\/yoast-seo-wordpress\/ -->\n<title>Centerdent | Eine Laserbehandlung ist zumeist ohne An\u00e4sthesie und steril. Diese kann u.a. bei Karies, Parodontitis oder Zahnfleischbehandlungen eingesetzt werden.<\/title>\n<meta name=\"description\" content=\"Eine Laserbehandlung ist zumeist ohne An\u00e4sthesie und steril. Diese kann u.a. bei Karies, Parodontitis oder Zahnfleischbehandlungen eingesetzt werden.\" \/>\n<meta name=\"robots\" content=\"index, follow, max-snippet:-1, max-image-preview:large, max-video-preview:-1\" \/>\n<link rel=\"canonical\" href=\"https:\/\/centerdent.ch\/de\/angebot\/laserbehandlung\/\" \/>\n<meta property=\"og:locale\" content=\"de_DE\" \/>\n<meta property=\"og:type\" content=\"article\" \/>\n<meta property=\"og:title\" content=\"Centerdent | Eine Laserbehandlung ist zumeist ohne An\u00e4sthesie und steril. Diese kann u.a. bei Karies, Parodontitis oder Zahnfleischbehandlungen eingesetzt werden.\" \/>\n<meta property=\"og:description\" content=\"Eine Laserbehandlung ist zumeist ohne An\u00e4sthesie und steril. Diese kann u.a. bei Karies, Parodontitis oder Zahnfleischbehandlungen eingesetzt werden.\" \/>\n<meta property=\"og:url\" content=\"https:\/\/centerdent.ch\/de\/angebot\/laserbehandlung\/\" \/>\n<meta property=\"og:site_name\" content=\"Centerdent\" \/>\n<meta property=\"article:modified_time\" content=\"2023-11-13T16:42:31+00:00\" \/>\n<meta property=\"og:image\" content=\"https:\/\/centerdent.ch\/wp-content\/uploads\/2023\/11\/defaultbanner-scaled.webp\" \/>\n\t<meta property=\"og:image:width\" content=\"2560\" \/>\n\t<meta property=\"og:image:height\" content=\"995\" \/>\n\t<meta property=\"og:image:type\" content=\"image\/webp\" \/>\n<meta name=\"twitter:card\" content=\"summary_large_image\" \/>\n<meta name=\"twitter:label1\" content=\"Gesch\u00e4tzte Lesezeit\" \/>\n\t<meta name=\"twitter:data1\" content=\"2\u00a0Minuten\" \/>\n<script type=\"application\/ld+json\" class=\"yoast-schema-graph\">{\"@context\":\"https:\\\/\\\/schema.org\",\"@graph\":[{\"@type\":\"WebPage\",\"@id\":\"https:\\\/\\\/centerdent.ch\\\/de\\\/angebot\\\/laserbehandlung\\\/\",\"url\":\"https:\\\/\\\/centerdent.ch\\\/de\\\/angebot\\\/laserbehandlung\\\/\",\"name\":\"Centerdent | Eine Laserbehandlung ist zumeist ohne An\u00e4sthesie und steril. Diese kann u.a. bei Karies, Parodontitis oder Zahnfleischbehandlungen eingesetzt werden.\",\"isPartOf\":{\"@id\":\"https:\\\/\\\/centerdent.ch\\\/de\\\/#website\"},\"primaryImageOfPage\":{\"@id\":\"https:\\\/\\\/centerdent.ch\\\/de\\\/angebot\\\/laserbehandlung\\\/#primaryimage\"},\"image\":{\"@id\":\"https:\\\/\\\/centerdent.ch\\\/de\\\/angebot\\\/laserbehandlung\\\/#primaryimage\"},\"thumbnailUrl\":\"https:\\\/\\\/centerdent.ch\\\/wp-content\\\/uploads\\\/2023\\\/11\\\/defaultbanner-scaled.webp\",\"datePublished\":\"2023-11-01T10:12:17+00:00\",\"dateModified\":\"2023-11-13T16:42:31+00:00\",\"description\":\"Eine Laserbehandlung ist zumeist ohne An\u00e4sthesie und steril. Diese kann u.a. bei Karies, Parodontitis oder Zahnfleischbehandlungen eingesetzt werden.\",\"breadcrumb\":{\"@id\":\"https:\\\/\\\/centerdent.ch\\\/de\\\/angebot\\\/laserbehandlung\\\/#breadcrumb\"},\"inLanguage\":\"de\",\"potentialAction\":[{\"@type\":\"ReadAction\",\"target\":[\"https:\\\/\\\/centerdent.ch\\\/de\\\/angebot\\\/laserbehandlung\\\/\"]}]},{\"@type\":\"ImageObject\",\"inLanguage\":\"de\",\"@id\":\"https:\\\/\\\/centerdent.ch\\\/de\\\/angebot\\\/laserbehandlung\\\/#primaryimage\",\"url\":\"https:\\\/\\\/centerdent.ch\\\/wp-content\\\/uploads\\\/2023\\\/11\\\/defaultbanner-scaled.webp\",\"contentUrl\":\"https:\\\/\\\/centerdent.ch\\\/wp-content\\\/uploads\\\/2023\\\/11\\\/defaultbanner-scaled.webp\",\"width\":2560,\"height\":995},{\"@type\":\"BreadcrumbList\",\"@id\":\"https:\\\/\\\/centerdent.ch\\\/de\\\/angebot\\\/laserbehandlung\\\/#breadcrumb\",\"itemListElement\":[{\"@type\":\"ListItem\",\"position\":1,\"name\":\"Home\",\"item\":\"https:\\\/\\\/centerdent.ch\\\/de\\\/\"},{\"@type\":\"ListItem\",\"position\":2,\"name\":\"Angebot\",\"item\":\"https:\\\/\\\/centerdent.ch\\\/de\\\/angebot\\\/\"},{\"@type\":\"ListItem\",\"position\":3,\"name\":\"Laserbehandlung\"}]},{\"@type\":\"WebSite\",\"@id\":\"https:\\\/\\\/centerdent.ch\\\/de\\\/#website\",\"url\":\"https:\\\/\\\/centerdent.ch\\\/de\\\/\",\"name\":\"Centerdent\",\"description\":\"Ihr Zahnarzt in Z\u00fcrich Sihlcity\",\"potentialAction\":[{\"@type\":\"SearchAction\",\"target\":{\"@type\":\"EntryPoint\",\"urlTemplate\":\"https:\\\/\\\/centerdent.ch\\\/de\\\/?s={search_term_string}\"},\"query-input\":{\"@type\":\"PropertyValueSpecification\",\"valueRequired\":true,\"valueName\":\"search_term_string\"}}],\"inLanguage\":\"de\"}]}<\/script>\n<!-- \/ Yoast SEO plugin. -->","yoast_head_json":{"title":"Centerdent | Eine Laserbehandlung ist zumeist ohne An\u00e4sthesie und steril. Diese kann u.a. bei Karies, Parodontitis oder Zahnfleischbehandlungen eingesetzt werden.","description":"Eine Laserbehandlung ist zumeist ohne An\u00e4sthesie und steril. Diese kann u.a. bei Karies, Parodontitis oder Zahnfleischbehandlungen eingesetzt werden.","robots":{"index":"index","follow":"follow","max-snippet":"max-snippet:-1","max-image-preview":"max-image-preview:large","max-video-preview":"max-video-preview:-1"},"canonical":"https:\/\/centerdent.ch\/de\/angebot\/laserbehandlung\/","og_locale":"de_DE","og_type":"article","og_title":"Centerdent | Eine Laserbehandlung ist zumeist ohne An\u00e4sthesie und steril. Diese kann u.a. bei Karies, Parodontitis oder Zahnfleischbehandlungen eingesetzt werden.","og_description":"Eine Laserbehandlung ist zumeist ohne An\u00e4sthesie und steril. Diese kann u.a. bei Karies, Parodontitis oder Zahnfleischbehandlungen eingesetzt werden.","og_url":"https:\/\/centerdent.ch\/de\/angebot\/laserbehandlung\/","og_site_name":"Centerdent","article_modified_time":"2023-11-13T16:42:31+00:00","og_image":[{"width":2560,"height":995,"url":"https:\/\/centerdent.ch\/wp-content\/uploads\/2023\/11\/defaultbanner-scaled.webp","type":"image\/webp"}],"twitter_card":"summary_large_image","twitter_misc":{"Gesch\u00e4tzte Lesezeit":"2\u00a0Minuten"},"schema":{"@context":"https:\/\/schema.org","@graph":[{"@type":"WebPage","@id":"https:\/\/centerdent.ch\/de\/angebot\/laserbehandlung\/","url":"https:\/\/centerdent.ch\/de\/angebot\/laserbehandlung\/","name":"Centerdent | Eine Laserbehandlung ist zumeist ohne An\u00e4sthesie und steril. Diese kann u.a. bei Karies, Parodontitis oder Zahnfleischbehandlungen eingesetzt werden.","isPartOf":{"@id":"https:\/\/centerdent.ch\/de\/#website"},"primaryImageOfPage":{"@id":"https:\/\/centerdent.ch\/de\/angebot\/laserbehandlung\/#primaryimage"},"image":{"@id":"https:\/\/centerdent.ch\/de\/angebot\/laserbehandlung\/#primaryimage"},"thumbnailUrl":"https:\/\/centerdent.ch\/wp-content\/uploads\/2023\/11\/defaultbanner-scaled.webp","datePublished":"2023-11-01T10:12:17+00:00","dateModified":"2023-11-13T16:42:31+00:00","description":"Eine Laserbehandlung ist zumeist ohne An\u00e4sthesie und steril. Diese kann u.a. bei Karies, Parodontitis oder Zahnfleischbehandlungen eingesetzt werden.","breadcrumb":{"@id":"https:\/\/centerdent.ch\/de\/angebot\/laserbehandlung\/#breadcrumb"},"inLanguage":"de","potentialAction":[{"@type":"ReadAction","target":["https:\/\/centerdent.ch\/de\/angebot\/laserbehandlung\/"]}]},{"@type":"ImageObject","inLanguage":"de","@id":"https:\/\/centerdent.ch\/de\/angebot\/laserbehandlung\/#primaryimage","url":"https:\/\/centerdent.ch\/wp-content\/uploads\/2023\/11\/defaultbanner-scaled.webp","contentUrl":"https:\/\/centerdent.ch\/wp-content\/uploads\/2023\/11\/defaultbanner-scaled.webp","width":2560,"height":995},{"@type":"BreadcrumbList","@id":"https:\/\/centerdent.ch\/de\/angebot\/laserbehandlung\/#breadcrumb","itemListElement":[{"@type":"ListItem","position":1,"name":"Home","item":"https:\/\/centerdent.ch\/de\/"},{"@type":"ListItem","position":2,"name":"Angebot","item":"https:\/\/centerdent.ch\/de\/angebot\/"},{"@type":"ListItem","position":3,"name":"Laserbehandlung"}]},{"@type":"WebSite","@id":"https:\/\/centerdent.ch\/de\/#website","url":"https:\/\/centerdent.ch\/de\/","name":"Centerdent","description":"Ihr Zahnarzt in Z\u00fcrich Sihlcity","potentialAction":[{"@type":"SearchAction","target":{"@type":"EntryPoint","urlTemplate":"https:\/\/centerdent.ch\/de\/?s={search_term_string}"},"query-input":{"@type":"PropertyValueSpecification","valueRequired":true,"valueName":"search_term_string"}}],"inLanguage":"de"}]}},"_links":{"self":[{"href":"https:\/\/centerdent.ch\/de\/wp-json\/wp\/v2\/pages\/943","targetHints":{"allow":["GET"]}}],"collection":[{"href":"https:\/\/centerdent.ch\/de\/wp-json\/wp\/v2\/pages"}],"about":[{"href":"https:\/\/centerdent.ch\/de\/wp-json\/wp\/v2\/types\/page"}],"author":[{"embeddable":true,"href":"https:\/\/centerdent.ch\/de\/wp-json\/wp\/v2\/users\/1"}],"replies":[{"embeddable":true,"href":"https:\/\/centerdent.ch\/de\/wp-json\/wp\/v2\/comments?post=943"}],"version-history":[{"count":4,"href":"https:\/\/centerdent.ch\/de\/wp-json\/wp\/v2\/pages\/943\/revisions"}],"predecessor-version":[{"id":1564,"href":"https:\/\/centerdent.ch\/de\/wp-json\/wp\/v2\/pages\/943\/revisions\/1564"}],"up":[{"embeddable":true,"href":"https:\/\/centerdent.ch\/de\/wp-json\/wp\/v2\/pages\/925"}],"wp:featuredmedia":[{"embeddable":true,"href":"https:\/\/centerdent.ch\/de\/wp-json\/wp\/v2\/media\/1248"}],"wp:attachment":[{"href":"https:\/\/centerdent.ch\/de\/wp-json\/wp\/v2\/media?parent=943"}],"curies":[{"name":"wp","href":"https:\/\/api.w.org\/{rel}","templated":true}]}}