{"id":955,"date":"2023-11-01T10:13:58","date_gmt":"2023-11-01T10:13:58","guid":{"rendered":"https:\/\/centerdent.ch\/?page_id=955"},"modified":"2023-11-13T16:46:48","modified_gmt":"2023-11-13T16:46:48","slug":"implantate","status":"publish","type":"page","link":"https:\/\/centerdent.ch\/de\/angebot\/implantate\/","title":{"rendered":"Implantate"},"content":{"rendered":"<div class=\"fusion-fullwidth fullwidth-box fusion-builder-row-1 fusion-flex-container has-pattern-background has-mask-background nonhundred-percent-fullwidth non-hundred-percent-height-scrolling\" style=\"--awb-border-radius-top-left:0px;--awb-border-radius-top-right:0px;--awb-border-radius-bottom-right:0px;--awb-border-radius-bottom-left:0px;--awb-flex-wrap:wrap;\" ><div class=\"fusion-builder-row fusion-row fusion-flex-align-items-flex-start fusion-flex-justify-content-center fusion-flex-content-wrap\" style=\"max-width:1721.2px;margin-left: calc(-4% \/ 2 );margin-right: calc(-4% \/ 2 );\"><div class=\"fusion-layout-column fusion_builder_column fusion-builder-column-0 fusion_builder_column_3_4 3_4 fusion-flex-column\" style=\"--awb-bg-size:cover;--awb-width-large:75%;--awb-margin-top-large:0px;--awb-spacing-right-large:2.56%;--awb-margin-bottom-large:20px;--awb-spacing-left-large:2.56%;--awb-width-medium:100%;--awb-order-medium:0;--awb-spacing-right-medium:1.92%;--awb-spacing-left-medium:1.92%;--awb-width-small:100%;--awb-order-small:0;--awb-spacing-right-small:1.92%;--awb-spacing-left-small:1.92%;\"><div class=\"fusion-column-wrapper fusion-column-has-shadow fusion-flex-justify-content-flex-start fusion-content-layout-column\"><div class=\"fusion-text fusion-text-1\"><p>Zahnimplantate dienen dem Ersatz von Einzelz\u00e4hnen. Sie sind mit Br\u00fcckenversorgungen oder prothetischen Arbeiten kombinierbar. Implantate sind Reintitanschrauben, welche die Funktion der Zahnwurzeln \u00fcbernehmen. Titan ist biokompatibel und l\u00f6st keine Allergien aus. Die Implantatschrauben werden in einem chirurgischen Eingriff\u00a0 im Kieferknochen verankert. Die Kronenversorgung erfolgt nach einer Einheilungszeit mittels Verschraubung oder Zementierung. Die Einzelzahnversorgung mit Implantaten stellen einen Vorteil dar, da keine gesunden Nachbarz\u00e4hne f\u00fcr die Befestigung pr\u00e4pariert werden m\u00fcssen. Zudem wird der weitere Knochenabbau verhindert.<\/p>\n<p>Implantatgest\u00fctzte Prothesen gew\u00e4hren eine gr\u00f6ssere Stabilit\u00e4t beim Kauen und Sprechen, was eine gr\u00f6ssere Sicherheit und mehr Komfort f\u00fcr den Patienten bedeutet.<\/p>\n<p>Der Langzeiterfolg ist von der Mundhygiene abh\u00e4ngig, weshalb ein optimales Hygieneprogramm und die regelm\u00e4ssige Nachsorge von Zahnarzt\/Zahn\u00e4rztin und Dentalhygienikerin von grosser Bedeutung ist.<\/p>\n<p>Mehrere Studien haben gezeigt, dass Implantate bei sorgf\u00e4ltiger Pflege lange erhalten bleiben: Die Erfolgsquote nach zehn Jahren betr\u00e4gt 95%.<\/p>\n<p>Risikofaktoren f\u00fcr eine Implantation sind u.a.: schlecht eingestellter Diabetes mellitus, Endokarditis (Entz\u00fcndung der Herzinnenhaut), Organtransplantation, Bisphosphonattherapie (bei Osteoporose), Chemo- oder Strahlentherapie, unbehandelte Parodontitis, Rauchen (&gt;als 10 Zigaretten\/Tag) sowie ungen\u00fcgende Mundhygiene.<\/p>\n<\/div><\/div><\/div><\/div><\/div>\n","protected":false},"excerpt":{"rendered":"","protected":false},"author":1,"featured_media":1248,"parent":925,"menu_order":0,"comment_status":"closed","ping_status":"closed","template":"100-width.php","meta":{"footnotes":""},"class_list":["post-955","page","type-page","status-publish","has-post-thumbnail","hentry"],"yoast_head":"<!-- This site is optimized with the Yoast SEO plugin v27.4 - https:\/\/yoast.com\/product\/yoast-seo-wordpress\/ -->\n<title>Centerdent | Zahnimplantate im Zahnarztzentrum von Centerdent in Z\u00fcrich<\/title>\n<meta name=\"description\" content=\"Implantate sind Reintitanschrauben, welche die Funktion von Wurzeln \u00fcbernehmen und dienen dem Ersatz von Einzelz\u00e4hnen. Lassen Sie sich bei uns beraten.\" \/>\n<meta name=\"robots\" content=\"index, follow, max-snippet:-1, max-image-preview:large, max-video-preview:-1\" \/>\n<link rel=\"canonical\" href=\"https:\/\/centerdent.ch\/de\/angebot\/implantate\/\" \/>\n<meta property=\"og:locale\" content=\"de_DE\" \/>\n<meta property=\"og:type\" content=\"article\" \/>\n<meta property=\"og:title\" content=\"Centerdent | Zahnimplantate im Zahnarztzentrum von Centerdent in Z\u00fcrich\" \/>\n<meta property=\"og:description\" content=\"Implantate sind Reintitanschrauben, welche die Funktion von Wurzeln \u00fcbernehmen und dienen dem Ersatz von Einzelz\u00e4hnen. Lassen Sie sich bei uns beraten.\" \/>\n<meta property=\"og:url\" content=\"https:\/\/centerdent.ch\/de\/angebot\/implantate\/\" \/>\n<meta property=\"og:site_name\" content=\"Centerdent\" \/>\n<meta property=\"article:modified_time\" content=\"2023-11-13T16:46:48+00:00\" \/>\n<meta property=\"og:image\" content=\"https:\/\/centerdent.ch\/wp-content\/uploads\/2023\/11\/defaultbanner-scaled.webp\" \/>\n\t<meta property=\"og:image:width\" content=\"2560\" \/>\n\t<meta property=\"og:image:height\" content=\"995\" \/>\n\t<meta property=\"og:image:type\" content=\"image\/webp\" \/>\n<meta name=\"twitter:card\" content=\"summary_large_image\" \/>\n<meta name=\"twitter:label1\" content=\"Gesch\u00e4tzte Lesezeit\" \/>\n\t<meta name=\"twitter:data1\" content=\"3\u00a0Minuten\" \/>\n<script type=\"application\/ld+json\" class=\"yoast-schema-graph\">{\"@context\":\"https:\\\/\\\/schema.org\",\"@graph\":[{\"@type\":\"WebPage\",\"@id\":\"https:\\\/\\\/centerdent.ch\\\/de\\\/angebot\\\/implantate\\\/\",\"url\":\"https:\\\/\\\/centerdent.ch\\\/de\\\/angebot\\\/implantate\\\/\",\"name\":\"Centerdent | Zahnimplantate im Zahnarztzentrum von Centerdent in Z\u00fcrich\",\"isPartOf\":{\"@id\":\"https:\\\/\\\/centerdent.ch\\\/de\\\/#website\"},\"primaryImageOfPage\":{\"@id\":\"https:\\\/\\\/centerdent.ch\\\/de\\\/angebot\\\/implantate\\\/#primaryimage\"},\"image\":{\"@id\":\"https:\\\/\\\/centerdent.ch\\\/de\\\/angebot\\\/implantate\\\/#primaryimage\"},\"thumbnailUrl\":\"https:\\\/\\\/centerdent.ch\\\/wp-content\\\/uploads\\\/2023\\\/11\\\/defaultbanner-scaled.webp\",\"datePublished\":\"2023-11-01T10:13:58+00:00\",\"dateModified\":\"2023-11-13T16:46:48+00:00\",\"description\":\"Implantate sind Reintitanschrauben, welche die Funktion von Wurzeln \u00fcbernehmen und dienen dem Ersatz von Einzelz\u00e4hnen. Lassen Sie sich bei uns beraten.\",\"breadcrumb\":{\"@id\":\"https:\\\/\\\/centerdent.ch\\\/de\\\/angebot\\\/implantate\\\/#breadcrumb\"},\"inLanguage\":\"de\",\"potentialAction\":[{\"@type\":\"ReadAction\",\"target\":[\"https:\\\/\\\/centerdent.ch\\\/de\\\/angebot\\\/implantate\\\/\"]}]},{\"@type\":\"ImageObject\",\"inLanguage\":\"de\",\"@id\":\"https:\\\/\\\/centerdent.ch\\\/de\\\/angebot\\\/implantate\\\/#primaryimage\",\"url\":\"https:\\\/\\\/centerdent.ch\\\/wp-content\\\/uploads\\\/2023\\\/11\\\/defaultbanner-scaled.webp\",\"contentUrl\":\"https:\\\/\\\/centerdent.ch\\\/wp-content\\\/uploads\\\/2023\\\/11\\\/defaultbanner-scaled.webp\",\"width\":2560,\"height\":995},{\"@type\":\"BreadcrumbList\",\"@id\":\"https:\\\/\\\/centerdent.ch\\\/de\\\/angebot\\\/implantate\\\/#breadcrumb\",\"itemListElement\":[{\"@type\":\"ListItem\",\"position\":1,\"name\":\"Home\",\"item\":\"https:\\\/\\\/centerdent.ch\\\/de\\\/\"},{\"@type\":\"ListItem\",\"position\":2,\"name\":\"Angebot\",\"item\":\"https:\\\/\\\/centerdent.ch\\\/de\\\/angebot\\\/\"},{\"@type\":\"ListItem\",\"position\":3,\"name\":\"Implantate\"}]},{\"@type\":\"WebSite\",\"@id\":\"https:\\\/\\\/centerdent.ch\\\/de\\\/#website\",\"url\":\"https:\\\/\\\/centerdent.ch\\\/de\\\/\",\"name\":\"Centerdent\",\"description\":\"Ihr Zahnarzt in Z\u00fcrich Sihlcity\",\"potentialAction\":[{\"@type\":\"SearchAction\",\"target\":{\"@type\":\"EntryPoint\",\"urlTemplate\":\"https:\\\/\\\/centerdent.ch\\\/de\\\/?s={search_term_string}\"},\"query-input\":{\"@type\":\"PropertyValueSpecification\",\"valueRequired\":true,\"valueName\":\"search_term_string\"}}],\"inLanguage\":\"de\"}]}<\/script>\n<!-- \/ Yoast SEO plugin. -->","yoast_head_json":{"title":"Centerdent | Zahnimplantate im Zahnarztzentrum von Centerdent in Z\u00fcrich","description":"Implantate sind Reintitanschrauben, welche die Funktion von Wurzeln \u00fcbernehmen und dienen dem Ersatz von Einzelz\u00e4hnen. Lassen Sie sich bei uns beraten.","robots":{"index":"index","follow":"follow","max-snippet":"max-snippet:-1","max-image-preview":"max-image-preview:large","max-video-preview":"max-video-preview:-1"},"canonical":"https:\/\/centerdent.ch\/de\/angebot\/implantate\/","og_locale":"de_DE","og_type":"article","og_title":"Centerdent | Zahnimplantate im Zahnarztzentrum von Centerdent in Z\u00fcrich","og_description":"Implantate sind Reintitanschrauben, welche die Funktion von Wurzeln \u00fcbernehmen und dienen dem Ersatz von Einzelz\u00e4hnen. Lassen Sie sich bei uns beraten.","og_url":"https:\/\/centerdent.ch\/de\/angebot\/implantate\/","og_site_name":"Centerdent","article_modified_time":"2023-11-13T16:46:48+00:00","og_image":[{"width":2560,"height":995,"url":"https:\/\/centerdent.ch\/wp-content\/uploads\/2023\/11\/defaultbanner-scaled.webp","type":"image\/webp"}],"twitter_card":"summary_large_image","twitter_misc":{"Gesch\u00e4tzte Lesezeit":"3\u00a0Minuten"},"schema":{"@context":"https:\/\/schema.org","@graph":[{"@type":"WebPage","@id":"https:\/\/centerdent.ch\/de\/angebot\/implantate\/","url":"https:\/\/centerdent.ch\/de\/angebot\/implantate\/","name":"Centerdent | Zahnimplantate im Zahnarztzentrum von Centerdent in Z\u00fcrich","isPartOf":{"@id":"https:\/\/centerdent.ch\/de\/#website"},"primaryImageOfPage":{"@id":"https:\/\/centerdent.ch\/de\/angebot\/implantate\/#primaryimage"},"image":{"@id":"https:\/\/centerdent.ch\/de\/angebot\/implantate\/#primaryimage"},"thumbnailUrl":"https:\/\/centerdent.ch\/wp-content\/uploads\/2023\/11\/defaultbanner-scaled.webp","datePublished":"2023-11-01T10:13:58+00:00","dateModified":"2023-11-13T16:46:48+00:00","description":"Implantate sind Reintitanschrauben, welche die Funktion von Wurzeln \u00fcbernehmen und dienen dem Ersatz von Einzelz\u00e4hnen. Lassen Sie sich bei uns beraten.","breadcrumb":{"@id":"https:\/\/centerdent.ch\/de\/angebot\/implantate\/#breadcrumb"},"inLanguage":"de","potentialAction":[{"@type":"ReadAction","target":["https:\/\/centerdent.ch\/de\/angebot\/implantate\/"]}]},{"@type":"ImageObject","inLanguage":"de","@id":"https:\/\/centerdent.ch\/de\/angebot\/implantate\/#primaryimage","url":"https:\/\/centerdent.ch\/wp-content\/uploads\/2023\/11\/defaultbanner-scaled.webp","contentUrl":"https:\/\/centerdent.ch\/wp-content\/uploads\/2023\/11\/defaultbanner-scaled.webp","width":2560,"height":995},{"@type":"BreadcrumbList","@id":"https:\/\/centerdent.ch\/de\/angebot\/implantate\/#breadcrumb","itemListElement":[{"@type":"ListItem","position":1,"name":"Home","item":"https:\/\/centerdent.ch\/de\/"},{"@type":"ListItem","position":2,"name":"Angebot","item":"https:\/\/centerdent.ch\/de\/angebot\/"},{"@type":"ListItem","position":3,"name":"Implantate"}]},{"@type":"WebSite","@id":"https:\/\/centerdent.ch\/de\/#website","url":"https:\/\/centerdent.ch\/de\/","name":"Centerdent","description":"Ihr Zahnarzt in Z\u00fcrich Sihlcity","potentialAction":[{"@type":"SearchAction","target":{"@type":"EntryPoint","urlTemplate":"https:\/\/centerdent.ch\/de\/?s={search_term_string}"},"query-input":{"@type":"PropertyValueSpecification","valueRequired":true,"valueName":"search_term_string"}}],"inLanguage":"de"}]}},"_links":{"self":[{"href":"https:\/\/centerdent.ch\/de\/wp-json\/wp\/v2\/pages\/955","targetHints":{"allow":["GET"]}}],"collection":[{"href":"https:\/\/centerdent.ch\/de\/wp-json\/wp\/v2\/pages"}],"about":[{"href":"https:\/\/centerdent.ch\/de\/wp-json\/wp\/v2\/types\/page"}],"author":[{"embeddable":true,"href":"https:\/\/centerdent.ch\/de\/wp-json\/wp\/v2\/users\/1"}],"replies":[{"embeddable":true,"href":"https:\/\/centerdent.ch\/de\/wp-json\/wp\/v2\/comments?post=955"}],"version-history":[{"count":4,"href":"https:\/\/centerdent.ch\/de\/wp-json\/wp\/v2\/pages\/955\/revisions"}],"predecessor-version":[{"id":1572,"href":"https:\/\/centerdent.ch\/de\/wp-json\/wp\/v2\/pages\/955\/revisions\/1572"}],"up":[{"embeddable":true,"href":"https:\/\/centerdent.ch\/de\/wp-json\/wp\/v2\/pages\/925"}],"wp:featuredmedia":[{"embeddable":true,"href":"https:\/\/centerdent.ch\/de\/wp-json\/wp\/v2\/media\/1248"}],"wp:attachment":[{"href":"https:\/\/centerdent.ch\/de\/wp-json\/wp\/v2\/media?parent=955"}],"curies":[{"name":"wp","href":"https:\/\/api.w.org\/{rel}","templated":true}]}}