{"id":957,"date":"2023-11-01T10:14:36","date_gmt":"2023-11-01T10:14:36","guid":{"rendered":"https:\/\/centerdent.ch\/?page_id=957"},"modified":"2023-11-13T16:46:28","modified_gmt":"2023-11-13T16:46:28","slug":"kieferorthopaedie","status":"publish","type":"page","link":"https:\/\/centerdent.ch\/de\/angebot\/kieferorthopaedie\/","title":{"rendered":"Kieferorthop\u00e4die"},"content":{"rendered":"<div class=\"fusion-fullwidth fullwidth-box fusion-builder-row-1 fusion-flex-container has-pattern-background has-mask-background nonhundred-percent-fullwidth non-hundred-percent-height-scrolling\" style=\"--awb-border-radius-top-left:0px;--awb-border-radius-top-right:0px;--awb-border-radius-bottom-right:0px;--awb-border-radius-bottom-left:0px;--awb-flex-wrap:wrap;\" ><div class=\"fusion-builder-row fusion-row fusion-flex-align-items-flex-start fusion-flex-justify-content-center fusion-flex-content-wrap\" style=\"max-width:1721.2px;margin-left: calc(-4% \/ 2 );margin-right: calc(-4% \/ 2 );\"><div class=\"fusion-layout-column fusion_builder_column fusion-builder-column-0 fusion_builder_column_3_4 3_4 fusion-flex-column\" style=\"--awb-bg-size:cover;--awb-width-large:75%;--awb-margin-top-large:0px;--awb-spacing-right-large:2.56%;--awb-margin-bottom-large:20px;--awb-spacing-left-large:2.56%;--awb-width-medium:100%;--awb-order-medium:0;--awb-spacing-right-medium:1.92%;--awb-spacing-left-medium:1.92%;--awb-width-small:100%;--awb-order-small:0;--awb-spacing-right-small:1.92%;--awb-spacing-left-small:1.92%;\"><div class=\"fusion-column-wrapper fusion-column-has-shadow fusion-flex-justify-content-flex-start fusion-content-layout-column\"><div class=\"fusion-text fusion-text-1\"><h2>Zahnspange mit Brackets (Umgangssprache &#8222;Gartenhag&#8220;), herausnehmbare und festsitzende Spangen<\/h2>\n<p>Zahnstellungskorrekturen sind bei Kindern, Jugendlichen und auch Erwachsenen m\u00f6glich. W\u00e4hrend Kieferanomalien im Wachstum behandelt werden sollten, sind \u00e4sthetische Korrekturen altersunabh\u00e4ngig. Vorausgesetzt ist ein gesunder Zahnhalteapparat (Parodont) und eine gute Mundhygiene.<\/p>\n<p>Je nach Zahn- und Kieferfehlstellung wird mit herausnehmbaren oder festsitzenden Apparaturen gearbeitet.<\/p>\n<p>Festsitzende Apparaturen (Brackets mit Dr\u00e4hten) werden klassischerweise auf die Vorderseite der Z\u00e4hne angebracht. Bei Erwachsenen werden Sie hingegen oftmals auf die Zungenseite geklebt und sind somit unsichtbar (Lingualtechnik).<\/p>\n<p><strong><a name=\"unsichtbar\"><\/a>Unsichtbare Zahnspange (f\u00fcr Erwachsene und Jugendliche): <\/strong><\/p>\n<\/div><div class=\"fusion-image-element \" style=\"--awb-caption-title-font-family:var(--h2_typography-font-family);--awb-caption-title-font-weight:var(--h2_typography-font-weight);--awb-caption-title-font-style:var(--h2_typography-font-style);--awb-caption-title-size:var(--h2_typography-font-size);--awb-caption-title-transform:var(--h2_typography-text-transform);--awb-caption-title-line-height:var(--h2_typography-line-height);--awb-caption-title-letter-spacing:var(--h2_typography-letter-spacing);\"><span class=\" fusion-imageframe imageframe-none imageframe-1 hover-type-none\"><img decoding=\"async\" width=\"260\" height=\"65\" title=\"Invisalign_Logo\" src=\"https:\/\/centerdent.ch\/wp-content\/uploads\/2023\/11\/Invisalign_Logo.jpg\" data-orig-src=\"https:\/\/centerdent.ch\/wp-content\/uploads\/2023\/11\/Invisalign_Logo.jpg\" alt class=\"lazyload img-responsive wp-image-1264\" srcset=\"data:image\/svg+xml,%3Csvg%20xmlns%3D%27http%3A%2F%2Fwww.w3.org%2F2000%2Fsvg%27%20width%3D%27260%27%20height%3D%2765%27%20viewBox%3D%270%200%20260%2065%27%3E%3Crect%20width%3D%27260%27%20height%3D%2765%27%20fill-opacity%3D%220%22%2F%3E%3C%2Fsvg%3E\" data-srcset=\"https:\/\/centerdent.ch\/wp-content\/uploads\/2023\/11\/Invisalign_Logo-200x50.jpg 200w, https:\/\/centerdent.ch\/wp-content\/uploads\/2023\/11\/Invisalign_Logo.jpg 260w\" data-sizes=\"auto\" data-orig-sizes=\"(max-width: 1250px) 100vw, (max-width: 640px) 100vw, 260px\" \/><\/span><\/div><div class=\"fusion-text fusion-text-2\"><p>Die Invisalignmethode arbeitet mit durchsichtigen, praktisch unsichtbaren Alignern (Schienen), die speziell angefertigt sind und alle zwei Wochen durch neue Aligner ersetzt werden. Zu Behandlungsbeginn kann mittels eines virtuellen Behandlungsplanes das Endergebnis simuliert werden. Mit jedem Satz neuer Aligner wird die Zahnstellung fortlaufend optimiert. Die Aligner sind herausnehmbar, komfortabel zu tragen und effizient in der Behandlung.<\/p>\n<\/div><\/div><\/div><\/div><\/div>\n","protected":false},"excerpt":{"rendered":"","protected":false},"author":1,"featured_media":1248,"parent":925,"menu_order":0,"comment_status":"closed","ping_status":"closed","template":"100-width.php","meta":{"footnotes":""},"class_list":["post-957","page","type-page","status-publish","has-post-thumbnail","hentry"],"yoast_head":"<!-- This site is optimized with the Yoast SEO plugin v27.4 - https:\/\/yoast.com\/product\/yoast-seo-wordpress\/ -->\n<title>Centerdent | Kieferorthop\u00e4die<\/title>\n<meta name=\"description\" content=\"Wir bieten Zahnstellungskorrekturen bei Kindern, Jugendlichen und auch Erwachsenen an, u.a. die Invisalignmethode mit durchsichtigen, praktisch unsichtbaren Schienen.\" \/>\n<meta name=\"robots\" content=\"index, follow, max-snippet:-1, max-image-preview:large, max-video-preview:-1\" \/>\n<link rel=\"canonical\" href=\"https:\/\/centerdent.ch\/de\/angebot\/kieferorthopaedie\/\" \/>\n<meta property=\"og:locale\" content=\"de_DE\" \/>\n<meta property=\"og:type\" content=\"article\" \/>\n<meta property=\"og:title\" content=\"Centerdent | Kieferorthop\u00e4die\" \/>\n<meta property=\"og:description\" content=\"Wir bieten Zahnstellungskorrekturen bei Kindern, Jugendlichen und auch Erwachsenen an, u.a. die Invisalignmethode mit durchsichtigen, praktisch unsichtbaren Schienen.\" \/>\n<meta property=\"og:url\" content=\"https:\/\/centerdent.ch\/de\/angebot\/kieferorthopaedie\/\" \/>\n<meta property=\"og:site_name\" content=\"Centerdent\" \/>\n<meta property=\"article:modified_time\" content=\"2023-11-13T16:46:28+00:00\" \/>\n<meta property=\"og:image\" content=\"https:\/\/centerdent.ch\/wp-content\/uploads\/2023\/11\/defaultbanner-scaled.webp\" \/>\n\t<meta property=\"og:image:width\" content=\"2560\" \/>\n\t<meta property=\"og:image:height\" content=\"995\" \/>\n\t<meta property=\"og:image:type\" content=\"image\/webp\" \/>\n<meta name=\"twitter:card\" content=\"summary_large_image\" \/>\n<meta name=\"twitter:label1\" content=\"Gesch\u00e4tzte Lesezeit\" \/>\n\t<meta name=\"twitter:data1\" content=\"3\u00a0Minuten\" \/>\n<script type=\"application\/ld+json\" class=\"yoast-schema-graph\">{\"@context\":\"https:\\\/\\\/schema.org\",\"@graph\":[{\"@type\":\"WebPage\",\"@id\":\"https:\\\/\\\/centerdent.ch\\\/de\\\/angebot\\\/kieferorthopaedie\\\/\",\"url\":\"https:\\\/\\\/centerdent.ch\\\/de\\\/angebot\\\/kieferorthopaedie\\\/\",\"name\":\"Centerdent | Kieferorthop\u00e4die\",\"isPartOf\":{\"@id\":\"https:\\\/\\\/centerdent.ch\\\/de\\\/#website\"},\"primaryImageOfPage\":{\"@id\":\"https:\\\/\\\/centerdent.ch\\\/de\\\/angebot\\\/kieferorthopaedie\\\/#primaryimage\"},\"image\":{\"@id\":\"https:\\\/\\\/centerdent.ch\\\/de\\\/angebot\\\/kieferorthopaedie\\\/#primaryimage\"},\"thumbnailUrl\":\"https:\\\/\\\/centerdent.ch\\\/wp-content\\\/uploads\\\/2023\\\/11\\\/defaultbanner-scaled.webp\",\"datePublished\":\"2023-11-01T10:14:36+00:00\",\"dateModified\":\"2023-11-13T16:46:28+00:00\",\"description\":\"Wir bieten Zahnstellungskorrekturen bei Kindern, Jugendlichen und auch Erwachsenen an, u.a. die Invisalignmethode mit durchsichtigen, praktisch unsichtbaren Schienen.\",\"breadcrumb\":{\"@id\":\"https:\\\/\\\/centerdent.ch\\\/de\\\/angebot\\\/kieferorthopaedie\\\/#breadcrumb\"},\"inLanguage\":\"de\",\"potentialAction\":[{\"@type\":\"ReadAction\",\"target\":[\"https:\\\/\\\/centerdent.ch\\\/de\\\/angebot\\\/kieferorthopaedie\\\/\"]}]},{\"@type\":\"ImageObject\",\"inLanguage\":\"de\",\"@id\":\"https:\\\/\\\/centerdent.ch\\\/de\\\/angebot\\\/kieferorthopaedie\\\/#primaryimage\",\"url\":\"https:\\\/\\\/centerdent.ch\\\/wp-content\\\/uploads\\\/2023\\\/11\\\/defaultbanner-scaled.webp\",\"contentUrl\":\"https:\\\/\\\/centerdent.ch\\\/wp-content\\\/uploads\\\/2023\\\/11\\\/defaultbanner-scaled.webp\",\"width\":2560,\"height\":995},{\"@type\":\"BreadcrumbList\",\"@id\":\"https:\\\/\\\/centerdent.ch\\\/de\\\/angebot\\\/kieferorthopaedie\\\/#breadcrumb\",\"itemListElement\":[{\"@type\":\"ListItem\",\"position\":1,\"name\":\"Home\",\"item\":\"https:\\\/\\\/centerdent.ch\\\/de\\\/\"},{\"@type\":\"ListItem\",\"position\":2,\"name\":\"Angebot\",\"item\":\"https:\\\/\\\/centerdent.ch\\\/de\\\/angebot\\\/\"},{\"@type\":\"ListItem\",\"position\":3,\"name\":\"Kieferorthop\u00e4die\"}]},{\"@type\":\"WebSite\",\"@id\":\"https:\\\/\\\/centerdent.ch\\\/de\\\/#website\",\"url\":\"https:\\\/\\\/centerdent.ch\\\/de\\\/\",\"name\":\"Centerdent\",\"description\":\"Ihr Zahnarzt in Z\u00fcrich Sihlcity\",\"potentialAction\":[{\"@type\":\"SearchAction\",\"target\":{\"@type\":\"EntryPoint\",\"urlTemplate\":\"https:\\\/\\\/centerdent.ch\\\/de\\\/?s={search_term_string}\"},\"query-input\":{\"@type\":\"PropertyValueSpecification\",\"valueRequired\":true,\"valueName\":\"search_term_string\"}}],\"inLanguage\":\"de\"}]}<\/script>\n<!-- \/ Yoast SEO plugin. -->","yoast_head_json":{"title":"Centerdent | Kieferorthop\u00e4die","description":"Wir bieten Zahnstellungskorrekturen bei Kindern, Jugendlichen und auch Erwachsenen an, u.a. die Invisalignmethode mit durchsichtigen, praktisch unsichtbaren Schienen.","robots":{"index":"index","follow":"follow","max-snippet":"max-snippet:-1","max-image-preview":"max-image-preview:large","max-video-preview":"max-video-preview:-1"},"canonical":"https:\/\/centerdent.ch\/de\/angebot\/kieferorthopaedie\/","og_locale":"de_DE","og_type":"article","og_title":"Centerdent | Kieferorthop\u00e4die","og_description":"Wir bieten Zahnstellungskorrekturen bei Kindern, Jugendlichen und auch Erwachsenen an, u.a. die Invisalignmethode mit durchsichtigen, praktisch unsichtbaren Schienen.","og_url":"https:\/\/centerdent.ch\/de\/angebot\/kieferorthopaedie\/","og_site_name":"Centerdent","article_modified_time":"2023-11-13T16:46:28+00:00","og_image":[{"width":2560,"height":995,"url":"https:\/\/centerdent.ch\/wp-content\/uploads\/2023\/11\/defaultbanner-scaled.webp","type":"image\/webp"}],"twitter_card":"summary_large_image","twitter_misc":{"Gesch\u00e4tzte Lesezeit":"3\u00a0Minuten"},"schema":{"@context":"https:\/\/schema.org","@graph":[{"@type":"WebPage","@id":"https:\/\/centerdent.ch\/de\/angebot\/kieferorthopaedie\/","url":"https:\/\/centerdent.ch\/de\/angebot\/kieferorthopaedie\/","name":"Centerdent | Kieferorthop\u00e4die","isPartOf":{"@id":"https:\/\/centerdent.ch\/de\/#website"},"primaryImageOfPage":{"@id":"https:\/\/centerdent.ch\/de\/angebot\/kieferorthopaedie\/#primaryimage"},"image":{"@id":"https:\/\/centerdent.ch\/de\/angebot\/kieferorthopaedie\/#primaryimage"},"thumbnailUrl":"https:\/\/centerdent.ch\/wp-content\/uploads\/2023\/11\/defaultbanner-scaled.webp","datePublished":"2023-11-01T10:14:36+00:00","dateModified":"2023-11-13T16:46:28+00:00","description":"Wir bieten Zahnstellungskorrekturen bei Kindern, Jugendlichen und auch Erwachsenen an, u.a. die Invisalignmethode mit durchsichtigen, praktisch unsichtbaren Schienen.","breadcrumb":{"@id":"https:\/\/centerdent.ch\/de\/angebot\/kieferorthopaedie\/#breadcrumb"},"inLanguage":"de","potentialAction":[{"@type":"ReadAction","target":["https:\/\/centerdent.ch\/de\/angebot\/kieferorthopaedie\/"]}]},{"@type":"ImageObject","inLanguage":"de","@id":"https:\/\/centerdent.ch\/de\/angebot\/kieferorthopaedie\/#primaryimage","url":"https:\/\/centerdent.ch\/wp-content\/uploads\/2023\/11\/defaultbanner-scaled.webp","contentUrl":"https:\/\/centerdent.ch\/wp-content\/uploads\/2023\/11\/defaultbanner-scaled.webp","width":2560,"height":995},{"@type":"BreadcrumbList","@id":"https:\/\/centerdent.ch\/de\/angebot\/kieferorthopaedie\/#breadcrumb","itemListElement":[{"@type":"ListItem","position":1,"name":"Home","item":"https:\/\/centerdent.ch\/de\/"},{"@type":"ListItem","position":2,"name":"Angebot","item":"https:\/\/centerdent.ch\/de\/angebot\/"},{"@type":"ListItem","position":3,"name":"Kieferorthop\u00e4die"}]},{"@type":"WebSite","@id":"https:\/\/centerdent.ch\/de\/#website","url":"https:\/\/centerdent.ch\/de\/","name":"Centerdent","description":"Ihr Zahnarzt in Z\u00fcrich Sihlcity","potentialAction":[{"@type":"SearchAction","target":{"@type":"EntryPoint","urlTemplate":"https:\/\/centerdent.ch\/de\/?s={search_term_string}"},"query-input":{"@type":"PropertyValueSpecification","valueRequired":true,"valueName":"search_term_string"}}],"inLanguage":"de"}]}},"_links":{"self":[{"href":"https:\/\/centerdent.ch\/de\/wp-json\/wp\/v2\/pages\/957","targetHints":{"allow":["GET"]}}],"collection":[{"href":"https:\/\/centerdent.ch\/de\/wp-json\/wp\/v2\/pages"}],"about":[{"href":"https:\/\/centerdent.ch\/de\/wp-json\/wp\/v2\/types\/page"}],"author":[{"embeddable":true,"href":"https:\/\/centerdent.ch\/de\/wp-json\/wp\/v2\/users\/1"}],"replies":[{"embeddable":true,"href":"https:\/\/centerdent.ch\/de\/wp-json\/wp\/v2\/comments?post=957"}],"version-history":[{"count":4,"href":"https:\/\/centerdent.ch\/de\/wp-json\/wp\/v2\/pages\/957\/revisions"}],"predecessor-version":[{"id":1571,"href":"https:\/\/centerdent.ch\/de\/wp-json\/wp\/v2\/pages\/957\/revisions\/1571"}],"up":[{"embeddable":true,"href":"https:\/\/centerdent.ch\/de\/wp-json\/wp\/v2\/pages\/925"}],"wp:featuredmedia":[{"embeddable":true,"href":"https:\/\/centerdent.ch\/de\/wp-json\/wp\/v2\/media\/1248"}],"wp:attachment":[{"href":"https:\/\/centerdent.ch\/de\/wp-json\/wp\/v2\/media?parent=957"}],"curies":[{"name":"wp","href":"https:\/\/api.w.org\/{rel}","templated":true}]}}