{"id":961,"date":"2023-11-01T10:15:11","date_gmt":"2023-11-01T10:15:11","guid":{"rendered":"https:\/\/centerdent.ch\/?page_id=961"},"modified":"2023-11-13T16:48:37","modified_gmt":"2023-11-13T16:48:37","slug":"diverses","status":"publish","type":"page","link":"https:\/\/centerdent.ch\/de\/angebot\/diverses\/","title":{"rendered":"Diverses"},"content":{"rendered":"<div class=\"fusion-fullwidth fullwidth-box fusion-builder-row-1 fusion-flex-container has-pattern-background has-mask-background nonhundred-percent-fullwidth non-hundred-percent-height-scrolling\" style=\"--awb-border-radius-top-left:0px;--awb-border-radius-top-right:0px;--awb-border-radius-bottom-right:0px;--awb-border-radius-bottom-left:0px;--awb-flex-wrap:wrap;\" ><div class=\"fusion-builder-row fusion-row fusion-flex-align-items-flex-start fusion-flex-content-wrap\" style=\"max-width:1721.2px;margin-left: calc(-4% \/ 2 );margin-right: calc(-4% \/ 2 );\"><div class=\"fusion-layout-column fusion_builder_column fusion-builder-column-0 fusion_builder_column_1_1 1_1 fusion-flex-column\" style=\"--awb-bg-size:cover;--awb-width-large:100%;--awb-margin-top-large:0px;--awb-spacing-right-large:1.92%;--awb-margin-bottom-large:40px;--awb-spacing-left-large:1.92%;--awb-width-medium:100%;--awb-order-medium:0;--awb-spacing-right-medium:1.92%;--awb-spacing-left-medium:1.92%;--awb-width-small:100%;--awb-order-small:0;--awb-spacing-right-small:1.92%;--awb-spacing-left-small:1.92%;\"><div class=\"fusion-column-wrapper fusion-column-has-shadow fusion-flex-justify-content-flex-start fusion-content-layout-column\"><div class=\"fusion-text fusion-text-1\"><h2>Michiganschiene und NTI-Schiene<\/h2>\n<p>Durch Zusammenpressen der Z\u00e4hne und Knirschen k\u00f6nnen Kopf- und Nackenschmerzen, druckempfindliche Kaumuskulatur, Schmerzen an gesunden Z\u00e4hnen sowie Absplitterungen an Z\u00e4hnen und F\u00fcllungen verursacht werden. Oft passiert das Pressen nachts infolge Stressverarbeitung und ist demzufolge schwer zu kontrollieren.<\/p>\n<p>Die NTI (Nociceptive Trigeminale Inhibition)-Schiene umfasst die Frontz\u00e4hne und wird nachts getragen. Die Entwicklung starker Kaukr\u00e4fte wird vermieden.<\/p>\n<p>Die Michiganschiene wird ebenfalls nachts getragen und erstreckt sich \u00fcber die gesamte Kaufl\u00e4che und wird zum Schutz von Zahnfrakturen durch Knirschen sowie auch bei der Erkrankung der Kaumuskulatur sowie des Kiefergelenkes eingesetzt.<\/p>\n<h2>Lachgas<\/h2>\n<p>Eine Behandlung unter Lachgas ist empfehlenswert f\u00fcr Kinder und f\u00fcr Patienten mit Angst vor zahn\u00e4rztlichen Behandlungen.<\/p>\n<p>Die Lachgas-Sedation wird mittels eines Sauerstoff-Lachgas-Gemisches durchgef\u00fchrt. Es wirkt schmerzlindernd, entspannend, beruhigend und angstl\u00f6send. Die Wirkung tritt schnell ein, und l\u00e4sst nach Beendigung der Inhalation auch wieder rasch nach.<\/p>\n<p>Sprechen Sie Ihren Zahnarzt darauf an, wenn Sie eine Behandlung unter Lachgas w\u00fcnschen.<\/p>\n<h2>Narkose<\/h2>\n<p>Wir f\u00fchren die ambulante Vollnarkose in unserer Praxis mit einem erfahrenen An\u00e4sthesieteam zusammen durch. Die Sanierung in Narkose ist empfehlenswert bei Kindern mit grossem Behandlungspensum, bei \u00e4ngstlichen sowie behinderten Patienten.<\/p>\n<p>Unsere langj\u00e4hrige Erfahrung zeigt, dass die Behandlung in Vollnarkose eine sehr sichere M\u00f6glichkeit ist, dem Patienten eine g\u00e4nzlich stressfreie und vollumf\u00e4ngliche Sanierung in einer Sitzung zu erm\u00f6glichen.<\/p>\n<h2>Sportmundschutz<\/h2>\n<p>Der sichere Zahnschutz f\u00fcr Sportarten, bei denen die Frontz\u00e4hne exponiert sind und starken Schl\u00e4gen ausgesetzt werden k\u00f6nnen: u.a. Squash, Eishockey, Kickboxen, Rugby.<\/p>\n<p>Der Sportmundschutz wird individuell angefertigt, sitzt fest  und ist angenehm zu tragen.<\/p>\n<h2>Zahnschmuck<\/h2>\n<p>Geschliffene Glassteinchen k\u00f6nnen mittels Klebetechnik auf den Zahn geklebt werden. Der Zahnschmelz wird dabei nicht verletzt, und die Steinchen k\u00f6nnen problemlos wieder entfernt werden.<\/p>\n<\/div><\/div><\/div><\/div><\/div>\n","protected":false},"excerpt":{"rendered":"","protected":false},"author":1,"featured_media":1248,"parent":925,"menu_order":0,"comment_status":"closed","ping_status":"closed","template":"100-width.php","meta":{"footnotes":""},"class_list":["post-961","page","type-page","status-publish","has-post-thumbnail","hentry"],"yoast_head":"<!-- This site is optimized with the Yoast SEO plugin v27.4 - https:\/\/yoast.com\/product\/yoast-seo-wordpress\/ -->\n<title>Centerdent | Weitere Dienstleistungen<\/title>\n<meta name=\"description\" content=\"Wir bieten Ihnen auch Michigan- und NTI-Schienen, Sportmundschutz, Zahnschmuck, Vollnarkose und Lachgas an. Wir freuen uns auf Ihren Besuch.\" \/>\n<meta name=\"robots\" content=\"index, follow, max-snippet:-1, max-image-preview:large, max-video-preview:-1\" \/>\n<link rel=\"canonical\" href=\"https:\/\/centerdent.ch\/de\/angebot\/diverses\/\" \/>\n<meta property=\"og:locale\" content=\"de_DE\" \/>\n<meta property=\"og:type\" content=\"article\" \/>\n<meta property=\"og:title\" content=\"Centerdent | Weitere Dienstleistungen\" \/>\n<meta property=\"og:description\" content=\"Wir bieten Ihnen auch Michigan- und NTI-Schienen, Sportmundschutz, Zahnschmuck, Vollnarkose und Lachgas an. Wir freuen uns auf Ihren Besuch.\" \/>\n<meta property=\"og:url\" content=\"https:\/\/centerdent.ch\/de\/angebot\/diverses\/\" \/>\n<meta property=\"og:site_name\" content=\"Centerdent\" \/>\n<meta property=\"article:modified_time\" content=\"2023-11-13T16:48:37+00:00\" \/>\n<meta property=\"og:image\" content=\"https:\/\/centerdent.ch\/wp-content\/uploads\/2023\/11\/defaultbanner-scaled.webp\" \/>\n\t<meta property=\"og:image:width\" content=\"2560\" \/>\n\t<meta property=\"og:image:height\" content=\"995\" \/>\n\t<meta property=\"og:image:type\" content=\"image\/webp\" \/>\n<meta name=\"twitter:card\" content=\"summary_large_image\" \/>\n<meta name=\"twitter:label1\" content=\"Gesch\u00e4tzte Lesezeit\" \/>\n\t<meta name=\"twitter:data1\" content=\"3\u00a0Minuten\" \/>\n<script type=\"application\/ld+json\" class=\"yoast-schema-graph\">{\"@context\":\"https:\\\/\\\/schema.org\",\"@graph\":[{\"@type\":\"WebPage\",\"@id\":\"https:\\\/\\\/centerdent.ch\\\/de\\\/angebot\\\/diverses\\\/\",\"url\":\"https:\\\/\\\/centerdent.ch\\\/de\\\/angebot\\\/diverses\\\/\",\"name\":\"Centerdent | Weitere Dienstleistungen\",\"isPartOf\":{\"@id\":\"https:\\\/\\\/centerdent.ch\\\/de\\\/#website\"},\"primaryImageOfPage\":{\"@id\":\"https:\\\/\\\/centerdent.ch\\\/de\\\/angebot\\\/diverses\\\/#primaryimage\"},\"image\":{\"@id\":\"https:\\\/\\\/centerdent.ch\\\/de\\\/angebot\\\/diverses\\\/#primaryimage\"},\"thumbnailUrl\":\"https:\\\/\\\/centerdent.ch\\\/wp-content\\\/uploads\\\/2023\\\/11\\\/defaultbanner-scaled.webp\",\"datePublished\":\"2023-11-01T10:15:11+00:00\",\"dateModified\":\"2023-11-13T16:48:37+00:00\",\"description\":\"Wir bieten Ihnen auch Michigan- und NTI-Schienen, Sportmundschutz, Zahnschmuck, Vollnarkose und Lachgas an. Wir freuen uns auf Ihren Besuch.\",\"breadcrumb\":{\"@id\":\"https:\\\/\\\/centerdent.ch\\\/de\\\/angebot\\\/diverses\\\/#breadcrumb\"},\"inLanguage\":\"de\",\"potentialAction\":[{\"@type\":\"ReadAction\",\"target\":[\"https:\\\/\\\/centerdent.ch\\\/de\\\/angebot\\\/diverses\\\/\"]}]},{\"@type\":\"ImageObject\",\"inLanguage\":\"de\",\"@id\":\"https:\\\/\\\/centerdent.ch\\\/de\\\/angebot\\\/diverses\\\/#primaryimage\",\"url\":\"https:\\\/\\\/centerdent.ch\\\/wp-content\\\/uploads\\\/2023\\\/11\\\/defaultbanner-scaled.webp\",\"contentUrl\":\"https:\\\/\\\/centerdent.ch\\\/wp-content\\\/uploads\\\/2023\\\/11\\\/defaultbanner-scaled.webp\",\"width\":2560,\"height\":995},{\"@type\":\"BreadcrumbList\",\"@id\":\"https:\\\/\\\/centerdent.ch\\\/de\\\/angebot\\\/diverses\\\/#breadcrumb\",\"itemListElement\":[{\"@type\":\"ListItem\",\"position\":1,\"name\":\"Home\",\"item\":\"https:\\\/\\\/centerdent.ch\\\/de\\\/\"},{\"@type\":\"ListItem\",\"position\":2,\"name\":\"Angebot\",\"item\":\"https:\\\/\\\/centerdent.ch\\\/de\\\/angebot\\\/\"},{\"@type\":\"ListItem\",\"position\":3,\"name\":\"Diverses\"}]},{\"@type\":\"WebSite\",\"@id\":\"https:\\\/\\\/centerdent.ch\\\/de\\\/#website\",\"url\":\"https:\\\/\\\/centerdent.ch\\\/de\\\/\",\"name\":\"Centerdent\",\"description\":\"Ihr Zahnarzt in Z\u00fcrich Sihlcity\",\"potentialAction\":[{\"@type\":\"SearchAction\",\"target\":{\"@type\":\"EntryPoint\",\"urlTemplate\":\"https:\\\/\\\/centerdent.ch\\\/de\\\/?s={search_term_string}\"},\"query-input\":{\"@type\":\"PropertyValueSpecification\",\"valueRequired\":true,\"valueName\":\"search_term_string\"}}],\"inLanguage\":\"de\"}]}<\/script>\n<!-- \/ Yoast SEO plugin. -->","yoast_head_json":{"title":"Centerdent | Weitere Dienstleistungen","description":"Wir bieten Ihnen auch Michigan- und NTI-Schienen, Sportmundschutz, Zahnschmuck, Vollnarkose und Lachgas an. Wir freuen uns auf Ihren Besuch.","robots":{"index":"index","follow":"follow","max-snippet":"max-snippet:-1","max-image-preview":"max-image-preview:large","max-video-preview":"max-video-preview:-1"},"canonical":"https:\/\/centerdent.ch\/de\/angebot\/diverses\/","og_locale":"de_DE","og_type":"article","og_title":"Centerdent | Weitere Dienstleistungen","og_description":"Wir bieten Ihnen auch Michigan- und NTI-Schienen, Sportmundschutz, Zahnschmuck, Vollnarkose und Lachgas an. Wir freuen uns auf Ihren Besuch.","og_url":"https:\/\/centerdent.ch\/de\/angebot\/diverses\/","og_site_name":"Centerdent","article_modified_time":"2023-11-13T16:48:37+00:00","og_image":[{"width":2560,"height":995,"url":"https:\/\/centerdent.ch\/wp-content\/uploads\/2023\/11\/defaultbanner-scaled.webp","type":"image\/webp"}],"twitter_card":"summary_large_image","twitter_misc":{"Gesch\u00e4tzte Lesezeit":"3\u00a0Minuten"},"schema":{"@context":"https:\/\/schema.org","@graph":[{"@type":"WebPage","@id":"https:\/\/centerdent.ch\/de\/angebot\/diverses\/","url":"https:\/\/centerdent.ch\/de\/angebot\/diverses\/","name":"Centerdent | Weitere Dienstleistungen","isPartOf":{"@id":"https:\/\/centerdent.ch\/de\/#website"},"primaryImageOfPage":{"@id":"https:\/\/centerdent.ch\/de\/angebot\/diverses\/#primaryimage"},"image":{"@id":"https:\/\/centerdent.ch\/de\/angebot\/diverses\/#primaryimage"},"thumbnailUrl":"https:\/\/centerdent.ch\/wp-content\/uploads\/2023\/11\/defaultbanner-scaled.webp","datePublished":"2023-11-01T10:15:11+00:00","dateModified":"2023-11-13T16:48:37+00:00","description":"Wir bieten Ihnen auch Michigan- und NTI-Schienen, Sportmundschutz, Zahnschmuck, Vollnarkose und Lachgas an. Wir freuen uns auf Ihren Besuch.","breadcrumb":{"@id":"https:\/\/centerdent.ch\/de\/angebot\/diverses\/#breadcrumb"},"inLanguage":"de","potentialAction":[{"@type":"ReadAction","target":["https:\/\/centerdent.ch\/de\/angebot\/diverses\/"]}]},{"@type":"ImageObject","inLanguage":"de","@id":"https:\/\/centerdent.ch\/de\/angebot\/diverses\/#primaryimage","url":"https:\/\/centerdent.ch\/wp-content\/uploads\/2023\/11\/defaultbanner-scaled.webp","contentUrl":"https:\/\/centerdent.ch\/wp-content\/uploads\/2023\/11\/defaultbanner-scaled.webp","width":2560,"height":995},{"@type":"BreadcrumbList","@id":"https:\/\/centerdent.ch\/de\/angebot\/diverses\/#breadcrumb","itemListElement":[{"@type":"ListItem","position":1,"name":"Home","item":"https:\/\/centerdent.ch\/de\/"},{"@type":"ListItem","position":2,"name":"Angebot","item":"https:\/\/centerdent.ch\/de\/angebot\/"},{"@type":"ListItem","position":3,"name":"Diverses"}]},{"@type":"WebSite","@id":"https:\/\/centerdent.ch\/de\/#website","url":"https:\/\/centerdent.ch\/de\/","name":"Centerdent","description":"Ihr Zahnarzt in Z\u00fcrich Sihlcity","potentialAction":[{"@type":"SearchAction","target":{"@type":"EntryPoint","urlTemplate":"https:\/\/centerdent.ch\/de\/?s={search_term_string}"},"query-input":{"@type":"PropertyValueSpecification","valueRequired":true,"valueName":"search_term_string"}}],"inLanguage":"de"}]}},"_links":{"self":[{"href":"https:\/\/centerdent.ch\/de\/wp-json\/wp\/v2\/pages\/961","targetHints":{"allow":["GET"]}}],"collection":[{"href":"https:\/\/centerdent.ch\/de\/wp-json\/wp\/v2\/pages"}],"about":[{"href":"https:\/\/centerdent.ch\/de\/wp-json\/wp\/v2\/types\/page"}],"author":[{"embeddable":true,"href":"https:\/\/centerdent.ch\/de\/wp-json\/wp\/v2\/users\/1"}],"replies":[{"embeddable":true,"href":"https:\/\/centerdent.ch\/de\/wp-json\/wp\/v2\/comments?post=961"}],"version-history":[{"count":5,"href":"https:\/\/centerdent.ch\/de\/wp-json\/wp\/v2\/pages\/961\/revisions"}],"predecessor-version":[{"id":1575,"href":"https:\/\/centerdent.ch\/de\/wp-json\/wp\/v2\/pages\/961\/revisions\/1575"}],"up":[{"embeddable":true,"href":"https:\/\/centerdent.ch\/de\/wp-json\/wp\/v2\/pages\/925"}],"wp:featuredmedia":[{"embeddable":true,"href":"https:\/\/centerdent.ch\/de\/wp-json\/wp\/v2\/media\/1248"}],"wp:attachment":[{"href":"https:\/\/centerdent.ch\/de\/wp-json\/wp\/v2\/media?parent=961"}],"curies":[{"name":"wp","href":"https:\/\/api.w.org\/{rel}","templated":true}]}}