{"id":2336,"date":"2023-11-01T10:15:11","date_gmt":"2023-11-01T10:15:11","guid":{"rendered":"https:\/\/centerdent.ch\/?page_id=2336"},"modified":"2023-11-21T15:15:35","modified_gmt":"2023-11-21T15:15:35","slug":"divers","status":"publish","type":"page","link":"https:\/\/centerdent.ch\/fr\/prestations\/divers\/","title":{"rendered":"Divers"},"content":{"rendered":"<div class=\"fusion-fullwidth fullwidth-box fusion-builder-row-1 fusion-flex-container has-pattern-background has-mask-background nonhundred-percent-fullwidth non-hundred-percent-height-scrolling\" style=\"--awb-border-radius-top-left:0px;--awb-border-radius-top-right:0px;--awb-border-radius-bottom-right:0px;--awb-border-radius-bottom-left:0px;--awb-flex-wrap:wrap;\" ><div class=\"fusion-builder-row fusion-row fusion-flex-align-items-flex-start fusion-flex-content-wrap\" style=\"max-width:1721.2px;margin-left: calc(-4% \/ 2 );margin-right: calc(-4% \/ 2 );\"><div class=\"fusion-layout-column fusion_builder_column fusion-builder-column-0 fusion_builder_column_1_1 1_1 fusion-flex-column\" style=\"--awb-bg-size:cover;--awb-width-large:100%;--awb-margin-top-large:0px;--awb-spacing-right-large:1.92%;--awb-margin-bottom-large:40px;--awb-spacing-left-large:1.92%;--awb-width-medium:100%;--awb-order-medium:0;--awb-spacing-right-medium:1.92%;--awb-spacing-left-medium:1.92%;--awb-width-small:100%;--awb-order-small:0;--awb-spacing-right-small:1.92%;--awb-spacing-left-small:1.92%;\"><div class=\"fusion-column-wrapper fusion-column-has-shadow fusion-flex-justify-content-flex-start fusion-content-layout-column\"><div class=\"fusion-text fusion-text-1\"><h2 data-fontsize=\"42\" style=\"--fontSize: 42; line-height: 1.2;\" data-lineheight=\"50.4px\" class=\"fusion-responsive-typography-calculated\">Les goutti\u00e8res de Michigan et avec NTI<\/h2>\n<p>Le fait de serrer les dents ou de grincer des dents peut occasionner des maux de t\u00eates et des douleurs dans la nuque, rendre les muscles de la m\u00e2choire sensibles \u00e0 la pression, provoquer des douleurs au niveau des dents saines, et \u00e9galement l\u00e9ser les dents et les obturations. Souvent, ce processus fait suite \u00e0 un stress, et c&rsquo;est pourquoi il est difficile \u00e0 contr\u00f4ler.<\/p>\n<p>La goutti\u00e8re avec NTI (Nociceptive Trigeminale Inhibition) recouvre les dents de devant et elle se porte la nuit. Elle permet d&rsquo;\u00e9viter que des forces trop importantes ne s&rsquo;exercent sur les dents.<\/p>\n<p>Une goutti\u00e8re de Michigan se porte \u00e9galement la nuit, et elle recouvre toute la surface de mastication, afin d&rsquo;assurer une protection contre les fractures des dents occasionn\u00e9es par les grincements de dents, mais elle s&rsquo;utilise aussi en cas de maladie des muscles ou de l&rsquo;articulation de la m\u00e2choire.<\/p>\n<h2 data-fontsize=\"42\" style=\"--fontSize: 42; line-height: 1.2;\" data-lineheight=\"50.4px\" class=\"fusion-responsive-typography-calculated\">Le gaz hilarant<\/h2>\n<p>Le recours \u00e0 du gaz hilarant est recommand\u00e9 pour les enfants ou pour les patients qui ont peur des actes de dentisterie.<\/p>\n<p>La s\u00e9dation au moyen du gaz hilarant est assur\u00e9e par un m\u00e9lange oxyg\u00e8ne-gaz hilarant. Il soulage la douleur, il a des propri\u00e9t\u00e9s relaxantes, calmantes et il lutte contre l&rsquo;angoisse. Ses effets apparaissent rapidement, alors qu&rsquo;ils disparaissent \u00e9galement tr\u00e8s vite apr\u00e8s l&rsquo;arr\u00eat de l&rsquo;inhalation.<\/p>\n<p>Si vous souhaitez b\u00e9n\u00e9ficier de soins sous gaz hilarant, parlez-en \u00e0 votre dentiste.<\/p>\n<h2 data-fontsize=\"42\" style=\"--fontSize: 42; line-height: 1.2;\" data-lineheight=\"50.4px\" class=\"fusion-responsive-typography-calculated\">L&rsquo;anesth\u00e9sie<\/h2>\n<p>Nous effectuons des anesth\u00e9sies g\u00e9n\u00e9rales en ambulatoire au sein de notre cabinet, et elles sont r\u00e9alis\u00e9es par un anesth\u00e9siste exp\u00e9riment\u00e9. On recommande d&rsquo;effectuer des soins sous anesth\u00e9sie g\u00e9n\u00e9rale pour des enfants qui ont besoin de soins dentaires importants, ou pour des patients anxieux ou handicap\u00e9s.<\/p>\n<p>Notre longue exp\u00e9rience nous montre qu&rsquo;une anesth\u00e9sie g\u00e9n\u00e9rale r\u00e9alis\u00e9e pendant les soins dentaires est un moyen tr\u00e8s s\u00fbr d&rsquo;\u00e9viter tout stress au patient et de r\u00e9aliser des soins complets lors d&rsquo;un m\u00eame rendez-vous.<\/p>\n<h2 data-fontsize=\"42\" style=\"--fontSize: 42; line-height: 1.2;\" data-lineheight=\"50.4px\" class=\"fusion-responsive-typography-calculated\">Les prot\u00e8ge-dents<\/h2>\n<p>Il s&rsquo;agit d&rsquo;une protection s\u00fbre pour les dents et destin\u00e9e \u00e0 ceux qui pratiquent des sports o\u00f9 les dents de devant sont expos\u00e9es et peuvent recevoir de violents chocs : squash, hockey sur glace, kickboxing, rugby.<\/p>\n<p>Un prot\u00e8ge-dent se fabrique individuellement, il tient bien et il est agr\u00e9able \u00e0 porter.<\/p>\n<h2 data-fontsize=\"42\" style=\"--fontSize: 42; line-height: 1.2;\" data-lineheight=\"50.4px\" class=\"fusion-responsive-typography-calculated\">\n<p>Bijoux dentaires<\/p>\n<\/h2>\n<p>Il est possible de poser des pierres de verre poli sur une dent au moyen d&rsquo;une technique de collage. Cette proc\u00e9dure n&rsquo;ab\u00eeme pas l&rsquo;\u00e9mail, et l&rsquo;on peut retirer de nouveau les pierres sans probl\u00e8mes.<\/p>\n<\/div><\/div><\/div><\/div><\/div>\n","protected":false},"excerpt":{"rendered":"","protected":false},"author":1,"featured_media":2109,"parent":2333,"menu_order":0,"comment_status":"closed","ping_status":"closed","template":"100-width.php","meta":{"footnotes":""},"class_list":["post-2336","page","type-page","status-publish","has-post-thumbnail","hentry"],"yoast_head":"<!-- This site is optimized with the Yoast SEO plugin v27.4 - https:\/\/yoast.com\/product\/yoast-seo-wordpress\/ -->\n<title>Centerdent | Divers<\/title>\n<meta name=\"robots\" content=\"index, follow, max-snippet:-1, max-image-preview:large, max-video-preview:-1\" \/>\n<link rel=\"canonical\" href=\"https:\/\/centerdent.ch\/fr\/prestations\/divers\/\" \/>\n<meta property=\"og:locale\" content=\"fr_FR\" \/>\n<meta property=\"og:type\" content=\"article\" \/>\n<meta property=\"og:title\" content=\"Centerdent | Divers\" \/>\n<meta property=\"og:url\" content=\"https:\/\/centerdent.ch\/fr\/prestations\/divers\/\" \/>\n<meta property=\"og:site_name\" content=\"Centerdent\" \/>\n<meta property=\"article:modified_time\" content=\"2023-11-21T15:15:35+00:00\" \/>\n<meta property=\"og:image\" content=\"https:\/\/centerdent.ch\/wp-content\/uploads\/2023\/11\/defaultbanner-scaled.webp\" \/>\n\t<meta property=\"og:image:width\" content=\"2560\" \/>\n\t<meta property=\"og:image:height\" content=\"995\" \/>\n\t<meta property=\"og:image:type\" content=\"image\/webp\" \/>\n<meta name=\"twitter:card\" content=\"summary_large_image\" \/>\n<meta name=\"twitter:label1\" content=\"Dur\u00e9e de lecture estim\u00e9e\" \/>\n\t<meta name=\"twitter:data1\" content=\"3 minutes\" \/>\n<script type=\"application\/ld+json\" class=\"yoast-schema-graph\">{\"@context\":\"https:\\\/\\\/schema.org\",\"@graph\":[{\"@type\":\"WebPage\",\"@id\":\"https:\\\/\\\/centerdent.ch\\\/fr\\\/prestations\\\/divers\\\/\",\"url\":\"https:\\\/\\\/centerdent.ch\\\/fr\\\/prestations\\\/divers\\\/\",\"name\":\"Centerdent | Divers\",\"isPartOf\":{\"@id\":\"https:\\\/\\\/centerdent.ch\\\/de\\\/#website\"},\"primaryImageOfPage\":{\"@id\":\"https:\\\/\\\/centerdent.ch\\\/fr\\\/prestations\\\/divers\\\/#primaryimage\"},\"image\":{\"@id\":\"https:\\\/\\\/centerdent.ch\\\/fr\\\/prestations\\\/divers\\\/#primaryimage\"},\"thumbnailUrl\":\"https:\\\/\\\/centerdent.ch\\\/wp-content\\\/uploads\\\/2023\\\/11\\\/defaultbanner-scaled.webp\",\"datePublished\":\"2023-11-01T10:15:11+00:00\",\"dateModified\":\"2023-11-21T15:15:35+00:00\",\"breadcrumb\":{\"@id\":\"https:\\\/\\\/centerdent.ch\\\/fr\\\/prestations\\\/divers\\\/#breadcrumb\"},\"inLanguage\":\"fr-FR\",\"potentialAction\":[{\"@type\":\"ReadAction\",\"target\":[\"https:\\\/\\\/centerdent.ch\\\/fr\\\/prestations\\\/divers\\\/\"]}]},{\"@type\":\"ImageObject\",\"inLanguage\":\"fr-FR\",\"@id\":\"https:\\\/\\\/centerdent.ch\\\/fr\\\/prestations\\\/divers\\\/#primaryimage\",\"url\":\"https:\\\/\\\/centerdent.ch\\\/wp-content\\\/uploads\\\/2023\\\/11\\\/defaultbanner-scaled.webp\",\"contentUrl\":\"https:\\\/\\\/centerdent.ch\\\/wp-content\\\/uploads\\\/2023\\\/11\\\/defaultbanner-scaled.webp\",\"width\":2560,\"height\":995},{\"@type\":\"BreadcrumbList\",\"@id\":\"https:\\\/\\\/centerdent.ch\\\/fr\\\/prestations\\\/divers\\\/#breadcrumb\",\"itemListElement\":[{\"@type\":\"ListItem\",\"position\":1,\"name\":\"Home\",\"item\":\"https:\\\/\\\/centerdent.ch\\\/fr\\\/\"},{\"@type\":\"ListItem\",\"position\":2,\"name\":\"Prestations\",\"item\":\"https:\\\/\\\/centerdent.ch\\\/fr\\\/prestations\\\/\"},{\"@type\":\"ListItem\",\"position\":3,\"name\":\"Divers\"}]},{\"@type\":\"WebSite\",\"@id\":\"https:\\\/\\\/centerdent.ch\\\/de\\\/#website\",\"url\":\"https:\\\/\\\/centerdent.ch\\\/de\\\/\",\"name\":\"Centerdent\",\"description\":\"Ihr Zahnarzt in Z\u00fcrich Sihlcity\",\"potentialAction\":[{\"@type\":\"SearchAction\",\"target\":{\"@type\":\"EntryPoint\",\"urlTemplate\":\"https:\\\/\\\/centerdent.ch\\\/de\\\/?s={search_term_string}\"},\"query-input\":{\"@type\":\"PropertyValueSpecification\",\"valueRequired\":true,\"valueName\":\"search_term_string\"}}],\"inLanguage\":\"fr-FR\"}]}<\/script>\n<!-- \/ Yoast SEO plugin. -->","yoast_head_json":{"title":"Centerdent | Divers","robots":{"index":"index","follow":"follow","max-snippet":"max-snippet:-1","max-image-preview":"max-image-preview:large","max-video-preview":"max-video-preview:-1"},"canonical":"https:\/\/centerdent.ch\/fr\/prestations\/divers\/","og_locale":"fr_FR","og_type":"article","og_title":"Centerdent | Divers","og_url":"https:\/\/centerdent.ch\/fr\/prestations\/divers\/","og_site_name":"Centerdent","article_modified_time":"2023-11-21T15:15:35+00:00","og_image":[{"width":2560,"height":995,"url":"https:\/\/centerdent.ch\/wp-content\/uploads\/2023\/11\/defaultbanner-scaled.webp","type":"image\/webp"}],"twitter_card":"summary_large_image","twitter_misc":{"Dur\u00e9e de lecture estim\u00e9e":"3 minutes"},"schema":{"@context":"https:\/\/schema.org","@graph":[{"@type":"WebPage","@id":"https:\/\/centerdent.ch\/fr\/prestations\/divers\/","url":"https:\/\/centerdent.ch\/fr\/prestations\/divers\/","name":"Centerdent | Divers","isPartOf":{"@id":"https:\/\/centerdent.ch\/de\/#website"},"primaryImageOfPage":{"@id":"https:\/\/centerdent.ch\/fr\/prestations\/divers\/#primaryimage"},"image":{"@id":"https:\/\/centerdent.ch\/fr\/prestations\/divers\/#primaryimage"},"thumbnailUrl":"https:\/\/centerdent.ch\/wp-content\/uploads\/2023\/11\/defaultbanner-scaled.webp","datePublished":"2023-11-01T10:15:11+00:00","dateModified":"2023-11-21T15:15:35+00:00","breadcrumb":{"@id":"https:\/\/centerdent.ch\/fr\/prestations\/divers\/#breadcrumb"},"inLanguage":"fr-FR","potentialAction":[{"@type":"ReadAction","target":["https:\/\/centerdent.ch\/fr\/prestations\/divers\/"]}]},{"@type":"ImageObject","inLanguage":"fr-FR","@id":"https:\/\/centerdent.ch\/fr\/prestations\/divers\/#primaryimage","url":"https:\/\/centerdent.ch\/wp-content\/uploads\/2023\/11\/defaultbanner-scaled.webp","contentUrl":"https:\/\/centerdent.ch\/wp-content\/uploads\/2023\/11\/defaultbanner-scaled.webp","width":2560,"height":995},{"@type":"BreadcrumbList","@id":"https:\/\/centerdent.ch\/fr\/prestations\/divers\/#breadcrumb","itemListElement":[{"@type":"ListItem","position":1,"name":"Home","item":"https:\/\/centerdent.ch\/fr\/"},{"@type":"ListItem","position":2,"name":"Prestations","item":"https:\/\/centerdent.ch\/fr\/prestations\/"},{"@type":"ListItem","position":3,"name":"Divers"}]},{"@type":"WebSite","@id":"https:\/\/centerdent.ch\/de\/#website","url":"https:\/\/centerdent.ch\/de\/","name":"Centerdent","description":"Ihr Zahnarzt in Z\u00fcrich Sihlcity","potentialAction":[{"@type":"SearchAction","target":{"@type":"EntryPoint","urlTemplate":"https:\/\/centerdent.ch\/de\/?s={search_term_string}"},"query-input":{"@type":"PropertyValueSpecification","valueRequired":true,"valueName":"search_term_string"}}],"inLanguage":"fr-FR"}]}},"_links":{"self":[{"href":"https:\/\/centerdent.ch\/fr\/wp-json\/wp\/v2\/pages\/2336","targetHints":{"allow":["GET"]}}],"collection":[{"href":"https:\/\/centerdent.ch\/fr\/wp-json\/wp\/v2\/pages"}],"about":[{"href":"https:\/\/centerdent.ch\/fr\/wp-json\/wp\/v2\/types\/page"}],"author":[{"embeddable":true,"href":"https:\/\/centerdent.ch\/fr\/wp-json\/wp\/v2\/users\/1"}],"replies":[{"embeddable":true,"href":"https:\/\/centerdent.ch\/fr\/wp-json\/wp\/v2\/comments?post=2336"}],"version-history":[{"count":3,"href":"https:\/\/centerdent.ch\/fr\/wp-json\/wp\/v2\/pages\/2336\/revisions"}],"predecessor-version":[{"id":2442,"href":"https:\/\/centerdent.ch\/fr\/wp-json\/wp\/v2\/pages\/2336\/revisions\/2442"}],"up":[{"embeddable":true,"href":"https:\/\/centerdent.ch\/fr\/wp-json\/wp\/v2\/pages\/2333"}],"wp:featuredmedia":[{"embeddable":true,"href":"https:\/\/centerdent.ch\/fr\/wp-json\/wp\/v2\/media\/2109"}],"wp:attachment":[{"href":"https:\/\/centerdent.ch\/fr\/wp-json\/wp\/v2\/media?parent=2336"}],"curies":[{"name":"wp","href":"https:\/\/api.w.org\/{rel}","templated":true}]}}