{"id":2341,"date":"2023-11-01T10:13:58","date_gmt":"2023-11-01T10:13:58","guid":{"rendered":"https:\/\/centerdent.ch\/?page_id=2341"},"modified":"2023-11-23T09:46:33","modified_gmt":"2023-11-23T09:46:33","slug":"les-implants","status":"publish","type":"page","link":"https:\/\/centerdent.ch\/fr\/prestations\/les-implants\/","title":{"rendered":"Les implants"},"content":{"rendered":"<div class=\"fusion-fullwidth fullwidth-box fusion-builder-row-1 fusion-flex-container has-pattern-background has-mask-background nonhundred-percent-fullwidth non-hundred-percent-height-scrolling\" style=\"--awb-border-radius-top-left:0px;--awb-border-radius-top-right:0px;--awb-border-radius-bottom-right:0px;--awb-border-radius-bottom-left:0px;--awb-flex-wrap:wrap;\" ><div class=\"fusion-builder-row fusion-row fusion-flex-align-items-flex-start fusion-flex-justify-content-center fusion-flex-content-wrap\" style=\"max-width:1721.2px;margin-left: calc(-4% \/ 2 );margin-right: calc(-4% \/ 2 );\"><div class=\"fusion-layout-column fusion_builder_column fusion-builder-column-0 fusion_builder_column_3_4 3_4 fusion-flex-column\" style=\"--awb-bg-size:cover;--awb-width-large:75%;--awb-margin-top-large:0px;--awb-spacing-right-large:2.56%;--awb-margin-bottom-large:20px;--awb-spacing-left-large:2.56%;--awb-width-medium:100%;--awb-order-medium:0;--awb-spacing-right-medium:1.92%;--awb-spacing-left-medium:1.92%;--awb-width-small:100%;--awb-order-small:0;--awb-spacing-right-small:1.92%;--awb-spacing-left-small:1.92%;\"><div class=\"fusion-column-wrapper fusion-column-has-shadow fusion-flex-justify-content-flex-start fusion-content-layout-column\"><div class=\"fusion-text fusion-text-1\"><p>Les implants dentaires servent \u00e0 remplacer individuellement des dents. Ils peuvent \u00eatre combin\u00e9s \u00e0 la pose de bridges ou de proth\u00e8ses. Les implants sont des vis en titane pur qui font office de racines dentaires. Le titane est biocompatible et il ne provoque pas d&rsquo;allergie. Les vis des implants sont fix\u00e9es dans l&rsquo;os de la m\u00e2choire au cours d&rsquo;une intervention chirurgicale. La pose de la couronne a lieu apr\u00e8s une p\u00e9riode de cicatrisation, en vissant ou en cimentant cette couronne. La pose d&rsquo;un implant pour une seule dent pr\u00e9sent l&rsquo;avantage de rendre inutile la pr\u00e9paration des dents voisines saines en vue de la fixation. De plus, on \u00e9vite une perte osseuse suppl\u00e9mentaire.<\/p>\n<p>Les proth\u00e8ses pos\u00e9es sur des implants garantissent une meilleure stabilit\u00e9 lorsqu&rsquo;on m\u00e2che et qu&rsquo;on parle, ce qui signifie une plus grande s\u00e9curit\u00e9 et davantage de confort pour le patient.<\/p>\n<p>La r\u00e9ussite de la pose d&rsquo;un implant d\u00e9pend de l&rsquo;hygi\u00e8ne bucco-dentaire, et c&rsquo;est pourquoi un programme d&rsquo;hygi\u00e8ne optimale et des visites r\u00e9guli\u00e8res chez le\/la dentiste et la sp\u00e9cialiste en hygi\u00e8ne dentaire sont d&rsquo;une importance capitale.<\/p>\n<p>De nombreuses \u00e9tudes ont montr\u00e9 que, si l&rsquo;on en prend bien soin, les implants pouvaient rester en place longtemps : le taux de r\u00e9ussite au bout de dix ans atteint 95 %.<\/p>\n<p>Les facteurs qui rendent la pose d&rsquo;un implant risqu\u00e9e sont, entre autres : un diab\u00e8te sucr\u00e9 non \u00e9quilibr\u00e9, une endocardite (inflammation des tissus internes du c\u0153ur), une transplantation d&rsquo;organe, un traitement aux biphosphonates (en cas ost\u00e9oporose), une chimioth\u00e9rapie ou une radioth\u00e9rapie, une parodontite non soign\u00e9e, le tabac (&gt; 10 cigarettes\/jour) ainsi qu&rsquo;une hygi\u00e8ne bucco-dentaire insuffisante<\/p>\n<\/div><\/div><\/div><\/div><\/div>\n","protected":false},"excerpt":{"rendered":"","protected":false},"author":1,"featured_media":2109,"parent":2333,"menu_order":0,"comment_status":"closed","ping_status":"closed","template":"100-width.php","meta":{"footnotes":""},"class_list":["post-2341","page","type-page","status-publish","has-post-thumbnail","hentry"],"yoast_head":"<!-- This site is optimized with the Yoast SEO plugin v27.4 - https:\/\/yoast.com\/product\/yoast-seo-wordpress\/ -->\n<title>Centerdent | Les implants<\/title>\n<meta name=\"description\" content=\"Les implants sont des vis en titane pur, qui remplacent la fonction des racines et servent \u00e0 remplacer les dents individuelles. Laissez-nous vous conseiller.\" \/>\n<meta name=\"robots\" content=\"index, follow, max-snippet:-1, max-image-preview:large, max-video-preview:-1\" \/>\n<link rel=\"canonical\" href=\"https:\/\/centerdent.ch\/fr\/prestations\/les-implants\/\" \/>\n<meta property=\"og:locale\" content=\"fr_FR\" \/>\n<meta property=\"og:type\" content=\"article\" \/>\n<meta property=\"og:title\" content=\"Centerdent | Les implants\" \/>\n<meta property=\"og:description\" content=\"Les implants sont des vis en titane pur, qui remplacent la fonction des racines et servent \u00e0 remplacer les dents individuelles. Laissez-nous vous conseiller.\" \/>\n<meta property=\"og:url\" content=\"https:\/\/centerdent.ch\/fr\/prestations\/les-implants\/\" \/>\n<meta property=\"og:site_name\" content=\"Centerdent\" \/>\n<meta property=\"article:modified_time\" content=\"2023-11-23T09:46:33+00:00\" \/>\n<meta property=\"og:image\" content=\"https:\/\/centerdent.ch\/wp-content\/uploads\/2023\/11\/defaultbanner-scaled.webp\" \/>\n\t<meta property=\"og:image:width\" content=\"2560\" \/>\n\t<meta property=\"og:image:height\" content=\"995\" \/>\n\t<meta property=\"og:image:type\" content=\"image\/webp\" \/>\n<meta name=\"twitter:card\" content=\"summary_large_image\" \/>\n<meta name=\"twitter:label1\" content=\"Dur\u00e9e de lecture estim\u00e9e\" \/>\n\t<meta name=\"twitter:data1\" content=\"3 minutes\" \/>\n<script type=\"application\/ld+json\" class=\"yoast-schema-graph\">{\"@context\":\"https:\\\/\\\/schema.org\",\"@graph\":[{\"@type\":\"WebPage\",\"@id\":\"https:\\\/\\\/centerdent.ch\\\/fr\\\/prestations\\\/les-implants\\\/\",\"url\":\"https:\\\/\\\/centerdent.ch\\\/fr\\\/prestations\\\/les-implants\\\/\",\"name\":\"Centerdent | Les implants\",\"isPartOf\":{\"@id\":\"https:\\\/\\\/centerdent.ch\\\/de\\\/#website\"},\"primaryImageOfPage\":{\"@id\":\"https:\\\/\\\/centerdent.ch\\\/fr\\\/prestations\\\/les-implants\\\/#primaryimage\"},\"image\":{\"@id\":\"https:\\\/\\\/centerdent.ch\\\/fr\\\/prestations\\\/les-implants\\\/#primaryimage\"},\"thumbnailUrl\":\"https:\\\/\\\/centerdent.ch\\\/wp-content\\\/uploads\\\/2023\\\/11\\\/defaultbanner-scaled.webp\",\"datePublished\":\"2023-11-01T10:13:58+00:00\",\"dateModified\":\"2023-11-23T09:46:33+00:00\",\"description\":\"Les implants sont des vis en titane pur, qui remplacent la fonction des racines et servent \u00e0 remplacer les dents individuelles. Laissez-nous vous conseiller.\",\"breadcrumb\":{\"@id\":\"https:\\\/\\\/centerdent.ch\\\/fr\\\/prestations\\\/les-implants\\\/#breadcrumb\"},\"inLanguage\":\"fr-FR\",\"potentialAction\":[{\"@type\":\"ReadAction\",\"target\":[\"https:\\\/\\\/centerdent.ch\\\/fr\\\/prestations\\\/les-implants\\\/\"]}]},{\"@type\":\"ImageObject\",\"inLanguage\":\"fr-FR\",\"@id\":\"https:\\\/\\\/centerdent.ch\\\/fr\\\/prestations\\\/les-implants\\\/#primaryimage\",\"url\":\"https:\\\/\\\/centerdent.ch\\\/wp-content\\\/uploads\\\/2023\\\/11\\\/defaultbanner-scaled.webp\",\"contentUrl\":\"https:\\\/\\\/centerdent.ch\\\/wp-content\\\/uploads\\\/2023\\\/11\\\/defaultbanner-scaled.webp\",\"width\":2560,\"height\":995},{\"@type\":\"BreadcrumbList\",\"@id\":\"https:\\\/\\\/centerdent.ch\\\/fr\\\/prestations\\\/les-implants\\\/#breadcrumb\",\"itemListElement\":[{\"@type\":\"ListItem\",\"position\":1,\"name\":\"Home\",\"item\":\"https:\\\/\\\/centerdent.ch\\\/fr\\\/\"},{\"@type\":\"ListItem\",\"position\":2,\"name\":\"Prestations\",\"item\":\"https:\\\/\\\/centerdent.ch\\\/fr\\\/prestations\\\/\"},{\"@type\":\"ListItem\",\"position\":3,\"name\":\"Les implants\"}]},{\"@type\":\"WebSite\",\"@id\":\"https:\\\/\\\/centerdent.ch\\\/de\\\/#website\",\"url\":\"https:\\\/\\\/centerdent.ch\\\/de\\\/\",\"name\":\"Centerdent\",\"description\":\"Ihr Zahnarzt in Z\u00fcrich Sihlcity\",\"potentialAction\":[{\"@type\":\"SearchAction\",\"target\":{\"@type\":\"EntryPoint\",\"urlTemplate\":\"https:\\\/\\\/centerdent.ch\\\/de\\\/?s={search_term_string}\"},\"query-input\":{\"@type\":\"PropertyValueSpecification\",\"valueRequired\":true,\"valueName\":\"search_term_string\"}}],\"inLanguage\":\"fr-FR\"}]}<\/script>\n<!-- \/ Yoast SEO plugin. -->","yoast_head_json":{"title":"Centerdent | Les implants","description":"Les implants sont des vis en titane pur, qui remplacent la fonction des racines et servent \u00e0 remplacer les dents individuelles. Laissez-nous vous conseiller.","robots":{"index":"index","follow":"follow","max-snippet":"max-snippet:-1","max-image-preview":"max-image-preview:large","max-video-preview":"max-video-preview:-1"},"canonical":"https:\/\/centerdent.ch\/fr\/prestations\/les-implants\/","og_locale":"fr_FR","og_type":"article","og_title":"Centerdent | Les implants","og_description":"Les implants sont des vis en titane pur, qui remplacent la fonction des racines et servent \u00e0 remplacer les dents individuelles. Laissez-nous vous conseiller.","og_url":"https:\/\/centerdent.ch\/fr\/prestations\/les-implants\/","og_site_name":"Centerdent","article_modified_time":"2023-11-23T09:46:33+00:00","og_image":[{"width":2560,"height":995,"url":"https:\/\/centerdent.ch\/wp-content\/uploads\/2023\/11\/defaultbanner-scaled.webp","type":"image\/webp"}],"twitter_card":"summary_large_image","twitter_misc":{"Dur\u00e9e de lecture estim\u00e9e":"3 minutes"},"schema":{"@context":"https:\/\/schema.org","@graph":[{"@type":"WebPage","@id":"https:\/\/centerdent.ch\/fr\/prestations\/les-implants\/","url":"https:\/\/centerdent.ch\/fr\/prestations\/les-implants\/","name":"Centerdent | Les implants","isPartOf":{"@id":"https:\/\/centerdent.ch\/de\/#website"},"primaryImageOfPage":{"@id":"https:\/\/centerdent.ch\/fr\/prestations\/les-implants\/#primaryimage"},"image":{"@id":"https:\/\/centerdent.ch\/fr\/prestations\/les-implants\/#primaryimage"},"thumbnailUrl":"https:\/\/centerdent.ch\/wp-content\/uploads\/2023\/11\/defaultbanner-scaled.webp","datePublished":"2023-11-01T10:13:58+00:00","dateModified":"2023-11-23T09:46:33+00:00","description":"Les implants sont des vis en titane pur, qui remplacent la fonction des racines et servent \u00e0 remplacer les dents individuelles. Laissez-nous vous conseiller.","breadcrumb":{"@id":"https:\/\/centerdent.ch\/fr\/prestations\/les-implants\/#breadcrumb"},"inLanguage":"fr-FR","potentialAction":[{"@type":"ReadAction","target":["https:\/\/centerdent.ch\/fr\/prestations\/les-implants\/"]}]},{"@type":"ImageObject","inLanguage":"fr-FR","@id":"https:\/\/centerdent.ch\/fr\/prestations\/les-implants\/#primaryimage","url":"https:\/\/centerdent.ch\/wp-content\/uploads\/2023\/11\/defaultbanner-scaled.webp","contentUrl":"https:\/\/centerdent.ch\/wp-content\/uploads\/2023\/11\/defaultbanner-scaled.webp","width":2560,"height":995},{"@type":"BreadcrumbList","@id":"https:\/\/centerdent.ch\/fr\/prestations\/les-implants\/#breadcrumb","itemListElement":[{"@type":"ListItem","position":1,"name":"Home","item":"https:\/\/centerdent.ch\/fr\/"},{"@type":"ListItem","position":2,"name":"Prestations","item":"https:\/\/centerdent.ch\/fr\/prestations\/"},{"@type":"ListItem","position":3,"name":"Les implants"}]},{"@type":"WebSite","@id":"https:\/\/centerdent.ch\/de\/#website","url":"https:\/\/centerdent.ch\/de\/","name":"Centerdent","description":"Ihr Zahnarzt in Z\u00fcrich Sihlcity","potentialAction":[{"@type":"SearchAction","target":{"@type":"EntryPoint","urlTemplate":"https:\/\/centerdent.ch\/de\/?s={search_term_string}"},"query-input":{"@type":"PropertyValueSpecification","valueRequired":true,"valueName":"search_term_string"}}],"inLanguage":"fr-FR"}]}},"_links":{"self":[{"href":"https:\/\/centerdent.ch\/fr\/wp-json\/wp\/v2\/pages\/2341","targetHints":{"allow":["GET"]}}],"collection":[{"href":"https:\/\/centerdent.ch\/fr\/wp-json\/wp\/v2\/pages"}],"about":[{"href":"https:\/\/centerdent.ch\/fr\/wp-json\/wp\/v2\/types\/page"}],"author":[{"embeddable":true,"href":"https:\/\/centerdent.ch\/fr\/wp-json\/wp\/v2\/users\/1"}],"replies":[{"embeddable":true,"href":"https:\/\/centerdent.ch\/fr\/wp-json\/wp\/v2\/comments?post=2341"}],"version-history":[{"count":5,"href":"https:\/\/centerdent.ch\/fr\/wp-json\/wp\/v2\/pages\/2341\/revisions"}],"predecessor-version":[{"id":2828,"href":"https:\/\/centerdent.ch\/fr\/wp-json\/wp\/v2\/pages\/2341\/revisions\/2828"}],"up":[{"embeddable":true,"href":"https:\/\/centerdent.ch\/fr\/wp-json\/wp\/v2\/pages\/2333"}],"wp:featuredmedia":[{"embeddable":true,"href":"https:\/\/centerdent.ch\/fr\/wp-json\/wp\/v2\/media\/2109"}],"wp:attachment":[{"href":"https:\/\/centerdent.ch\/fr\/wp-json\/wp\/v2\/media?parent=2341"}],"curies":[{"name":"wp","href":"https:\/\/api.w.org\/{rel}","templated":true}]}}