{"id":2344,"date":"2023-11-01T10:12:17","date_gmt":"2023-11-01T10:12:17","guid":{"rendered":"https:\/\/centerdent.ch\/?page_id=2344"},"modified":"2023-11-23T09:42:03","modified_gmt":"2023-11-23T09:42:03","slug":"le-traitement-au-laser","status":"publish","type":"page","link":"https:\/\/centerdent.ch\/fr\/prestations\/le-traitement-au-laser\/","title":{"rendered":"Le traitement au laser"},"content":{"rendered":"<div class=\"fusion-fullwidth fullwidth-box fusion-builder-row-1 fusion-flex-container has-pattern-background has-mask-background nonhundred-percent-fullwidth non-hundred-percent-height-scrolling\" style=\"--awb-border-radius-top-left:0px;--awb-border-radius-top-right:0px;--awb-border-radius-bottom-right:0px;--awb-border-radius-bottom-left:0px;--awb-flex-wrap:wrap;\" ><div class=\"fusion-builder-row fusion-row fusion-flex-align-items-flex-start fusion-flex-justify-content-center fusion-flex-content-wrap\" style=\"max-width:1721.2px;margin-left: calc(-4% \/ 2 );margin-right: calc(-4% \/ 2 );\"><div class=\"fusion-layout-column fusion_builder_column fusion-builder-column-0 fusion_builder_column_3_4 3_4 fusion-flex-column\" style=\"--awb-bg-size:cover;--awb-width-large:75%;--awb-margin-top-large:0px;--awb-spacing-right-large:2.56%;--awb-margin-bottom-large:20px;--awb-spacing-left-large:2.56%;--awb-width-medium:100%;--awb-order-medium:0;--awb-spacing-right-medium:1.92%;--awb-spacing-left-medium:1.92%;--awb-width-small:100%;--awb-order-small:0;--awb-spacing-right-small:1.92%;--awb-spacing-left-small:1.92%;\"><div class=\"fusion-column-wrapper fusion-column-has-shadow fusion-flex-justify-content-flex-start fusion-content-layout-column\"><div class=\"fusion-text fusion-text-1\"><p>Le laser est une lumi\u00e8re concentr\u00e9e ayant une longueur d&rsquo;onde bien d\u00e9finie. Il est g\u00e9n\u00e9ralement possible d&rsquo;effectuer un traitement au laser sans anesth\u00e9sie. La surface trait\u00e9e au laser est st\u00e9rile. Les lasers dentaires (Er:YAG, Nd: YAG, CO, Diode, Low Level Laser) trouvent leur utilisation dans diff\u00e9rents domaines de la dentisterie :<\/p>\n<h2 class=\"fusion-responsive-typography-calculated\" style=\"color: #054247; --fontsize: 42; line-height: 1.2;\" data-fontsize=\"42\" data-lineheight=\"50.4px\">Traitement de la parodontite<\/h2>\n<p>Nettoyage des poches et d\u00e9tartrage<\/p>\n<h2 class=\"fusion-responsive-typography-calculated\" style=\"--fontsize: 42; line-height: 1.2;\" data-fontsize=\"42\" data-lineheight=\"50.4px\">Traitement du canal radiculaire<\/h2>\n<p style=\"color: #054247;\">Les traitements de canal radiculaire assist\u00e9s par laser ont les taux de r\u00e9ussite les plus \u00e9lev\u00e9s<\/p>\n<h2 class=\"fusion-responsive-typography-calculated\" style=\"--fontsize: 42; line-height: 1.2;\" data-fontsize=\"42\" data-lineheight=\"50.4px\">Traitement au laser des v\u00e9sicules d&rsquo;herp\u00e8s et des aphtes<\/h2>\n<p>Un traitement au laser agit efficacement contre ces inflammations d\u00e9sagr\u00e9ables<\/p>\n<h2 class=\"fusion-responsive-typography-calculated\" style=\"--fontsize: 42; line-height: 1.2;\" data-fontsize=\"42\" data-lineheight=\"50.4px\">Traitement des gencives et de la muqueuse buccale<\/h2>\n<p>Correction du ligament labial et toutes sortes de modifications des tissus mous avec peu de saignement<\/p>\n<h2 class=\"fusion-responsive-typography-calculated\" style=\"--fontsize: 42; line-height: 1.2;\" data-fontsize=\"42\" data-lineheight=\"50.4px\">\u00c9limination de la substance dentaire dure cari\u00e9e<\/h2>\n<p>Les zones cari\u00e9es peuvent \u00eatre \u00e9limin\u00e9es en douceur et de mani\u00e8re peu invasive<\/p>\n<h2 class=\"fusion-responsive-typography-calculated\" style=\"--fontsize: 42; line-height: 1.2;\" data-fontsize=\"42\" data-lineheight=\"50.4px\">Traitement au laser pour les dents sensibles<\/h2>\n<\/div><\/div><\/div><\/div><\/div>\n","protected":false},"excerpt":{"rendered":"","protected":false},"author":1,"featured_media":2109,"parent":2333,"menu_order":0,"comment_status":"closed","ping_status":"closed","template":"100-width.php","meta":{"footnotes":""},"class_list":["post-2344","page","type-page","status-publish","has-post-thumbnail","hentry"],"yoast_head":"<!-- This site is optimized with the Yoast SEO plugin v27.4 - https:\/\/yoast.com\/product\/yoast-seo-wordpress\/ -->\n<title>Centerdent | Le traitement au laser<\/title>\n<meta name=\"description\" content=\"Le traitement au laser est g\u00e9n\u00e9ralement st\u00e9rile sans anesth\u00e9sie. Cela peut inclure peut \u00eatre utilis\u00e9 pour les caries, la parodontite ou les traitements des gencives.\" \/>\n<meta name=\"robots\" content=\"index, follow, max-snippet:-1, max-image-preview:large, max-video-preview:-1\" \/>\n<link rel=\"canonical\" href=\"https:\/\/centerdent.ch\/fr\/prestations\/le-traitement-au-laser\/\" \/>\n<meta property=\"og:locale\" content=\"fr_FR\" \/>\n<meta property=\"og:type\" content=\"article\" \/>\n<meta property=\"og:title\" content=\"Centerdent | Le traitement au laser\" \/>\n<meta property=\"og:description\" content=\"Le traitement au laser est g\u00e9n\u00e9ralement st\u00e9rile sans anesth\u00e9sie. Cela peut inclure peut \u00eatre utilis\u00e9 pour les caries, la parodontite ou les traitements des gencives.\" \/>\n<meta property=\"og:url\" content=\"https:\/\/centerdent.ch\/fr\/prestations\/le-traitement-au-laser\/\" \/>\n<meta property=\"og:site_name\" content=\"Centerdent\" \/>\n<meta property=\"article:modified_time\" content=\"2023-11-23T09:42:03+00:00\" \/>\n<meta property=\"og:image\" content=\"https:\/\/centerdent.ch\/wp-content\/uploads\/2023\/11\/defaultbanner-scaled.webp\" \/>\n\t<meta property=\"og:image:width\" content=\"2560\" \/>\n\t<meta property=\"og:image:height\" content=\"995\" \/>\n\t<meta property=\"og:image:type\" content=\"image\/webp\" \/>\n<meta name=\"twitter:card\" content=\"summary_large_image\" \/>\n<meta name=\"twitter:label1\" content=\"Dur\u00e9e de lecture estim\u00e9e\" \/>\n\t<meta name=\"twitter:data1\" content=\"2 minutes\" \/>\n<script type=\"application\/ld+json\" class=\"yoast-schema-graph\">{\"@context\":\"https:\\\/\\\/schema.org\",\"@graph\":[{\"@type\":\"WebPage\",\"@id\":\"https:\\\/\\\/centerdent.ch\\\/fr\\\/prestations\\\/le-traitement-au-laser\\\/\",\"url\":\"https:\\\/\\\/centerdent.ch\\\/fr\\\/prestations\\\/le-traitement-au-laser\\\/\",\"name\":\"Centerdent | Le traitement au laser\",\"isPartOf\":{\"@id\":\"https:\\\/\\\/centerdent.ch\\\/de\\\/#website\"},\"primaryImageOfPage\":{\"@id\":\"https:\\\/\\\/centerdent.ch\\\/fr\\\/prestations\\\/le-traitement-au-laser\\\/#primaryimage\"},\"image\":{\"@id\":\"https:\\\/\\\/centerdent.ch\\\/fr\\\/prestations\\\/le-traitement-au-laser\\\/#primaryimage\"},\"thumbnailUrl\":\"https:\\\/\\\/centerdent.ch\\\/wp-content\\\/uploads\\\/2023\\\/11\\\/defaultbanner-scaled.webp\",\"datePublished\":\"2023-11-01T10:12:17+00:00\",\"dateModified\":\"2023-11-23T09:42:03+00:00\",\"description\":\"Le traitement au laser est g\u00e9n\u00e9ralement st\u00e9rile sans anesth\u00e9sie. Cela peut inclure peut \u00eatre utilis\u00e9 pour les caries, la parodontite ou les traitements des gencives.\",\"breadcrumb\":{\"@id\":\"https:\\\/\\\/centerdent.ch\\\/fr\\\/prestations\\\/le-traitement-au-laser\\\/#breadcrumb\"},\"inLanguage\":\"fr-FR\",\"potentialAction\":[{\"@type\":\"ReadAction\",\"target\":[\"https:\\\/\\\/centerdent.ch\\\/fr\\\/prestations\\\/le-traitement-au-laser\\\/\"]}]},{\"@type\":\"ImageObject\",\"inLanguage\":\"fr-FR\",\"@id\":\"https:\\\/\\\/centerdent.ch\\\/fr\\\/prestations\\\/le-traitement-au-laser\\\/#primaryimage\",\"url\":\"https:\\\/\\\/centerdent.ch\\\/wp-content\\\/uploads\\\/2023\\\/11\\\/defaultbanner-scaled.webp\",\"contentUrl\":\"https:\\\/\\\/centerdent.ch\\\/wp-content\\\/uploads\\\/2023\\\/11\\\/defaultbanner-scaled.webp\",\"width\":2560,\"height\":995},{\"@type\":\"BreadcrumbList\",\"@id\":\"https:\\\/\\\/centerdent.ch\\\/fr\\\/prestations\\\/le-traitement-au-laser\\\/#breadcrumb\",\"itemListElement\":[{\"@type\":\"ListItem\",\"position\":1,\"name\":\"Home\",\"item\":\"https:\\\/\\\/centerdent.ch\\\/fr\\\/\"},{\"@type\":\"ListItem\",\"position\":2,\"name\":\"Prestations\",\"item\":\"https:\\\/\\\/centerdent.ch\\\/fr\\\/prestations\\\/\"},{\"@type\":\"ListItem\",\"position\":3,\"name\":\"Le traitement au laser\"}]},{\"@type\":\"WebSite\",\"@id\":\"https:\\\/\\\/centerdent.ch\\\/de\\\/#website\",\"url\":\"https:\\\/\\\/centerdent.ch\\\/de\\\/\",\"name\":\"Centerdent\",\"description\":\"Ihr Zahnarzt in Z\u00fcrich Sihlcity\",\"potentialAction\":[{\"@type\":\"SearchAction\",\"target\":{\"@type\":\"EntryPoint\",\"urlTemplate\":\"https:\\\/\\\/centerdent.ch\\\/de\\\/?s={search_term_string}\"},\"query-input\":{\"@type\":\"PropertyValueSpecification\",\"valueRequired\":true,\"valueName\":\"search_term_string\"}}],\"inLanguage\":\"fr-FR\"}]}<\/script>\n<!-- \/ Yoast SEO plugin. -->","yoast_head_json":{"title":"Centerdent | Le traitement au laser","description":"Le traitement au laser est g\u00e9n\u00e9ralement st\u00e9rile sans anesth\u00e9sie. Cela peut inclure peut \u00eatre utilis\u00e9 pour les caries, la parodontite ou les traitements des gencives.","robots":{"index":"index","follow":"follow","max-snippet":"max-snippet:-1","max-image-preview":"max-image-preview:large","max-video-preview":"max-video-preview:-1"},"canonical":"https:\/\/centerdent.ch\/fr\/prestations\/le-traitement-au-laser\/","og_locale":"fr_FR","og_type":"article","og_title":"Centerdent | Le traitement au laser","og_description":"Le traitement au laser est g\u00e9n\u00e9ralement st\u00e9rile sans anesth\u00e9sie. Cela peut inclure peut \u00eatre utilis\u00e9 pour les caries, la parodontite ou les traitements des gencives.","og_url":"https:\/\/centerdent.ch\/fr\/prestations\/le-traitement-au-laser\/","og_site_name":"Centerdent","article_modified_time":"2023-11-23T09:42:03+00:00","og_image":[{"width":2560,"height":995,"url":"https:\/\/centerdent.ch\/wp-content\/uploads\/2023\/11\/defaultbanner-scaled.webp","type":"image\/webp"}],"twitter_card":"summary_large_image","twitter_misc":{"Dur\u00e9e de lecture estim\u00e9e":"2 minutes"},"schema":{"@context":"https:\/\/schema.org","@graph":[{"@type":"WebPage","@id":"https:\/\/centerdent.ch\/fr\/prestations\/le-traitement-au-laser\/","url":"https:\/\/centerdent.ch\/fr\/prestations\/le-traitement-au-laser\/","name":"Centerdent | Le traitement au laser","isPartOf":{"@id":"https:\/\/centerdent.ch\/de\/#website"},"primaryImageOfPage":{"@id":"https:\/\/centerdent.ch\/fr\/prestations\/le-traitement-au-laser\/#primaryimage"},"image":{"@id":"https:\/\/centerdent.ch\/fr\/prestations\/le-traitement-au-laser\/#primaryimage"},"thumbnailUrl":"https:\/\/centerdent.ch\/wp-content\/uploads\/2023\/11\/defaultbanner-scaled.webp","datePublished":"2023-11-01T10:12:17+00:00","dateModified":"2023-11-23T09:42:03+00:00","description":"Le traitement au laser est g\u00e9n\u00e9ralement st\u00e9rile sans anesth\u00e9sie. Cela peut inclure peut \u00eatre utilis\u00e9 pour les caries, la parodontite ou les traitements des gencives.","breadcrumb":{"@id":"https:\/\/centerdent.ch\/fr\/prestations\/le-traitement-au-laser\/#breadcrumb"},"inLanguage":"fr-FR","potentialAction":[{"@type":"ReadAction","target":["https:\/\/centerdent.ch\/fr\/prestations\/le-traitement-au-laser\/"]}]},{"@type":"ImageObject","inLanguage":"fr-FR","@id":"https:\/\/centerdent.ch\/fr\/prestations\/le-traitement-au-laser\/#primaryimage","url":"https:\/\/centerdent.ch\/wp-content\/uploads\/2023\/11\/defaultbanner-scaled.webp","contentUrl":"https:\/\/centerdent.ch\/wp-content\/uploads\/2023\/11\/defaultbanner-scaled.webp","width":2560,"height":995},{"@type":"BreadcrumbList","@id":"https:\/\/centerdent.ch\/fr\/prestations\/le-traitement-au-laser\/#breadcrumb","itemListElement":[{"@type":"ListItem","position":1,"name":"Home","item":"https:\/\/centerdent.ch\/fr\/"},{"@type":"ListItem","position":2,"name":"Prestations","item":"https:\/\/centerdent.ch\/fr\/prestations\/"},{"@type":"ListItem","position":3,"name":"Le traitement au laser"}]},{"@type":"WebSite","@id":"https:\/\/centerdent.ch\/de\/#website","url":"https:\/\/centerdent.ch\/de\/","name":"Centerdent","description":"Ihr Zahnarzt in Z\u00fcrich Sihlcity","potentialAction":[{"@type":"SearchAction","target":{"@type":"EntryPoint","urlTemplate":"https:\/\/centerdent.ch\/de\/?s={search_term_string}"},"query-input":{"@type":"PropertyValueSpecification","valueRequired":true,"valueName":"search_term_string"}}],"inLanguage":"fr-FR"}]}},"_links":{"self":[{"href":"https:\/\/centerdent.ch\/fr\/wp-json\/wp\/v2\/pages\/2344","targetHints":{"allow":["GET"]}}],"collection":[{"href":"https:\/\/centerdent.ch\/fr\/wp-json\/wp\/v2\/pages"}],"about":[{"href":"https:\/\/centerdent.ch\/fr\/wp-json\/wp\/v2\/types\/page"}],"author":[{"embeddable":true,"href":"https:\/\/centerdent.ch\/fr\/wp-json\/wp\/v2\/users\/1"}],"replies":[{"embeddable":true,"href":"https:\/\/centerdent.ch\/fr\/wp-json\/wp\/v2\/comments?post=2344"}],"version-history":[{"count":4,"href":"https:\/\/centerdent.ch\/fr\/wp-json\/wp\/v2\/pages\/2344\/revisions"}],"predecessor-version":[{"id":2821,"href":"https:\/\/centerdent.ch\/fr\/wp-json\/wp\/v2\/pages\/2344\/revisions\/2821"}],"up":[{"embeddable":true,"href":"https:\/\/centerdent.ch\/fr\/wp-json\/wp\/v2\/pages\/2333"}],"wp:featuredmedia":[{"embeddable":true,"href":"https:\/\/centerdent.ch\/fr\/wp-json\/wp\/v2\/media\/2109"}],"wp:attachment":[{"href":"https:\/\/centerdent.ch\/fr\/wp-json\/wp\/v2\/media?parent=2344"}],"curies":[{"name":"wp","href":"https:\/\/api.w.org\/{rel}","templated":true}]}}