{"id":2349,"date":"2023-11-01T10:13:39","date_gmt":"2023-11-01T10:13:39","guid":{"rendered":"https:\/\/centerdent.ch\/?page_id=2349"},"modified":"2023-11-23T09:45:29","modified_gmt":"2023-11-23T09:45:29","slug":"la-chirurgie-orale","status":"publish","type":"page","link":"https:\/\/centerdent.ch\/fr\/prestations\/la-chirurgie-orale\/","title":{"rendered":"La chirurgie orale"},"content":{"rendered":"<div class=\"fusion-fullwidth fullwidth-box fusion-builder-row-1 fusion-flex-container has-pattern-background has-mask-background nonhundred-percent-fullwidth non-hundred-percent-height-scrolling\" style=\"--awb-border-radius-top-left:0px;--awb-border-radius-top-right:0px;--awb-border-radius-bottom-right:0px;--awb-border-radius-bottom-left:0px;--awb-flex-wrap:wrap;\" ><div class=\"fusion-builder-row fusion-row fusion-flex-align-items-flex-start fusion-flex-justify-content-center fusion-flex-content-wrap\" style=\"max-width:1721.2px;margin-left: calc(-4% \/ 2 );margin-right: calc(-4% \/ 2 );\"><div class=\"fusion-layout-column fusion_builder_column fusion-builder-column-0 fusion_builder_column_3_4 3_4 fusion-flex-column\" style=\"--awb-bg-size:cover;--awb-width-large:75%;--awb-margin-top-large:0px;--awb-spacing-right-large:2.56%;--awb-margin-bottom-large:20px;--awb-spacing-left-large:2.56%;--awb-width-medium:100%;--awb-order-medium:0;--awb-spacing-right-medium:1.92%;--awb-spacing-left-medium:1.92%;--awb-width-small:100%;--awb-order-small:0;--awb-spacing-right-small:1.92%;--awb-spacing-left-small:1.92%;\"><div class=\"fusion-column-wrapper fusion-column-has-shadow fusion-flex-justify-content-flex-start fusion-content-layout-column\"><div class=\"fusion-text fusion-text-1\"><h2 class=\"fusion-responsive-typography-calculated\" style=\"--fontsize: 42; line-height: 1.2;\" data-fontsize=\"42\" data-lineheight=\"50.4px\">Le retrait des dents de sagesse et des dents incluses<\/h2>\n<p>Un retrait des dents de sagesse est indiqu\u00e9 lorsque celles-ci ne sont pas sorties, ou qu&rsquo;elles ne le sont que partiellement, et lorsque leur pouss\u00e9e entra\u00eene des complications, telles qu&rsquo;une inflammation des tissus mous environnants. Les dents de sagesse peuvent rester incluses dans l&rsquo;os, ce qui peut \u00eatre la cause de troubles divers.<\/p>\n<p>L&rsquo;ablation d&rsquo;un kyste<\/p>\n<p>Les kystes sont des cavit\u00e9s anormales qui croissent de mani\u00e8re anarchique. Les kystes des m\u00e2choires peuvent comprimer, voire d\u00e9truire les structures voisines. Il est possible de traiter ces maladies en proc\u00e9dant \u00e0 l&rsquo;ablation d&rsquo;un kyste.<\/p>\n<h2 class=\"fusion-responsive-typography-calculated\" style=\"--fontsize: 42; line-height: 1.2;\" data-fontsize=\"42\" data-lineheight=\"50.4px\">Les apicectomies<\/h2>\n<p>L&rsquo;apicectomie est une r\u00e9section de la racine. On a recours \u00e0 cette m\u00e9thode notamment en pr\u00e9sence de processus inflammatoires ou de kystes au niveau de la racine. L&rsquo;objectif de cette r\u00e9section est de conserver la dent concern\u00e9e, et, ainsi, dans la plupart des cas, il est possible d&rsquo;\u00e9viter l&rsquo;extraction de cette dent.<\/p>\n<p>Radiographie 3D \/ tomographie volum\u00e9trique<\/p>\n<p>Le cabinet CenterDent AG est \u00e9quip\u00e9 de la technologie de radiographie la plus moderne : avec la tomographie volum\u00e9trique, les dents et les structures osseuses peuvent \u00eatre repr\u00e9sent\u00e9es en trois dimensions. Les tubes \u00e0 rayons X effectuent une rotation autour de la t\u00eate du patient. Les images cr\u00e9\u00e9es sont alors assembl\u00e9es en quelques minutes pour former une image tridimensionnelle, qui est ensuite examin\u00e9e \u00e0 l&rsquo;aide d&rsquo;un logiciel. L&rsquo;exposition aux radiations est beaucoup plus faible que lors d&rsquo;une tomographie num\u00e9rique (CT).<\/p>\n<p>Tandis qu&rsquo;une radiographie traditionnelle permet uniquement d&rsquo;observer les structures en deux dimensions comme sur une photo, l&rsquo;image en trois dimensions permet d&rsquo;analyser l&rsquo;anatomie avec pr\u00e9cision dans les trois dimensions.<\/p>\n<p>Cette technologie am\u00e9liore la pr\u00e9cision de la planification de l&rsquo;intervention ainsi que de la repr\u00e9sentation des principales structures anatomiques, comme les trajets nerveux et les sinus maxillaires, et apporte ainsi des informations essentielles \u00e0 la r\u00e9ussite de l&rsquo;intervention chirurgicale.<\/p>\n<p>Indications :<\/p>\n<ul>\n<li>Troubles de l&rsquo;articulation temporo-mandibulaire<\/li>\n<li>Repr\u00e9sentation des trajets nerveux \/ points de sortie nerveuse (planification d&rsquo;implants, extraction des dents de sagesse)<\/li>\n<li>Traumatisme osseux, exclusion de fractures au niveau des dents, de la m\u00e2choire et des maxillaires<\/li>\n<li>Pathologies affectant les maxillaires<\/li>\n<li>Localisation de corps \u00e9trangers dans la m\u00e2choire<\/li>\n<li>Implantation<\/li>\n<li>Diagnostic en endodontologie\/parodontologie<\/li>\n<\/ul>\n<\/div><\/div><\/div><\/div><\/div>\n","protected":false},"excerpt":{"rendered":"","protected":false},"author":1,"featured_media":2109,"parent":2333,"menu_order":0,"comment_status":"closed","ping_status":"closed","template":"100-width.php","meta":{"footnotes":""},"class_list":["post-2349","page","type-page","status-publish","has-post-thumbnail","hentry"],"yoast_head":"<!-- This site is optimized with the Yoast SEO plugin v27.4 - https:\/\/yoast.com\/product\/yoast-seo-wordpress\/ -->\n<title>Centerdent | La chirurgie orale<\/title>\n<meta name=\"description\" content=\"Dans le cadre de notre chirurgie buccale, nous proposons l&#039;ablation des dents de sagesse, l&#039;ablation des kystes et la r\u00e9section de l&#039;extr\u00e9mit\u00e9 radiculaire. Laissez-nous vous conseiller.\" \/>\n<meta name=\"robots\" content=\"index, follow, max-snippet:-1, max-image-preview:large, max-video-preview:-1\" \/>\n<link rel=\"canonical\" href=\"https:\/\/centerdent.ch\/fr\/prestations\/la-chirurgie-orale\/\" \/>\n<meta property=\"og:locale\" content=\"fr_FR\" \/>\n<meta property=\"og:type\" content=\"article\" \/>\n<meta property=\"og:title\" content=\"Centerdent | La chirurgie orale\" \/>\n<meta property=\"og:description\" content=\"Dans le cadre de notre chirurgie buccale, nous proposons l&#039;ablation des dents de sagesse, l&#039;ablation des kystes et la r\u00e9section de l&#039;extr\u00e9mit\u00e9 radiculaire. Laissez-nous vous conseiller.\" \/>\n<meta property=\"og:url\" content=\"https:\/\/centerdent.ch\/fr\/prestations\/la-chirurgie-orale\/\" \/>\n<meta property=\"og:site_name\" content=\"Centerdent\" \/>\n<meta property=\"article:modified_time\" content=\"2023-11-23T09:45:29+00:00\" \/>\n<meta property=\"og:image\" content=\"https:\/\/centerdent.ch\/wp-content\/uploads\/2023\/11\/defaultbanner-scaled.webp\" \/>\n\t<meta property=\"og:image:width\" content=\"2560\" \/>\n\t<meta property=\"og:image:height\" content=\"995\" \/>\n\t<meta property=\"og:image:type\" content=\"image\/webp\" \/>\n<meta name=\"twitter:card\" content=\"summary_large_image\" \/>\n<meta name=\"twitter:label1\" content=\"Dur\u00e9e de lecture estim\u00e9e\" \/>\n\t<meta name=\"twitter:data1\" content=\"3 minutes\" \/>\n<script type=\"application\/ld+json\" class=\"yoast-schema-graph\">{\"@context\":\"https:\\\/\\\/schema.org\",\"@graph\":[{\"@type\":\"WebPage\",\"@id\":\"https:\\\/\\\/centerdent.ch\\\/fr\\\/prestations\\\/la-chirurgie-orale\\\/\",\"url\":\"https:\\\/\\\/centerdent.ch\\\/fr\\\/prestations\\\/la-chirurgie-orale\\\/\",\"name\":\"Centerdent | La chirurgie orale\",\"isPartOf\":{\"@id\":\"https:\\\/\\\/centerdent.ch\\\/de\\\/#website\"},\"primaryImageOfPage\":{\"@id\":\"https:\\\/\\\/centerdent.ch\\\/fr\\\/prestations\\\/la-chirurgie-orale\\\/#primaryimage\"},\"image\":{\"@id\":\"https:\\\/\\\/centerdent.ch\\\/fr\\\/prestations\\\/la-chirurgie-orale\\\/#primaryimage\"},\"thumbnailUrl\":\"https:\\\/\\\/centerdent.ch\\\/wp-content\\\/uploads\\\/2023\\\/11\\\/defaultbanner-scaled.webp\",\"datePublished\":\"2023-11-01T10:13:39+00:00\",\"dateModified\":\"2023-11-23T09:45:29+00:00\",\"description\":\"Dans le cadre de notre chirurgie buccale, nous proposons l'ablation des dents de sagesse, l'ablation des kystes et la r\u00e9section de l'extr\u00e9mit\u00e9 radiculaire. Laissez-nous vous conseiller.\",\"breadcrumb\":{\"@id\":\"https:\\\/\\\/centerdent.ch\\\/fr\\\/prestations\\\/la-chirurgie-orale\\\/#breadcrumb\"},\"inLanguage\":\"fr-FR\",\"potentialAction\":[{\"@type\":\"ReadAction\",\"target\":[\"https:\\\/\\\/centerdent.ch\\\/fr\\\/prestations\\\/la-chirurgie-orale\\\/\"]}]},{\"@type\":\"ImageObject\",\"inLanguage\":\"fr-FR\",\"@id\":\"https:\\\/\\\/centerdent.ch\\\/fr\\\/prestations\\\/la-chirurgie-orale\\\/#primaryimage\",\"url\":\"https:\\\/\\\/centerdent.ch\\\/wp-content\\\/uploads\\\/2023\\\/11\\\/defaultbanner-scaled.webp\",\"contentUrl\":\"https:\\\/\\\/centerdent.ch\\\/wp-content\\\/uploads\\\/2023\\\/11\\\/defaultbanner-scaled.webp\",\"width\":2560,\"height\":995},{\"@type\":\"BreadcrumbList\",\"@id\":\"https:\\\/\\\/centerdent.ch\\\/fr\\\/prestations\\\/la-chirurgie-orale\\\/#breadcrumb\",\"itemListElement\":[{\"@type\":\"ListItem\",\"position\":1,\"name\":\"Home\",\"item\":\"https:\\\/\\\/centerdent.ch\\\/fr\\\/\"},{\"@type\":\"ListItem\",\"position\":2,\"name\":\"Prestations\",\"item\":\"https:\\\/\\\/centerdent.ch\\\/fr\\\/prestations\\\/\"},{\"@type\":\"ListItem\",\"position\":3,\"name\":\"La chirurgie orale\"}]},{\"@type\":\"WebSite\",\"@id\":\"https:\\\/\\\/centerdent.ch\\\/de\\\/#website\",\"url\":\"https:\\\/\\\/centerdent.ch\\\/de\\\/\",\"name\":\"Centerdent\",\"description\":\"Ihr Zahnarzt in Z\u00fcrich Sihlcity\",\"potentialAction\":[{\"@type\":\"SearchAction\",\"target\":{\"@type\":\"EntryPoint\",\"urlTemplate\":\"https:\\\/\\\/centerdent.ch\\\/de\\\/?s={search_term_string}\"},\"query-input\":{\"@type\":\"PropertyValueSpecification\",\"valueRequired\":true,\"valueName\":\"search_term_string\"}}],\"inLanguage\":\"fr-FR\"}]}<\/script>\n<!-- \/ Yoast SEO plugin. -->","yoast_head_json":{"title":"Centerdent | La chirurgie orale","description":"Dans le cadre de notre chirurgie buccale, nous proposons l'ablation des dents de sagesse, l'ablation des kystes et la r\u00e9section de l'extr\u00e9mit\u00e9 radiculaire. Laissez-nous vous conseiller.","robots":{"index":"index","follow":"follow","max-snippet":"max-snippet:-1","max-image-preview":"max-image-preview:large","max-video-preview":"max-video-preview:-1"},"canonical":"https:\/\/centerdent.ch\/fr\/prestations\/la-chirurgie-orale\/","og_locale":"fr_FR","og_type":"article","og_title":"Centerdent | La chirurgie orale","og_description":"Dans le cadre de notre chirurgie buccale, nous proposons l'ablation des dents de sagesse, l'ablation des kystes et la r\u00e9section de l'extr\u00e9mit\u00e9 radiculaire. Laissez-nous vous conseiller.","og_url":"https:\/\/centerdent.ch\/fr\/prestations\/la-chirurgie-orale\/","og_site_name":"Centerdent","article_modified_time":"2023-11-23T09:45:29+00:00","og_image":[{"width":2560,"height":995,"url":"https:\/\/centerdent.ch\/wp-content\/uploads\/2023\/11\/defaultbanner-scaled.webp","type":"image\/webp"}],"twitter_card":"summary_large_image","twitter_misc":{"Dur\u00e9e de lecture estim\u00e9e":"3 minutes"},"schema":{"@context":"https:\/\/schema.org","@graph":[{"@type":"WebPage","@id":"https:\/\/centerdent.ch\/fr\/prestations\/la-chirurgie-orale\/","url":"https:\/\/centerdent.ch\/fr\/prestations\/la-chirurgie-orale\/","name":"Centerdent | La chirurgie orale","isPartOf":{"@id":"https:\/\/centerdent.ch\/de\/#website"},"primaryImageOfPage":{"@id":"https:\/\/centerdent.ch\/fr\/prestations\/la-chirurgie-orale\/#primaryimage"},"image":{"@id":"https:\/\/centerdent.ch\/fr\/prestations\/la-chirurgie-orale\/#primaryimage"},"thumbnailUrl":"https:\/\/centerdent.ch\/wp-content\/uploads\/2023\/11\/defaultbanner-scaled.webp","datePublished":"2023-11-01T10:13:39+00:00","dateModified":"2023-11-23T09:45:29+00:00","description":"Dans le cadre de notre chirurgie buccale, nous proposons l'ablation des dents de sagesse, l'ablation des kystes et la r\u00e9section de l'extr\u00e9mit\u00e9 radiculaire. Laissez-nous vous conseiller.","breadcrumb":{"@id":"https:\/\/centerdent.ch\/fr\/prestations\/la-chirurgie-orale\/#breadcrumb"},"inLanguage":"fr-FR","potentialAction":[{"@type":"ReadAction","target":["https:\/\/centerdent.ch\/fr\/prestations\/la-chirurgie-orale\/"]}]},{"@type":"ImageObject","inLanguage":"fr-FR","@id":"https:\/\/centerdent.ch\/fr\/prestations\/la-chirurgie-orale\/#primaryimage","url":"https:\/\/centerdent.ch\/wp-content\/uploads\/2023\/11\/defaultbanner-scaled.webp","contentUrl":"https:\/\/centerdent.ch\/wp-content\/uploads\/2023\/11\/defaultbanner-scaled.webp","width":2560,"height":995},{"@type":"BreadcrumbList","@id":"https:\/\/centerdent.ch\/fr\/prestations\/la-chirurgie-orale\/#breadcrumb","itemListElement":[{"@type":"ListItem","position":1,"name":"Home","item":"https:\/\/centerdent.ch\/fr\/"},{"@type":"ListItem","position":2,"name":"Prestations","item":"https:\/\/centerdent.ch\/fr\/prestations\/"},{"@type":"ListItem","position":3,"name":"La chirurgie orale"}]},{"@type":"WebSite","@id":"https:\/\/centerdent.ch\/de\/#website","url":"https:\/\/centerdent.ch\/de\/","name":"Centerdent","description":"Ihr Zahnarzt in Z\u00fcrich Sihlcity","potentialAction":[{"@type":"SearchAction","target":{"@type":"EntryPoint","urlTemplate":"https:\/\/centerdent.ch\/de\/?s={search_term_string}"},"query-input":{"@type":"PropertyValueSpecification","valueRequired":true,"valueName":"search_term_string"}}],"inLanguage":"fr-FR"}]}},"_links":{"self":[{"href":"https:\/\/centerdent.ch\/fr\/wp-json\/wp\/v2\/pages\/2349","targetHints":{"allow":["GET"]}}],"collection":[{"href":"https:\/\/centerdent.ch\/fr\/wp-json\/wp\/v2\/pages"}],"about":[{"href":"https:\/\/centerdent.ch\/fr\/wp-json\/wp\/v2\/types\/page"}],"author":[{"embeddable":true,"href":"https:\/\/centerdent.ch\/fr\/wp-json\/wp\/v2\/users\/1"}],"replies":[{"embeddable":true,"href":"https:\/\/centerdent.ch\/fr\/wp-json\/wp\/v2\/comments?post=2349"}],"version-history":[{"count":4,"href":"https:\/\/centerdent.ch\/fr\/wp-json\/wp\/v2\/pages\/2349\/revisions"}],"predecessor-version":[{"id":2826,"href":"https:\/\/centerdent.ch\/fr\/wp-json\/wp\/v2\/pages\/2349\/revisions\/2826"}],"up":[{"embeddable":true,"href":"https:\/\/centerdent.ch\/fr\/wp-json\/wp\/v2\/pages\/2333"}],"wp:featuredmedia":[{"embeddable":true,"href":"https:\/\/centerdent.ch\/fr\/wp-json\/wp\/v2\/media\/2109"}],"wp:attachment":[{"href":"https:\/\/centerdent.ch\/fr\/wp-json\/wp\/v2\/media?parent=2349"}],"curies":[{"name":"wp","href":"https:\/\/api.w.org\/{rel}","templated":true}]}}