{"id":2357,"date":"2023-11-01T10:13:07","date_gmt":"2023-11-01T10:13:07","guid":{"rendered":"https:\/\/centerdent.ch\/?page_id=2357"},"modified":"2023-11-23T09:44:08","modified_gmt":"2023-11-23T09:44:08","slug":"les-protheses-dentaires","status":"publish","type":"page","link":"https:\/\/centerdent.ch\/fr\/prestations\/les-protheses-dentaires\/","title":{"rendered":"Les proth\u00e8ses dentaires"},"content":{"rendered":"<div class=\"fusion-fullwidth fullwidth-box fusion-builder-row-1 fusion-flex-container has-pattern-background has-mask-background nonhundred-percent-fullwidth non-hundred-percent-height-scrolling\" style=\"--awb-border-radius-top-left:0px;--awb-border-radius-top-right:0px;--awb-border-radius-bottom-right:0px;--awb-border-radius-bottom-left:0px;--awb-flex-wrap:wrap;\" ><div class=\"fusion-builder-row fusion-row fusion-flex-align-items-flex-start fusion-flex-justify-content-center fusion-flex-content-wrap\" style=\"max-width:1721.2px;margin-left: calc(-4% \/ 2 );margin-right: calc(-4% \/ 2 );\"><div class=\"fusion-layout-column fusion_builder_column fusion-builder-column-0 fusion_builder_column_3_4 3_4 fusion-flex-column\" style=\"--awb-bg-size:cover;--awb-width-large:75%;--awb-margin-top-large:0px;--awb-spacing-right-large:2.56%;--awb-margin-bottom-large:20px;--awb-spacing-left-large:2.56%;--awb-width-medium:100%;--awb-order-medium:0;--awb-spacing-right-medium:1.92%;--awb-spacing-left-medium:1.92%;--awb-width-small:100%;--awb-order-small:0;--awb-spacing-right-small:1.92%;--awb-spacing-left-small:1.92%;\"><div class=\"fusion-column-wrapper fusion-column-has-shadow fusion-flex-justify-content-flex-start fusion-content-layout-column\"><div class=\"fusion-text fusion-text-1\"><h2 class=\"fusion-responsive-typography-calculated\" style=\"--fontsize: 42; line-height: 1.2;\" data-fontsize=\"42\" data-lineheight=\"50.4px\">Les couronnes individuelles<\/h2>\n<p>Si une dent est endommag\u00e9e de mani\u00e8re importante, et qu&rsquo;elle ne peut pas \u00eatre conserv\u00e9e au moyen d&rsquo;une obturation, il faut la recouvrir d&rsquo;une couronne. Une couronne classique recouvre enti\u00e8rement la dent, alors qu&rsquo;une couronne partielle ne recouvre qu&rsquo;une seule partie de la dent. Les couronnes sont constitu\u00e9es d&rsquo;une structure m\u00e9tallique recouverte d&rsquo;une c\u00e9ramique de la m\u00eame couleur que les dents, ou bien elles sont int\u00e9gralement fabriqu\u00e9es en c\u00e9ramique. On utilise surtout les couronnes enti\u00e8rement en c\u00e9ramique dans le domaine de l&rsquo;esth\u00e9tique.<\/p>\n<h2 class=\"fusion-responsive-typography-calculated\" style=\"--fontsize: 42; line-height: 1.2;\" data-fontsize=\"42\" data-lineheight=\"50.4px\">Les bridges<\/h2>\n<p>Pour combler les espaces, on utilise deux dents piliers qui sont pr\u00e9par\u00e9es pour recevoir l&rsquo;ancrage du bridge (couronnes). L&rsquo;espace est combl\u00e9 \u00e0 l&rsquo;aide d&rsquo;un \u00e9l\u00e9ment interm\u00e9diaire qui est fix\u00e9 sur l&rsquo;ancrage du bridge. Une alternative au bridge est constitu\u00e9e par l&rsquo;insertion d&rsquo;un implant.<\/p>\n<p>Les proth\u00e8ses amovibles \/ proth\u00e8ses partielles<\/p>\n<p>Les proth\u00e8ses totales ou partielles sont des dents artificielles qui servent \u00e0 remplacer les dents manquantes. On utilise les proth\u00e8ses totales pour les m\u00e2choires \u00e9dent\u00e9es, alors qu&rsquo;on a recours aux proth\u00e8ses partielles en cas de dents manquantes.<\/p>\n<p>Les proth\u00e8ses sont constitu\u00e9es d&rsquo;une base en plastique de la m\u00eame couleur que les gencives, dans laquelle les dents artificielles en plastique ou en c\u00e9ramique sont ins\u00e9r\u00e9es. Les proth\u00e8ses sont amovibles, et elles sont fix\u00e9es aux dents encore pr\u00e9sentes \u00e0 l&rsquo;aide de pinces, de barres, ou d&rsquo;une technique t\u00e9lescopique ou d&rsquo;attaches, ou, pour un maintien optimal, elles peuvent \u00eatre compl\u00e9t\u00e9es par l&rsquo;ancrage d&rsquo;un implant (on appelle cela des proth\u00e8ses soutenues par des implants).<\/p>\n<\/div><\/div><\/div><\/div><\/div>\n","protected":false},"excerpt":{"rendered":"","protected":false},"author":1,"featured_media":2109,"parent":2333,"menu_order":0,"comment_status":"closed","ping_status":"closed","template":"100-width.php","meta":{"footnotes":""},"class_list":["post-2357","page","type-page","status-publish","has-post-thumbnail","hentry"],"yoast_head":"<!-- This site is optimized with the Yoast SEO plugin v27.5 - https:\/\/yoast.com\/product\/yoast-seo-wordpress\/ -->\n<title>Centerdent | Les proth\u00e8ses dentaires<\/title>\n<meta name=\"description\" content=\"Les proth\u00e8ses dentaires sont n\u00e9cessaires lorsqu&#039;une dent a \u00e9t\u00e9 si mal d\u00e9truite que la th\u00e9rapie de remplissage ne peut plus \u00eatre utilis\u00e9e. Cela doit alors \u00eatre couronn\u00e9.\" \/>\n<meta name=\"robots\" content=\"index, follow, max-snippet:-1, max-image-preview:large, max-video-preview:-1\" \/>\n<link rel=\"canonical\" href=\"https:\/\/centerdent.ch\/fr\/prestations\/les-protheses-dentaires\/\" \/>\n<meta property=\"og:locale\" content=\"fr_FR\" \/>\n<meta property=\"og:type\" content=\"article\" \/>\n<meta property=\"og:title\" content=\"Centerdent | Les proth\u00e8ses dentaires\" \/>\n<meta property=\"og:description\" content=\"Les proth\u00e8ses dentaires sont n\u00e9cessaires lorsqu&#039;une dent a \u00e9t\u00e9 si mal d\u00e9truite que la th\u00e9rapie de remplissage ne peut plus \u00eatre utilis\u00e9e. Cela doit alors \u00eatre couronn\u00e9.\" \/>\n<meta property=\"og:url\" content=\"https:\/\/centerdent.ch\/fr\/prestations\/les-protheses-dentaires\/\" \/>\n<meta property=\"og:site_name\" content=\"Centerdent\" \/>\n<meta property=\"article:modified_time\" content=\"2023-11-23T09:44:08+00:00\" \/>\n<meta property=\"og:image\" content=\"https:\/\/centerdent.ch\/wp-content\/uploads\/2023\/11\/defaultbanner-scaled.webp\" \/>\n\t<meta property=\"og:image:width\" content=\"2560\" \/>\n\t<meta property=\"og:image:height\" content=\"995\" \/>\n\t<meta property=\"og:image:type\" content=\"image\/webp\" \/>\n<meta name=\"twitter:card\" content=\"summary_large_image\" \/>\n<meta name=\"twitter:label1\" content=\"Dur\u00e9e de lecture estim\u00e9e\" \/>\n\t<meta name=\"twitter:data1\" content=\"3 minutes\" \/>\n<script type=\"application\/ld+json\" class=\"yoast-schema-graph\">{\"@context\":\"https:\\\/\\\/schema.org\",\"@graph\":[{\"@type\":\"WebPage\",\"@id\":\"https:\\\/\\\/centerdent.ch\\\/fr\\\/prestations\\\/les-protheses-dentaires\\\/\",\"url\":\"https:\\\/\\\/centerdent.ch\\\/fr\\\/prestations\\\/les-protheses-dentaires\\\/\",\"name\":\"Centerdent | Les proth\u00e8ses dentaires\",\"isPartOf\":{\"@id\":\"https:\\\/\\\/centerdent.ch\\\/de\\\/#website\"},\"primaryImageOfPage\":{\"@id\":\"https:\\\/\\\/centerdent.ch\\\/fr\\\/prestations\\\/les-protheses-dentaires\\\/#primaryimage\"},\"image\":{\"@id\":\"https:\\\/\\\/centerdent.ch\\\/fr\\\/prestations\\\/les-protheses-dentaires\\\/#primaryimage\"},\"thumbnailUrl\":\"https:\\\/\\\/centerdent.ch\\\/wp-content\\\/uploads\\\/2023\\\/11\\\/defaultbanner-scaled.webp\",\"datePublished\":\"2023-11-01T10:13:07+00:00\",\"dateModified\":\"2023-11-23T09:44:08+00:00\",\"description\":\"Les proth\u00e8ses dentaires sont n\u00e9cessaires lorsqu'une dent a \u00e9t\u00e9 si mal d\u00e9truite que la th\u00e9rapie de remplissage ne peut plus \u00eatre utilis\u00e9e. Cela doit alors \u00eatre couronn\u00e9.\",\"breadcrumb\":{\"@id\":\"https:\\\/\\\/centerdent.ch\\\/fr\\\/prestations\\\/les-protheses-dentaires\\\/#breadcrumb\"},\"inLanguage\":\"fr-FR\",\"potentialAction\":[{\"@type\":\"ReadAction\",\"target\":[\"https:\\\/\\\/centerdent.ch\\\/fr\\\/prestations\\\/les-protheses-dentaires\\\/\"]}]},{\"@type\":\"ImageObject\",\"inLanguage\":\"fr-FR\",\"@id\":\"https:\\\/\\\/centerdent.ch\\\/fr\\\/prestations\\\/les-protheses-dentaires\\\/#primaryimage\",\"url\":\"https:\\\/\\\/centerdent.ch\\\/wp-content\\\/uploads\\\/2023\\\/11\\\/defaultbanner-scaled.webp\",\"contentUrl\":\"https:\\\/\\\/centerdent.ch\\\/wp-content\\\/uploads\\\/2023\\\/11\\\/defaultbanner-scaled.webp\",\"width\":2560,\"height\":995},{\"@type\":\"BreadcrumbList\",\"@id\":\"https:\\\/\\\/centerdent.ch\\\/fr\\\/prestations\\\/les-protheses-dentaires\\\/#breadcrumb\",\"itemListElement\":[{\"@type\":\"ListItem\",\"position\":1,\"name\":\"Home\",\"item\":\"https:\\\/\\\/centerdent.ch\\\/fr\\\/\"},{\"@type\":\"ListItem\",\"position\":2,\"name\":\"Prestations\",\"item\":\"https:\\\/\\\/centerdent.ch\\\/fr\\\/prestations\\\/\"},{\"@type\":\"ListItem\",\"position\":3,\"name\":\"Les proth\u00e8ses dentaires\"}]},{\"@type\":\"WebSite\",\"@id\":\"https:\\\/\\\/centerdent.ch\\\/de\\\/#website\",\"url\":\"https:\\\/\\\/centerdent.ch\\\/de\\\/\",\"name\":\"Centerdent\",\"description\":\"Ihr Zahnarzt in Z\u00fcrich Sihlcity\",\"potentialAction\":[{\"@type\":\"SearchAction\",\"target\":{\"@type\":\"EntryPoint\",\"urlTemplate\":\"https:\\\/\\\/centerdent.ch\\\/de\\\/?s={search_term_string}\"},\"query-input\":{\"@type\":\"PropertyValueSpecification\",\"valueRequired\":true,\"valueName\":\"search_term_string\"}}],\"inLanguage\":\"fr-FR\"}]}<\/script>\n<!-- \/ Yoast SEO plugin. -->","yoast_head_json":{"title":"Centerdent | Les proth\u00e8ses dentaires","description":"Les proth\u00e8ses dentaires sont n\u00e9cessaires lorsqu'une dent a \u00e9t\u00e9 si mal d\u00e9truite que la th\u00e9rapie de remplissage ne peut plus \u00eatre utilis\u00e9e. Cela doit alors \u00eatre couronn\u00e9.","robots":{"index":"index","follow":"follow","max-snippet":"max-snippet:-1","max-image-preview":"max-image-preview:large","max-video-preview":"max-video-preview:-1"},"canonical":"https:\/\/centerdent.ch\/fr\/prestations\/les-protheses-dentaires\/","og_locale":"fr_FR","og_type":"article","og_title":"Centerdent | Les proth\u00e8ses dentaires","og_description":"Les proth\u00e8ses dentaires sont n\u00e9cessaires lorsqu'une dent a \u00e9t\u00e9 si mal d\u00e9truite que la th\u00e9rapie de remplissage ne peut plus \u00eatre utilis\u00e9e. Cela doit alors \u00eatre couronn\u00e9.","og_url":"https:\/\/centerdent.ch\/fr\/prestations\/les-protheses-dentaires\/","og_site_name":"Centerdent","article_modified_time":"2023-11-23T09:44:08+00:00","og_image":[{"width":2560,"height":995,"url":"https:\/\/centerdent.ch\/wp-content\/uploads\/2023\/11\/defaultbanner-scaled.webp","type":"image\/webp"}],"twitter_card":"summary_large_image","twitter_misc":{"Dur\u00e9e de lecture estim\u00e9e":"3 minutes"},"schema":{"@context":"https:\/\/schema.org","@graph":[{"@type":"WebPage","@id":"https:\/\/centerdent.ch\/fr\/prestations\/les-protheses-dentaires\/","url":"https:\/\/centerdent.ch\/fr\/prestations\/les-protheses-dentaires\/","name":"Centerdent | Les proth\u00e8ses dentaires","isPartOf":{"@id":"https:\/\/centerdent.ch\/de\/#website"},"primaryImageOfPage":{"@id":"https:\/\/centerdent.ch\/fr\/prestations\/les-protheses-dentaires\/#primaryimage"},"image":{"@id":"https:\/\/centerdent.ch\/fr\/prestations\/les-protheses-dentaires\/#primaryimage"},"thumbnailUrl":"https:\/\/centerdent.ch\/wp-content\/uploads\/2023\/11\/defaultbanner-scaled.webp","datePublished":"2023-11-01T10:13:07+00:00","dateModified":"2023-11-23T09:44:08+00:00","description":"Les proth\u00e8ses dentaires sont n\u00e9cessaires lorsqu'une dent a \u00e9t\u00e9 si mal d\u00e9truite que la th\u00e9rapie de remplissage ne peut plus \u00eatre utilis\u00e9e. Cela doit alors \u00eatre couronn\u00e9.","breadcrumb":{"@id":"https:\/\/centerdent.ch\/fr\/prestations\/les-protheses-dentaires\/#breadcrumb"},"inLanguage":"fr-FR","potentialAction":[{"@type":"ReadAction","target":["https:\/\/centerdent.ch\/fr\/prestations\/les-protheses-dentaires\/"]}]},{"@type":"ImageObject","inLanguage":"fr-FR","@id":"https:\/\/centerdent.ch\/fr\/prestations\/les-protheses-dentaires\/#primaryimage","url":"https:\/\/centerdent.ch\/wp-content\/uploads\/2023\/11\/defaultbanner-scaled.webp","contentUrl":"https:\/\/centerdent.ch\/wp-content\/uploads\/2023\/11\/defaultbanner-scaled.webp","width":2560,"height":995},{"@type":"BreadcrumbList","@id":"https:\/\/centerdent.ch\/fr\/prestations\/les-protheses-dentaires\/#breadcrumb","itemListElement":[{"@type":"ListItem","position":1,"name":"Home","item":"https:\/\/centerdent.ch\/fr\/"},{"@type":"ListItem","position":2,"name":"Prestations","item":"https:\/\/centerdent.ch\/fr\/prestations\/"},{"@type":"ListItem","position":3,"name":"Les proth\u00e8ses dentaires"}]},{"@type":"WebSite","@id":"https:\/\/centerdent.ch\/de\/#website","url":"https:\/\/centerdent.ch\/de\/","name":"Centerdent","description":"Ihr Zahnarzt in Z\u00fcrich Sihlcity","potentialAction":[{"@type":"SearchAction","target":{"@type":"EntryPoint","urlTemplate":"https:\/\/centerdent.ch\/de\/?s={search_term_string}"},"query-input":{"@type":"PropertyValueSpecification","valueRequired":true,"valueName":"search_term_string"}}],"inLanguage":"fr-FR"}]}},"_links":{"self":[{"href":"https:\/\/centerdent.ch\/fr\/wp-json\/wp\/v2\/pages\/2357","targetHints":{"allow":["GET"]}}],"collection":[{"href":"https:\/\/centerdent.ch\/fr\/wp-json\/wp\/v2\/pages"}],"about":[{"href":"https:\/\/centerdent.ch\/fr\/wp-json\/wp\/v2\/types\/page"}],"author":[{"embeddable":true,"href":"https:\/\/centerdent.ch\/fr\/wp-json\/wp\/v2\/users\/1"}],"replies":[{"embeddable":true,"href":"https:\/\/centerdent.ch\/fr\/wp-json\/wp\/v2\/comments?post=2357"}],"version-history":[{"count":4,"href":"https:\/\/centerdent.ch\/fr\/wp-json\/wp\/v2\/pages\/2357\/revisions"}],"predecessor-version":[{"id":2824,"href":"https:\/\/centerdent.ch\/fr\/wp-json\/wp\/v2\/pages\/2357\/revisions\/2824"}],"up":[{"embeddable":true,"href":"https:\/\/centerdent.ch\/fr\/wp-json\/wp\/v2\/pages\/2333"}],"wp:featuredmedia":[{"embeddable":true,"href":"https:\/\/centerdent.ch\/fr\/wp-json\/wp\/v2\/media\/2109"}],"wp:attachment":[{"href":"https:\/\/centerdent.ch\/fr\/wp-json\/wp\/v2\/media?parent=2357"}],"curies":[{"name":"wp","href":"https:\/\/api.w.org\/{rel}","templated":true}]}}