{"id":2358,"date":"2023-11-01T16:04:51","date_gmt":"2023-11-01T16:04:51","guid":{"rendered":"https:\/\/centerdent.ch\/?page_id=2358"},"modified":"2023-11-21T16:13:14","modified_gmt":"2023-11-21T16:13:14","slug":"declaration-de-protection-des-donnees","status":"publish","type":"page","link":"https:\/\/centerdent.ch\/fr\/declaration-de-protection-des-donnees\/","title":{"rendered":"D\u00e9claration de protection des donn\u00e9es"},"content":{"rendered":"<div class=\"fusion-fullwidth fullwidth-box fusion-builder-row-1 fusion-flex-container has-pattern-background has-mask-background nonhundred-percent-fullwidth non-hundred-percent-height-scrolling\" style=\"--awb-border-radius-top-left:0px;--awb-border-radius-top-right:0px;--awb-border-radius-bottom-right:0px;--awb-border-radius-bottom-left:0px;--awb-flex-wrap:wrap;\" ><div class=\"fusion-builder-row fusion-row fusion-flex-align-items-flex-start fusion-flex-content-wrap\" style=\"max-width:1721.2px;margin-left: calc(-4% \/ 2 );margin-right: calc(-4% \/ 2 );\"><div class=\"fusion-layout-column fusion_builder_column fusion-builder-column-0 fusion_builder_column_1_1 1_1 fusion-flex-column\" style=\"--awb-padding-top:25px;--awb-bg-size:cover;--awb-width-large:100%;--awb-margin-top-large:0px;--awb-spacing-right-large:1.92%;--awb-margin-bottom-large:20px;--awb-spacing-left-large:1.92%;--awb-width-medium:100%;--awb-order-medium:0;--awb-spacing-right-medium:1.92%;--awb-spacing-left-medium:1.92%;--awb-width-small:100%;--awb-order-small:0;--awb-spacing-right-small:1.92%;--awb-spacing-left-small:1.92%;\"><div class=\"fusion-column-wrapper fusion-column-has-shadow fusion-flex-justify-content-flex-start fusion-content-layout-column\"><div class=\"fusion-text fusion-text-1\"><h2 data-fontsize=\"42\" style=\"--fontSize: 42; line-height: 1.2;\" data-lineheight=\"50.4px\" class=\"fusion-responsive-typography-calculated\">D\u00e9claration de protection des donn\u00e9es<\/h2>\n<p>Bienvenue sur le site Internet de notre cabinet dentaire. La d\u00e9claration de protection des donn\u00e9es ci- dessous s&rsquo;applique \u00e0 l&rsquo;utilisation de notre site internet ainsi qu&rsquo;aux services qui y sont propos\u00e9s. La pr\u00e9sente d\u00e9claration de protection des donn\u00e9es vous informe sur la collecte de donn\u00e9es personnelles lors de votre visite sur ce site.<\/p>\n<p>La collecte et le traitement de vos donn\u00e9es personnelles sont effectu\u00e9s dans le respect des lois et des dispositions en vigueur en mati\u00e8re de protection des donn\u00e9es.<\/p>\n<p>En principe, notre cabinet dentaire ne propose ses services qu&rsquo;en Suisse et ne s&rsquo;adresse qu&rsquo;aux personnes domicili\u00e9es en Suisse.<\/p>\n<h3 data-fontsize=\"38\" style=\"--fontSize: 38; line-height: 1.2;\" data-lineheight=\"45.6px\" class=\"fusion-responsive-typography-calculated\">Collecte de donn\u00e9es et d&rsquo;informations g\u00e9n\u00e9rales<\/h3>\n<p>Chaque fois que le site internet est consult\u00e9, une s\u00e9rie de donn\u00e9es et d&rsquo;informations g\u00e9n\u00e9rales sont collect\u00e9es. Ces donn\u00e9es et informations g\u00e9n\u00e9rales sont enregistr\u00e9es dans les fichiers journaux du serveur. Peuvent \u00eatre saisis (1) les types et versions de navigateurs utilis\u00e9s, (2) le syst\u00e8me d&rsquo;exploitation utilis\u00e9 par le syst\u00e8me d&rsquo;acc\u00e8s, (3) le site internet \u00e0 partir duquel un syst\u00e8me d&rsquo;acc\u00e8s arrive sur notre site internet (ce que l&rsquo;on appelle le r\u00e9f\u00e9rent), (4) les sous-pages consult\u00e9es sur notre site internet par un syst\u00e8me d&rsquo;acc\u00e8s, (5) la date et l&rsquo;heure d&rsquo;un acc\u00e8s au site internet, (6) une adresse de protocole Internet (adresse IP), (7) le fournisseur de services Internet du syst\u00e8me d&rsquo;acc\u00e8s et (8) d&rsquo;autres donn\u00e9es et informations similaires qui servent \u00e0 pr\u00e9venir les risques en cas d&rsquo;attaques sur notre infrastructure informatique.<\/p>\n<p>Ces donn\u00e9es et informations sont n\u00e9cessaires pour (1) pr\u00e9senter correctement le contenu de notre site internet, (2) en optimiser le contenu, (3) garantir le fonctionnement durable de notre infrastructure informatique et de la technique de notre site internet ainsi que pour (4) fournir les informations n\u00e9cessaires aux autorit\u00e9s de poursuite p\u00e9nale en cas de cyberattaque.<\/p>\n<p>En outre, notre cabinet dentaire peut \u00e9valuer ces donn\u00e9es et informations d&rsquo;une part statistiquement et d&rsquo;autre part dans le but d&rsquo;augmenter la protection et la s\u00e9curit\u00e9 des donn\u00e9es de son infrastructure informatique. Les donn\u00e9es et informations collect\u00e9es ne sont trait\u00e9es qu&rsquo;aux fins susmentionn\u00e9es et sont ensuite effac\u00e9es.<\/p>\n<h3 data-fontsize=\"38\" style=\"--fontSize: 38; line-height: 1.2;\" data-lineheight=\"45.6px\" class=\"fusion-responsive-typography-calculated\">Liens vers d&rsquo;autres sites internet<\/h3>\n<p>Ce site internet peut contenir des liens vers des sites web d&rsquo;autres fournisseurs. Notre cabinet dentaire n&rsquo;a aucune influence sur ces derniers, leur contenu, leurs offres ou leur disponibilit\u00e9, ni sur les d\u00e9clarations et dispositions relatives \u00e0 la protection des donn\u00e9es qui y sont en vigueur. Il d\u00e9cline donc toute responsabilit\u00e9 \u00e0 cet \u00e9gard.<\/p>\n<h3 data-fontsize=\"38\" style=\"--fontSize: 38; line-height: 1.2;\" data-lineheight=\"45.6px\" class=\"fusion-responsive-typography-calculated\">Cookies et autres offres de service<\/h3>\n<p>Notre cabinet dentaire peut utiliser des cookies sur son site internet. Les cookies contiennent ce que l&rsquo;on appelle un cookie-lD, un identifiant unique du cookie qui associe les pages internet et le serveur \u00e0 un navigateur Internet concret. Un navigateur Internet donn\u00e9 peut \u00eatre reconnu et identifi\u00e9 gr\u00e2ce \u00e0 cet identifiant de cookie unique.<\/p>\n<p>De telles informations sur l&rsquo;utilisation de site internet (y compris votre adresse IP) peuvent, par exemple dans le cas de Google Analytics, \u00eatre transmises \u00e0 des serveurs \u00e0 l&rsquo;\u00e9tranger et y \u00eatre enregistr\u00e9es.<\/p>\n<p>Notre cabinet dentaire peut utiliser d&rsquo;autres offres de services de prestataires tiers pour int\u00e9grer leurs contenus et services, comme par exemple des vid\u00e9os ou des articles, dans le site Internet. Une telle int\u00e9gration suppose toujours que ces fournisseurs tiers puissent saisir et traiter l&rsquo;adresse IP et d&rsquo;autres informations des visiteurs de notre site internet.<\/p>\n<p>Sur ce site web peuvent \u00eatre plac\u00e9s des boutons (\u00ab\u00a0plugins de m\u00e9dias sociaux\u00a0\u00bb) qui \u00e9tablissent un contact avec les serveurs de r\u00e9seaux sociaux (Facebook, Twitter, lnstagram, etc.). En cliquant sur l&rsquo;un de ces boutons, des donn\u00e9es n\u00e9cessaires telles que l&rsquo;adresse IP, la visite du site internet, etc. sont transmises \u00e0 l&rsquo;exploitant du r\u00e9seau social concern\u00e9.<\/p>\n<p>Sur notre site Internet, vous avez la possibilit\u00e9 de vous abonner \u00e0 notre newsletter. Les donn\u00e9es que vous mettez \u00e0 la disposition du cabinet dentaire, en particulier votre adresse e-mail et votre nom, peuvent \u00eatre utilis\u00e9es pour l&rsquo;envoi r\u00e9gulier de notre newsletter. L&rsquo;envoi est effectu\u00e9 soit directement par le cabinet dentaire, soit par une entreprise sp\u00e9cialis\u00e9e dans ce domaine. Vous pouvez \u00e0 tout moment vous d\u00e9sabonner de la newsletter (en cliquant sur le lien dans la newsletter ou sur le site Internet). Vous pouvez \u00e9galement nous le faire savoir par e-mail ou via les coordonn\u00e9es indiqu\u00e9es dans les mentions l\u00e9gales. Les donn\u00e9es personnelles restent chez notre cabinet dentaire et, le cas \u00e9ch\u00e9ant, chez l&rsquo;entreprise charg\u00e9e de l&rsquo;envoi de la newsletter tant que vous \u00eates abonn\u00e9(e) \u00e0 la newsletter.<\/p>\n<h3 data-fontsize=\"38\" style=\"--fontSize: 38; line-height: 1.2;\" data-lineheight=\"45.6px\" class=\"fusion-responsive-typography-calculated\">Possibilit\u00e9s de communication<\/h3>\n<p>Le site internet de notre cabinet dentaire contient certaines informations qui permettent une prise de contact \u00e9lectronique rapide ainsi qu&rsquo;une communication directe, ce qui comprend \u00e9galement une adresse e-mail g\u00e9n\u00e9rale. Si vous prenez contact avec nous par le biais des possibilit\u00e9s de communication offertes sur notre site internet, vos donn\u00e9es de contact et leur contenu ne seront utilis\u00e9s que pour traiter et r\u00e9pondre \u00e0 votre demande.<\/p>\n<p>Veuillez noter qu&rsquo;il n&rsquo;est pas possible de garantir que vos donn\u00e9es seront transmises de mani\u00e8re confidentielle. C&rsquo;est pourquoi il ne faut pas transmettre de donn\u00e9es confidentielles (demandes m\u00e9dicales, etc.) lors de cette prise de contact.<\/p>\n<h3 data-fontsize=\"38\" style=\"--fontSize: 38; line-height: 1.2;\" data-lineheight=\"45.6px\" class=\"fusion-responsive-typography-calculated\">Vos droits<\/h3>\n<p>Sur la base de la loi sur la protection des donn\u00e9es, vous avez diff\u00e9rents droits, comme par exemple un droit d&rsquo;acc\u00e8s. Pour faire valoir vos droits, veuillez prendre contact avec le cabinet dentaire. Nous nous tenons \u00e0 votre disposition pour toute information compl\u00e9mentaire \u00e0 ce sujet.<\/p>\n<h3 data-fontsize=\"38\" style=\"--fontSize: 38; line-height: 1.2;\" data-lineheight=\"45.6px\" class=\"fusion-responsive-typography-calculated\">Modifications<\/h3>\n<p>Unsere Zahnarztpraxis kann diese Datenschutzerkl\u00e4rung jederzeit ohne Vorank\u00fcndigung anpassen. Es gilt die jeweils aktuelle, auf unserer Website publizierte Fassung. Soweit die Datenschutzerkl\u00e4rung Teil eines Vertrages mit Ihnen ist, werden wir Sie im Falle einer Aktualisierung \u00fcber die \u00c4nderung per E-Mail oder auf andere geeignete Weise informieren.<\/p>\n<h3 data-fontsize=\"38\" style=\"--fontSize: 38; line-height: 1.2;\" data-lineheight=\"45.6px\" class=\"fusion-responsive-typography-calculated\">Date 31.08.2023<\/h3>\n<\/div><\/div><\/div><\/div><\/div>\n","protected":false},"excerpt":{"rendered":"","protected":false},"author":1,"featured_media":2109,"parent":0,"menu_order":0,"comment_status":"closed","ping_status":"closed","template":"100-width.php","meta":{"footnotes":""},"class_list":["post-2358","page","type-page","status-publish","has-post-thumbnail","hentry"],"yoast_head":"<!-- This site is optimized with the Yoast SEO plugin v27.4 - https:\/\/yoast.com\/product\/yoast-seo-wordpress\/ -->\n<title>Centerdent | D\u00e9claration de protection des donn\u00e9es<\/title>\n<meta name=\"robots\" content=\"index, follow, max-snippet:-1, max-image-preview:large, max-video-preview:-1\" \/>\n<link rel=\"canonical\" href=\"https:\/\/centerdent.ch\/fr\/declaration-de-protection-des-donnees\/\" \/>\n<meta property=\"og:locale\" content=\"fr_FR\" \/>\n<meta property=\"og:type\" content=\"article\" \/>\n<meta property=\"og:title\" content=\"Centerdent | D\u00e9claration de protection des donn\u00e9es\" \/>\n<meta property=\"og:url\" content=\"https:\/\/centerdent.ch\/fr\/declaration-de-protection-des-donnees\/\" \/>\n<meta property=\"og:site_name\" content=\"Centerdent\" \/>\n<meta property=\"article:modified_time\" content=\"2023-11-21T16:13:14+00:00\" \/>\n<meta property=\"og:image\" content=\"https:\/\/centerdent.ch\/wp-content\/uploads\/2023\/11\/defaultbanner-scaled.webp\" \/>\n\t<meta property=\"og:image:width\" content=\"2560\" \/>\n\t<meta property=\"og:image:height\" content=\"995\" \/>\n\t<meta property=\"og:image:type\" content=\"image\/webp\" \/>\n<meta name=\"twitter:card\" content=\"summary_large_image\" \/>\n<meta name=\"twitter:label1\" content=\"Dur\u00e9e de lecture estim\u00e9e\" \/>\n\t<meta name=\"twitter:data1\" content=\"6 minutes\" \/>\n<script type=\"application\/ld+json\" class=\"yoast-schema-graph\">{\"@context\":\"https:\\\/\\\/schema.org\",\"@graph\":[{\"@type\":\"WebPage\",\"@id\":\"https:\\\/\\\/centerdent.ch\\\/fr\\\/declaration-de-protection-des-donnees\\\/\",\"url\":\"https:\\\/\\\/centerdent.ch\\\/fr\\\/declaration-de-protection-des-donnees\\\/\",\"name\":\"Centerdent | D\u00e9claration de protection des donn\u00e9es\",\"isPartOf\":{\"@id\":\"https:\\\/\\\/centerdent.ch\\\/de\\\/#website\"},\"primaryImageOfPage\":{\"@id\":\"https:\\\/\\\/centerdent.ch\\\/fr\\\/declaration-de-protection-des-donnees\\\/#primaryimage\"},\"image\":{\"@id\":\"https:\\\/\\\/centerdent.ch\\\/fr\\\/declaration-de-protection-des-donnees\\\/#primaryimage\"},\"thumbnailUrl\":\"https:\\\/\\\/centerdent.ch\\\/wp-content\\\/uploads\\\/2023\\\/11\\\/defaultbanner-scaled.webp\",\"datePublished\":\"2023-11-01T16:04:51+00:00\",\"dateModified\":\"2023-11-21T16:13:14+00:00\",\"breadcrumb\":{\"@id\":\"https:\\\/\\\/centerdent.ch\\\/fr\\\/declaration-de-protection-des-donnees\\\/#breadcrumb\"},\"inLanguage\":\"fr-FR\",\"potentialAction\":[{\"@type\":\"ReadAction\",\"target\":[\"https:\\\/\\\/centerdent.ch\\\/fr\\\/declaration-de-protection-des-donnees\\\/\"]}]},{\"@type\":\"ImageObject\",\"inLanguage\":\"fr-FR\",\"@id\":\"https:\\\/\\\/centerdent.ch\\\/fr\\\/declaration-de-protection-des-donnees\\\/#primaryimage\",\"url\":\"https:\\\/\\\/centerdent.ch\\\/wp-content\\\/uploads\\\/2023\\\/11\\\/defaultbanner-scaled.webp\",\"contentUrl\":\"https:\\\/\\\/centerdent.ch\\\/wp-content\\\/uploads\\\/2023\\\/11\\\/defaultbanner-scaled.webp\",\"width\":2560,\"height\":995},{\"@type\":\"BreadcrumbList\",\"@id\":\"https:\\\/\\\/centerdent.ch\\\/fr\\\/declaration-de-protection-des-donnees\\\/#breadcrumb\",\"itemListElement\":[{\"@type\":\"ListItem\",\"position\":1,\"name\":\"Home\",\"item\":\"https:\\\/\\\/centerdent.ch\\\/fr\\\/\"},{\"@type\":\"ListItem\",\"position\":2,\"name\":\"D\u00e9claration de protection des donn\u00e9es\"}]},{\"@type\":\"WebSite\",\"@id\":\"https:\\\/\\\/centerdent.ch\\\/de\\\/#website\",\"url\":\"https:\\\/\\\/centerdent.ch\\\/de\\\/\",\"name\":\"Centerdent\",\"description\":\"Ihr Zahnarzt in Z\u00fcrich Sihlcity\",\"potentialAction\":[{\"@type\":\"SearchAction\",\"target\":{\"@type\":\"EntryPoint\",\"urlTemplate\":\"https:\\\/\\\/centerdent.ch\\\/de\\\/?s={search_term_string}\"},\"query-input\":{\"@type\":\"PropertyValueSpecification\",\"valueRequired\":true,\"valueName\":\"search_term_string\"}}],\"inLanguage\":\"fr-FR\"}]}<\/script>\n<!-- \/ Yoast SEO plugin. -->","yoast_head_json":{"title":"Centerdent | D\u00e9claration de protection des donn\u00e9es","robots":{"index":"index","follow":"follow","max-snippet":"max-snippet:-1","max-image-preview":"max-image-preview:large","max-video-preview":"max-video-preview:-1"},"canonical":"https:\/\/centerdent.ch\/fr\/declaration-de-protection-des-donnees\/","og_locale":"fr_FR","og_type":"article","og_title":"Centerdent | D\u00e9claration de protection des donn\u00e9es","og_url":"https:\/\/centerdent.ch\/fr\/declaration-de-protection-des-donnees\/","og_site_name":"Centerdent","article_modified_time":"2023-11-21T16:13:14+00:00","og_image":[{"width":2560,"height":995,"url":"https:\/\/centerdent.ch\/wp-content\/uploads\/2023\/11\/defaultbanner-scaled.webp","type":"image\/webp"}],"twitter_card":"summary_large_image","twitter_misc":{"Dur\u00e9e de lecture estim\u00e9e":"6 minutes"},"schema":{"@context":"https:\/\/schema.org","@graph":[{"@type":"WebPage","@id":"https:\/\/centerdent.ch\/fr\/declaration-de-protection-des-donnees\/","url":"https:\/\/centerdent.ch\/fr\/declaration-de-protection-des-donnees\/","name":"Centerdent | D\u00e9claration de protection des donn\u00e9es","isPartOf":{"@id":"https:\/\/centerdent.ch\/de\/#website"},"primaryImageOfPage":{"@id":"https:\/\/centerdent.ch\/fr\/declaration-de-protection-des-donnees\/#primaryimage"},"image":{"@id":"https:\/\/centerdent.ch\/fr\/declaration-de-protection-des-donnees\/#primaryimage"},"thumbnailUrl":"https:\/\/centerdent.ch\/wp-content\/uploads\/2023\/11\/defaultbanner-scaled.webp","datePublished":"2023-11-01T16:04:51+00:00","dateModified":"2023-11-21T16:13:14+00:00","breadcrumb":{"@id":"https:\/\/centerdent.ch\/fr\/declaration-de-protection-des-donnees\/#breadcrumb"},"inLanguage":"fr-FR","potentialAction":[{"@type":"ReadAction","target":["https:\/\/centerdent.ch\/fr\/declaration-de-protection-des-donnees\/"]}]},{"@type":"ImageObject","inLanguage":"fr-FR","@id":"https:\/\/centerdent.ch\/fr\/declaration-de-protection-des-donnees\/#primaryimage","url":"https:\/\/centerdent.ch\/wp-content\/uploads\/2023\/11\/defaultbanner-scaled.webp","contentUrl":"https:\/\/centerdent.ch\/wp-content\/uploads\/2023\/11\/defaultbanner-scaled.webp","width":2560,"height":995},{"@type":"BreadcrumbList","@id":"https:\/\/centerdent.ch\/fr\/declaration-de-protection-des-donnees\/#breadcrumb","itemListElement":[{"@type":"ListItem","position":1,"name":"Home","item":"https:\/\/centerdent.ch\/fr\/"},{"@type":"ListItem","position":2,"name":"D\u00e9claration de protection des donn\u00e9es"}]},{"@type":"WebSite","@id":"https:\/\/centerdent.ch\/de\/#website","url":"https:\/\/centerdent.ch\/de\/","name":"Centerdent","description":"Ihr Zahnarzt in Z\u00fcrich Sihlcity","potentialAction":[{"@type":"SearchAction","target":{"@type":"EntryPoint","urlTemplate":"https:\/\/centerdent.ch\/de\/?s={search_term_string}"},"query-input":{"@type":"PropertyValueSpecification","valueRequired":true,"valueName":"search_term_string"}}],"inLanguage":"fr-FR"}]}},"_links":{"self":[{"href":"https:\/\/centerdent.ch\/fr\/wp-json\/wp\/v2\/pages\/2358","targetHints":{"allow":["GET"]}}],"collection":[{"href":"https:\/\/centerdent.ch\/fr\/wp-json\/wp\/v2\/pages"}],"about":[{"href":"https:\/\/centerdent.ch\/fr\/wp-json\/wp\/v2\/types\/page"}],"author":[{"embeddable":true,"href":"https:\/\/centerdent.ch\/fr\/wp-json\/wp\/v2\/users\/1"}],"replies":[{"embeddable":true,"href":"https:\/\/centerdent.ch\/fr\/wp-json\/wp\/v2\/comments?post=2358"}],"version-history":[{"count":4,"href":"https:\/\/centerdent.ch\/fr\/wp-json\/wp\/v2\/pages\/2358\/revisions"}],"predecessor-version":[{"id":2466,"href":"https:\/\/centerdent.ch\/fr\/wp-json\/wp\/v2\/pages\/2358\/revisions\/2466"}],"wp:featuredmedia":[{"embeddable":true,"href":"https:\/\/centerdent.ch\/fr\/wp-json\/wp\/v2\/media\/2109"}],"wp:attachment":[{"href":"https:\/\/centerdent.ch\/fr\/wp-json\/wp\/v2\/media?parent=2358"}],"curies":[{"name":"wp","href":"https:\/\/api.w.org\/{rel}","templated":true}]}}