{"id":2374,"date":"2023-11-01T10:09:39","date_gmt":"2023-11-01T10:09:39","guid":{"rendered":"https:\/\/centerdent.ch\/?page_id=2374"},"modified":"2024-03-01T09:12:21","modified_gmt":"2024-03-01T09:12:21","slug":"prise-de-rendez-vous","status":"publish","type":"page","link":"https:\/\/centerdent.ch\/fr\/prise-de-rendez-vous\/","title":{"rendered":"Rendez-vous"},"content":{"rendered":"<div class=\"fusion-fullwidth fullwidth-box fusion-builder-row-1 fusion-flex-container has-pattern-background has-mask-background nonhundred-percent-fullwidth non-hundred-percent-height-scrolling\" style=\"--awb-border-radius-top-left:0px;--awb-border-radius-top-right:0px;--awb-border-radius-bottom-right:0px;--awb-border-radius-bottom-left:0px;--awb-padding-bottom:50px;--awb-padding-right-small:20px;--awb-padding-bottom-small:19px;--awb-padding-left-small:20px;--awb-flex-wrap:wrap;\" ><div class=\"fusion-builder-row fusion-row fusion-flex-align-items-flex-start fusion-flex-content-wrap\" style=\"max-width:1721.2px;margin-left: calc(-4% \/ 2 );margin-right: calc(-4% \/ 2 );\"><div class=\"fusion-layout-column fusion_builder_column fusion-builder-column-0 fusion_builder_column_1_2 1_2 fusion-flex-column\" style=\"--awb-bg-size:cover;--awb-width-large:50%;--awb-margin-top-large:0px;--awb-spacing-right-large:3.84%;--awb-margin-bottom-large:20px;--awb-spacing-left-large:3.84%;--awb-width-medium:100%;--awb-order-medium:0;--awb-spacing-right-medium:1.92%;--awb-spacing-left-medium:1.92%;--awb-width-small:100%;--awb-order-small:0;--awb-spacing-right-small:1.92%;--awb-spacing-left-small:1.92%;\"><div class=\"fusion-column-wrapper fusion-column-has-shadow fusion-flex-justify-content-flex-start fusion-content-layout-column\"><div class=\"fusion-title title fusion-title-1 fusion-sep-none fusion-title-text fusion-title-size-two\"><h2 class=\"fusion-title-heading title-heading-left fusion-responsive-typography-calculated\" style=\"margin:0;text-transform:capitalize;--fontSize:42;line-height:1.2;\">Bienvenue sur notre agenda en ligne.<\/h2><\/div><div class=\"fusion-separator\" style=\"align-self: flex-start;margin-right:auto;margin-bottom:30px;width:100%;max-width:20%;\"><div class=\"fusion-separator-border sep-single sep-solid\" style=\"--awb-height:20px;--awb-amount:20px;border-color:var(--awb-color6);border-top-width:4px;\"><\/div><\/div><div class=\"fusion-text fusion-text-1\"><p>Bienvenue dans notre agenda en ligne. Ce service est ouvert 24 heures sur 24, et 365 jours par an. Prenez un rendez-vous pour des soins d&rsquo;hygi\u00e8ne dentaire, pour un blanchiment, pour un examen de contr\u00f4le ou une consultation avec l&rsquo;un de nos dentistes ; ici, vous pouvez voir de mani\u00e8re tr\u00e8s pratique les cr\u00e9neaux restants et en r\u00e9server un tr\u00e8s simplement.<\/p>\n<p>Si vous avez pris un rendez-vous, vous devrez obligatoirement vous y rendre. En cas d&#8217;emp\u00eachement, nous vous prions de bien vouloir nous pr\u00e9venir 24 heures \u00e0 l&rsquo;avance, car, sinon, nous nous trouverons dans l&rsquo;obligation de vous facturer le rendez-vous. Merci de votre compr\u00e9hension. Si un cr\u00e9neau que vous souhaitiez r\u00e9server est d\u00e9j\u00e0 pris, n&rsquo;h\u00e9sitez pas \u00e0 nous contacter, nous trouverons une solution.<\/p>\n<p><b>Si vous pr\u00e9f\u00e9rez prendre rendez-vous par t\u00e9l\u00e9phone, vous pouvez nous appeler \u00e0 tout moment au 044 342 44 44.<\/b><\/p>\n<p>Nous recevons \u00e9galement sans rendez-vous. Ainsi, vous pouvez vous rendre \u00e0 notre cabinet, et nous vous pr\u00e9senterons nos prestations.<\/p>\n<p><b>Si vous avez tr\u00e8s mal aux dents ou qu&rsquo;il s&rsquo;agit d&rsquo;une urgence, veuillez nous contacter par t\u00e9l\u00e9phone afin que nous puissions vous poser les bonnes questions et vous prodiguer imm\u00e9diatement des conseils importants.<\/b><\/p>\n<\/div><\/div><\/div><div class=\"fusion-layout-column fusion_builder_column fusion-builder-column-1 fusion_builder_column_1_2 1_2 fusion-flex-column\" style=\"--awb-bg-size:cover;--awb-width-large:50%;--awb-margin-top-large:0px;--awb-spacing-right-large:3.84%;--awb-margin-bottom-large:20px;--awb-spacing-left-large:3.84%;--awb-width-medium:100%;--awb-order-medium:0;--awb-spacing-right-medium:1.92%;--awb-spacing-left-medium:1.92%;--awb-width-small:100%;--awb-order-small:0;--awb-spacing-right-small:1.92%;--awb-spacing-left-small:1.92%;\"><div class=\"fusion-column-wrapper fusion-column-has-shadow fusion-flex-justify-content-flex-start fusion-content-layout-column\"><iframe src=https:\/\/www.terminland.de\/tl-centerdent\/?mode=frame&lang=en width=\"100%\" height=\"750\"\n\n  scrolling=\"auto\" marginwidth=\"0\" marginheight=\"0\" frameborder=\"0\" vspace=\"0\" hspace=\"0\">\n\n    <p>\n\n      Ihr Browser kann leider keine eingebetteten Frames anzeigen:\n\n      Sie k\u00f6nnen die Online-Terminbuchung \u00fcber den folgenden Verweis aufrufen:\n\n      <a href=https:\/\/www.terminland.de\/tl-centerdent\/>Online-Terminbuchung<\/a>\n\n    <\/p>\n\n<\/iframe><\/div><\/div><\/div><\/div>\n","protected":false},"excerpt":{"rendered":"","protected":false},"author":1,"featured_media":2109,"parent":0,"menu_order":0,"comment_status":"closed","ping_status":"closed","template":"100-width.php","meta":{"footnotes":""},"class_list":["post-2374","page","type-page","status-publish","has-post-thumbnail","hentry"],"yoast_head":"<!-- This site is optimized with the Yoast SEO plugin v27.4 - https:\/\/yoast.com\/product\/yoast-seo-wordpress\/ -->\n<title>Centerdent | Prise de rendez-vous en ligne<\/title>\n<meta name=\"description\" content=\"R\u00e9servez votre rendez-vous confortablement en ligne. C&#039;est pour le blanchiment, le check-up ou le conseil. Ce service est disponible 24h \/ 24, 365 jours par an.\" \/>\n<meta name=\"robots\" content=\"index, follow, max-snippet:-1, max-image-preview:large, max-video-preview:-1\" \/>\n<link rel=\"canonical\" href=\"https:\/\/centerdent.ch\/fr\/prise-de-rendez-vous\/\" \/>\n<meta property=\"og:locale\" content=\"fr_FR\" \/>\n<meta property=\"og:type\" content=\"article\" \/>\n<meta property=\"og:title\" content=\"Centerdent | Prise de rendez-vous en ligne\" \/>\n<meta property=\"og:description\" content=\"R\u00e9servez votre rendez-vous confortablement en ligne. C&#039;est pour le blanchiment, le check-up ou le conseil. Ce service est disponible 24h \/ 24, 365 jours par an.\" \/>\n<meta property=\"og:url\" content=\"https:\/\/centerdent.ch\/fr\/prise-de-rendez-vous\/\" \/>\n<meta property=\"og:site_name\" content=\"Centerdent\" \/>\n<meta property=\"article:modified_time\" content=\"2024-03-01T09:12:21+00:00\" \/>\n<meta property=\"og:image\" content=\"https:\/\/centerdent.ch\/wp-content\/uploads\/2023\/11\/defaultbanner-scaled.webp\" \/>\n\t<meta property=\"og:image:width\" content=\"2560\" \/>\n\t<meta property=\"og:image:height\" content=\"995\" \/>\n\t<meta property=\"og:image:type\" content=\"image\/webp\" \/>\n<meta name=\"twitter:card\" content=\"summary_large_image\" \/>\n<meta name=\"twitter:label1\" content=\"Dur\u00e9e de lecture estim\u00e9e\" \/>\n\t<meta name=\"twitter:data1\" content=\"3 minutes\" \/>\n<script type=\"application\/ld+json\" class=\"yoast-schema-graph\">{\"@context\":\"https:\\\/\\\/schema.org\",\"@graph\":[{\"@type\":\"WebPage\",\"@id\":\"https:\\\/\\\/centerdent.ch\\\/fr\\\/prise-de-rendez-vous\\\/\",\"url\":\"https:\\\/\\\/centerdent.ch\\\/fr\\\/prise-de-rendez-vous\\\/\",\"name\":\"Centerdent | Prise de rendez-vous en ligne\",\"isPartOf\":{\"@id\":\"https:\\\/\\\/centerdent.ch\\\/de\\\/#website\"},\"primaryImageOfPage\":{\"@id\":\"https:\\\/\\\/centerdent.ch\\\/fr\\\/prise-de-rendez-vous\\\/#primaryimage\"},\"image\":{\"@id\":\"https:\\\/\\\/centerdent.ch\\\/fr\\\/prise-de-rendez-vous\\\/#primaryimage\"},\"thumbnailUrl\":\"https:\\\/\\\/centerdent.ch\\\/wp-content\\\/uploads\\\/2023\\\/11\\\/defaultbanner-scaled.webp\",\"datePublished\":\"2023-11-01T10:09:39+00:00\",\"dateModified\":\"2024-03-01T09:12:21+00:00\",\"description\":\"R\u00e9servez votre rendez-vous confortablement en ligne. C'est pour le blanchiment, le check-up ou le conseil. Ce service est disponible 24h \\\/ 24, 365 jours par an.\",\"breadcrumb\":{\"@id\":\"https:\\\/\\\/centerdent.ch\\\/fr\\\/prise-de-rendez-vous\\\/#breadcrumb\"},\"inLanguage\":\"fr-FR\",\"potentialAction\":[{\"@type\":\"ReadAction\",\"target\":[\"https:\\\/\\\/centerdent.ch\\\/fr\\\/prise-de-rendez-vous\\\/\"]}]},{\"@type\":\"ImageObject\",\"inLanguage\":\"fr-FR\",\"@id\":\"https:\\\/\\\/centerdent.ch\\\/fr\\\/prise-de-rendez-vous\\\/#primaryimage\",\"url\":\"https:\\\/\\\/centerdent.ch\\\/wp-content\\\/uploads\\\/2023\\\/11\\\/defaultbanner-scaled.webp\",\"contentUrl\":\"https:\\\/\\\/centerdent.ch\\\/wp-content\\\/uploads\\\/2023\\\/11\\\/defaultbanner-scaled.webp\",\"width\":2560,\"height\":995},{\"@type\":\"BreadcrumbList\",\"@id\":\"https:\\\/\\\/centerdent.ch\\\/fr\\\/prise-de-rendez-vous\\\/#breadcrumb\",\"itemListElement\":[{\"@type\":\"ListItem\",\"position\":1,\"name\":\"Home\",\"item\":\"https:\\\/\\\/centerdent.ch\\\/fr\\\/\"},{\"@type\":\"ListItem\",\"position\":2,\"name\":\"Rendez-vous\"}]},{\"@type\":\"WebSite\",\"@id\":\"https:\\\/\\\/centerdent.ch\\\/de\\\/#website\",\"url\":\"https:\\\/\\\/centerdent.ch\\\/de\\\/\",\"name\":\"Centerdent\",\"description\":\"Ihr Zahnarzt in Z\u00fcrich Sihlcity\",\"potentialAction\":[{\"@type\":\"SearchAction\",\"target\":{\"@type\":\"EntryPoint\",\"urlTemplate\":\"https:\\\/\\\/centerdent.ch\\\/de\\\/?s={search_term_string}\"},\"query-input\":{\"@type\":\"PropertyValueSpecification\",\"valueRequired\":true,\"valueName\":\"search_term_string\"}}],\"inLanguage\":\"fr-FR\"}]}<\/script>\n<!-- \/ Yoast SEO plugin. -->","yoast_head_json":{"title":"Centerdent | Prise de rendez-vous en ligne","description":"R\u00e9servez votre rendez-vous confortablement en ligne. C'est pour le blanchiment, le check-up ou le conseil. Ce service est disponible 24h \/ 24, 365 jours par an.","robots":{"index":"index","follow":"follow","max-snippet":"max-snippet:-1","max-image-preview":"max-image-preview:large","max-video-preview":"max-video-preview:-1"},"canonical":"https:\/\/centerdent.ch\/fr\/prise-de-rendez-vous\/","og_locale":"fr_FR","og_type":"article","og_title":"Centerdent | Prise de rendez-vous en ligne","og_description":"R\u00e9servez votre rendez-vous confortablement en ligne. C'est pour le blanchiment, le check-up ou le conseil. Ce service est disponible 24h \/ 24, 365 jours par an.","og_url":"https:\/\/centerdent.ch\/fr\/prise-de-rendez-vous\/","og_site_name":"Centerdent","article_modified_time":"2024-03-01T09:12:21+00:00","og_image":[{"width":2560,"height":995,"url":"https:\/\/centerdent.ch\/wp-content\/uploads\/2023\/11\/defaultbanner-scaled.webp","type":"image\/webp"}],"twitter_card":"summary_large_image","twitter_misc":{"Dur\u00e9e de lecture estim\u00e9e":"3 minutes"},"schema":{"@context":"https:\/\/schema.org","@graph":[{"@type":"WebPage","@id":"https:\/\/centerdent.ch\/fr\/prise-de-rendez-vous\/","url":"https:\/\/centerdent.ch\/fr\/prise-de-rendez-vous\/","name":"Centerdent | Prise de rendez-vous en ligne","isPartOf":{"@id":"https:\/\/centerdent.ch\/de\/#website"},"primaryImageOfPage":{"@id":"https:\/\/centerdent.ch\/fr\/prise-de-rendez-vous\/#primaryimage"},"image":{"@id":"https:\/\/centerdent.ch\/fr\/prise-de-rendez-vous\/#primaryimage"},"thumbnailUrl":"https:\/\/centerdent.ch\/wp-content\/uploads\/2023\/11\/defaultbanner-scaled.webp","datePublished":"2023-11-01T10:09:39+00:00","dateModified":"2024-03-01T09:12:21+00:00","description":"R\u00e9servez votre rendez-vous confortablement en ligne. C'est pour le blanchiment, le check-up ou le conseil. Ce service est disponible 24h \/ 24, 365 jours par an.","breadcrumb":{"@id":"https:\/\/centerdent.ch\/fr\/prise-de-rendez-vous\/#breadcrumb"},"inLanguage":"fr-FR","potentialAction":[{"@type":"ReadAction","target":["https:\/\/centerdent.ch\/fr\/prise-de-rendez-vous\/"]}]},{"@type":"ImageObject","inLanguage":"fr-FR","@id":"https:\/\/centerdent.ch\/fr\/prise-de-rendez-vous\/#primaryimage","url":"https:\/\/centerdent.ch\/wp-content\/uploads\/2023\/11\/defaultbanner-scaled.webp","contentUrl":"https:\/\/centerdent.ch\/wp-content\/uploads\/2023\/11\/defaultbanner-scaled.webp","width":2560,"height":995},{"@type":"BreadcrumbList","@id":"https:\/\/centerdent.ch\/fr\/prise-de-rendez-vous\/#breadcrumb","itemListElement":[{"@type":"ListItem","position":1,"name":"Home","item":"https:\/\/centerdent.ch\/fr\/"},{"@type":"ListItem","position":2,"name":"Rendez-vous"}]},{"@type":"WebSite","@id":"https:\/\/centerdent.ch\/de\/#website","url":"https:\/\/centerdent.ch\/de\/","name":"Centerdent","description":"Ihr Zahnarzt in Z\u00fcrich Sihlcity","potentialAction":[{"@type":"SearchAction","target":{"@type":"EntryPoint","urlTemplate":"https:\/\/centerdent.ch\/de\/?s={search_term_string}"},"query-input":{"@type":"PropertyValueSpecification","valueRequired":true,"valueName":"search_term_string"}}],"inLanguage":"fr-FR"}]}},"_links":{"self":[{"href":"https:\/\/centerdent.ch\/fr\/wp-json\/wp\/v2\/pages\/2374","targetHints":{"allow":["GET"]}}],"collection":[{"href":"https:\/\/centerdent.ch\/fr\/wp-json\/wp\/v2\/pages"}],"about":[{"href":"https:\/\/centerdent.ch\/fr\/wp-json\/wp\/v2\/types\/page"}],"author":[{"embeddable":true,"href":"https:\/\/centerdent.ch\/fr\/wp-json\/wp\/v2\/users\/1"}],"replies":[{"embeddable":true,"href":"https:\/\/centerdent.ch\/fr\/wp-json\/wp\/v2\/comments?post=2374"}],"version-history":[{"count":7,"href":"https:\/\/centerdent.ch\/fr\/wp-json\/wp\/v2\/pages\/2374\/revisions"}],"predecessor-version":[{"id":3140,"href":"https:\/\/centerdent.ch\/fr\/wp-json\/wp\/v2\/pages\/2374\/revisions\/3140"}],"wp:featuredmedia":[{"embeddable":true,"href":"https:\/\/centerdent.ch\/fr\/wp-json\/wp\/v2\/media\/2109"}],"wp:attachment":[{"href":"https:\/\/centerdent.ch\/fr\/wp-json\/wp\/v2\/media?parent=2374"}],"curies":[{"name":"wp","href":"https:\/\/api.w.org\/{rel}","templated":true}]}}