{"id":3163,"date":"2024-05-07T08:55:21","date_gmt":"2024-05-07T08:55:21","guid":{"rendered":"https:\/\/centerdent.ch\/?page_id=3163"},"modified":"2026-01-22T11:00:21","modified_gmt":"2026-01-22T11:00:21","slug":"traitement-prgf-en-medecine-dentaire","status":"publish","type":"page","link":"https:\/\/centerdent.ch\/fr\/prestations\/traitement-prgf-en-medecine-dentaire\/","title":{"rendered":"Traitement PRGF \/ Endoret \u00a9"},"content":{"rendered":"<div class=\"fusion-fullwidth fullwidth-box fusion-builder-row-1 fusion-flex-container has-pattern-background has-mask-background nonhundred-percent-fullwidth non-hundred-percent-height-scrolling\" style=\"--awb-border-radius-top-left:0px;--awb-border-radius-top-right:0px;--awb-border-radius-bottom-right:0px;--awb-border-radius-bottom-left:0px;--awb-flex-wrap:wrap;\" ><div class=\"fusion-builder-row fusion-row fusion-flex-align-items-flex-start fusion-flex-content-wrap\" style=\"max-width:1721.2px;margin-left: calc(-4% \/ 2 );margin-right: calc(-4% \/ 2 );\"><div class=\"fusion-layout-column fusion_builder_column fusion-builder-column-0 fusion_builder_column_1_1 1_1 fusion-flex-column\" style=\"--awb-bg-size:cover;--awb-width-large:100%;--awb-margin-top-large:0px;--awb-spacing-right-large:1.92%;--awb-margin-bottom-large:20px;--awb-spacing-left-large:1.92%;--awb-width-medium:100%;--awb-order-medium:0;--awb-spacing-right-medium:1.92%;--awb-spacing-left-medium:1.92%;--awb-width-small:100%;--awb-order-small:0;--awb-spacing-right-small:1.92%;--awb-spacing-left-small:1.92%;\"><div class=\"fusion-column-wrapper fusion-column-has-shadow fusion-flex-justify-content-flex-start fusion-content-layout-column\"><div class=\"fusion-text fusion-text-1\"><h2 class=\"fusion-responsive-typography-calculated\" style=\"--fontsize: 42; line-height: 1.2;\" data-fontsize=\"42\" data-lineheight=\"50.4px\">Th\u00e9rapie par le sang autologue dans la chirurgie orale et parodontale<br \/>\nmoderne :<\/h2>\n<p>Apr\u00e8s une op\u00e9ration dentaire, une cicatrisation aussi rapide que possible de la plaie ainsi qu&rsquo;une r\u00e9g\u00e9n\u00e9ration rapide et compl\u00e8te des tissus sont souhaitables pour le succ\u00e8s \u00e0 long terme du traitement. Dans la chirurgie orale moderne, nous utilisons donc la m\u00e9thode PRGF avec du sang autologue : Cette technologie biom\u00e9dicale scientifiquement \u00e9prouv\u00e9e favorise la cicatrisation douce et compl\u00e8te des plaies avec du mat\u00e9riel autologue (provenant du corps) apr\u00e8s une intervention de chirurgie orale. Gr\u00e2ce \u00e0 l&rsquo;autoh\u00e9moth\u00e9rapie, les implants cicatrisent mieux (meilleure ost\u00e9oint\u00e9gration), car le lit de l&rsquo;implant peut \u00eatre mieux pr\u00e9par\u00e9 pour l&rsquo;implant apr\u00e8s l&rsquo;extraction de la dent et l&rsquo;os peut \u00eatre enti\u00e8rement pr\u00e9serv\u00e9 (Socket preservation). Dans la chirurgie parodontale, un clot PRGF prot\u00e8ge la plaie contre les infections et contribue positivement \u00e0 une gu\u00e9rison rapide.<\/p>\n<p>En cas d&rsquo;ablation chirurgicale d&rsquo;une dent ou d&rsquo;un kyste, la th\u00e9rapie PRGF acc\u00e9l\u00e8re la r\u00e9g\u00e9n\u00e9ration osseuse et les d\u00e9fauts osseux peuvent \u00eatre combl\u00e9s.<\/p>\n<h2 class=\"fusion-responsive-typography-calculated\" style=\"--fontsize: 42; line-height: 1.2;\" data-fontsize=\"42\" data-lineheight=\"50.4px\">Le terme PRGF:<\/h2>\n<p>PRGF signifie \u00ab\u00a0Plasma rich in growth factors\u00a0\u00bb. PRGF est produite par centrifugation \u00e0 partir de sang autologue. La matrice autologue est riche en fibrine, une prot\u00e9ine (qui sert de barri\u00e8re protectrice naturelle contre les germes et contribue \u00e0 la coagulation du sang et \u00e0 la fermeture de la plaie), et tout aussi riche en plaquettes sanguines, dont les facteurs de croissance favorisent la cicatrisation.<\/p>\n<p>Lors d&rsquo;une blessure, le corps produit toujours de grandes quantit\u00e9s de fibrine et stimule ainsi la cicatrisation, la formation de tissu conjonctif et d&rsquo;os nouveau.<\/p>\n<p>&nbsp;<\/p>\n<h2 class=\"fusion-responsive-typography-calculated\" style=\"--fontsize: 42; line-height: 1.2;\" data-fontsize=\"42\" data-lineheight=\"50.4px\">D\u00e9roulement d&rsquo;un traitement PRGF en m\u00e9decine dentaire :<\/h2>\n<ul>\n<li>Une petite prise de sang autologue (maximum 60 millilitres) est n\u00e9cessaire. La prise de sang se fait dans notre cabinet.<\/li>\n<li>Le sang pr\u00e9lev\u00e9 est divis\u00e9 par centrifugation, fractionn\u00e9, et en quelques minutes, la fibrine et les facteurs de croissance sont filtr\u00e9s.<\/li>\n<li>La fibrine riche en plaquettes peut \u00eatre utilis\u00e9e directement sous forme de membrane, de liquide ou de clot, selon l&rsquo;utilisation pr\u00e9vue.<\/li>\n<\/ul>\n<h2 class=\"fusion-responsive-typography-calculated\" style=\"--fontsize: 42; line-height: 1.2;\" data-fontsize=\"42\" data-lineheight=\"50.4px\">Tous les avantages du PRGF :<\/h2>\n<ul>\n<li>PRGF est enti\u00e8rement autologue et donc biocompatible. Il n&rsquo;est souvent pas n\u00e9cessaire d&rsquo;utiliser des membranes ou de l&rsquo;os x\u00e9nog\u00e9nique d&rsquo;origine animale.<\/li>\n<li>Convient pour r\u00e9duire la douleur apr\u00e8s une op\u00e9ration des dents de sagesse.<\/li>\n<li>Acc\u00e9l\u00e8re et am\u00e9liore la cicatrisation. Cela s&rsquo;accompagne d&rsquo;une r\u00e9duction de la douleur et d&rsquo;une r\u00e9g\u00e9n\u00e9ration compl\u00e8te des tissus, car la dimension de l&rsquo;os est pr\u00e9serv\u00e9e et le risque d&rsquo;infection et le taux de complications apr\u00e8s une intervention orale sont r\u00e9duits.<\/li>\n<li>Moins d&rsquo;enflure, d&rsquo;inflammation et de douleur.<\/li>\n<li>L&rsquo;autoh\u00e9moth\u00e9rapie convient \u00e0 toutes les interventions de chirurgie buccale moderne, de chirurgie parodontale et de r\u00e9g\u00e9n\u00e9ration parodontale avec plaies ouvertes.<\/li>\n<li>Il n&rsquo;y a pas de risque de r\u00e9actions de rejet, car on travaille exclusivement avec du sang autologue.<\/li>\n<li>La fabrication ne dure que 15-20 minutes, selon l&rsquo;utilisation souhait\u00e9e.<\/li>\n<li>Faible co\u00fbt<\/li>\n<\/ul>\n<\/div><\/div><\/div><\/div><\/div>\n","protected":false},"excerpt":{"rendered":"","protected":false},"author":1,"featured_media":2109,"parent":2333,"menu_order":0,"comment_status":"closed","ping_status":"closed","template":"100-width.php","meta":{"footnotes":""},"class_list":["post-3163","page","type-page","status-publish","has-post-thumbnail","hentry"],"yoast_head":"<!-- This site is optimized with the Yoast SEO plugin v27.4 - https:\/\/yoast.com\/product\/yoast-seo-wordpress\/ -->\n<title>Centerdent | Traitement PRGF \/ Endoret \u00a9<\/title>\n<meta name=\"robots\" content=\"index, follow, max-snippet:-1, max-image-preview:large, max-video-preview:-1\" \/>\n<link rel=\"canonical\" href=\"https:\/\/centerdent.ch\/fr\/prestations\/traitement-prgf-en-medecine-dentaire\/\" \/>\n<meta property=\"og:locale\" content=\"fr_FR\" \/>\n<meta property=\"og:type\" content=\"article\" \/>\n<meta property=\"og:title\" content=\"Centerdent | Traitement PRGF \/ Endoret \u00a9\" \/>\n<meta property=\"og:url\" content=\"https:\/\/centerdent.ch\/fr\/prestations\/traitement-prgf-en-medecine-dentaire\/\" \/>\n<meta property=\"og:site_name\" content=\"Centerdent\" \/>\n<meta property=\"article:modified_time\" content=\"2026-01-22T11:00:21+00:00\" \/>\n<meta property=\"og:image\" content=\"https:\/\/centerdent.ch\/wp-content\/uploads\/2023\/11\/defaultbanner-scaled.webp\" \/>\n\t<meta property=\"og:image:width\" content=\"2560\" \/>\n\t<meta property=\"og:image:height\" content=\"995\" \/>\n\t<meta property=\"og:image:type\" content=\"image\/webp\" \/>\n<meta name=\"twitter:card\" content=\"summary_large_image\" \/>\n<meta name=\"twitter:label1\" content=\"Dur\u00e9e de lecture estim\u00e9e\" \/>\n\t<meta name=\"twitter:data1\" content=\"3 minutes\" \/>\n<script type=\"application\/ld+json\" class=\"yoast-schema-graph\">{\"@context\":\"https:\\\/\\\/schema.org\",\"@graph\":[{\"@type\":\"WebPage\",\"@id\":\"https:\\\/\\\/centerdent.ch\\\/fr\\\/prestations\\\/traitement-prgf-en-medecine-dentaire\\\/\",\"url\":\"https:\\\/\\\/centerdent.ch\\\/fr\\\/prestations\\\/traitement-prgf-en-medecine-dentaire\\\/\",\"name\":\"Centerdent | Traitement PRGF \\\/ Endoret \u00a9\",\"isPartOf\":{\"@id\":\"https:\\\/\\\/centerdent.ch\\\/de\\\/#website\"},\"primaryImageOfPage\":{\"@id\":\"https:\\\/\\\/centerdent.ch\\\/fr\\\/prestations\\\/traitement-prgf-en-medecine-dentaire\\\/#primaryimage\"},\"image\":{\"@id\":\"https:\\\/\\\/centerdent.ch\\\/fr\\\/prestations\\\/traitement-prgf-en-medecine-dentaire\\\/#primaryimage\"},\"thumbnailUrl\":\"https:\\\/\\\/centerdent.ch\\\/wp-content\\\/uploads\\\/2023\\\/11\\\/defaultbanner-scaled.webp\",\"datePublished\":\"2024-05-07T08:55:21+00:00\",\"dateModified\":\"2026-01-22T11:00:21+00:00\",\"breadcrumb\":{\"@id\":\"https:\\\/\\\/centerdent.ch\\\/fr\\\/prestations\\\/traitement-prgf-en-medecine-dentaire\\\/#breadcrumb\"},\"inLanguage\":\"fr-FR\",\"potentialAction\":[{\"@type\":\"ReadAction\",\"target\":[\"https:\\\/\\\/centerdent.ch\\\/fr\\\/prestations\\\/traitement-prgf-en-medecine-dentaire\\\/\"]}]},{\"@type\":\"ImageObject\",\"inLanguage\":\"fr-FR\",\"@id\":\"https:\\\/\\\/centerdent.ch\\\/fr\\\/prestations\\\/traitement-prgf-en-medecine-dentaire\\\/#primaryimage\",\"url\":\"https:\\\/\\\/centerdent.ch\\\/wp-content\\\/uploads\\\/2023\\\/11\\\/defaultbanner-scaled.webp\",\"contentUrl\":\"https:\\\/\\\/centerdent.ch\\\/wp-content\\\/uploads\\\/2023\\\/11\\\/defaultbanner-scaled.webp\",\"width\":2560,\"height\":995},{\"@type\":\"BreadcrumbList\",\"@id\":\"https:\\\/\\\/centerdent.ch\\\/fr\\\/prestations\\\/traitement-prgf-en-medecine-dentaire\\\/#breadcrumb\",\"itemListElement\":[{\"@type\":\"ListItem\",\"position\":1,\"name\":\"Home\",\"item\":\"https:\\\/\\\/centerdent.ch\\\/fr\\\/\"},{\"@type\":\"ListItem\",\"position\":2,\"name\":\"Prestations\",\"item\":\"https:\\\/\\\/centerdent.ch\\\/fr\\\/prestations\\\/\"},{\"@type\":\"ListItem\",\"position\":3,\"name\":\"Traitement PRGF \\\/ Endoret \u00a9\"}]},{\"@type\":\"WebSite\",\"@id\":\"https:\\\/\\\/centerdent.ch\\\/de\\\/#website\",\"url\":\"https:\\\/\\\/centerdent.ch\\\/de\\\/\",\"name\":\"Centerdent\",\"description\":\"Ihr Zahnarzt in Z\u00fcrich Sihlcity\",\"potentialAction\":[{\"@type\":\"SearchAction\",\"target\":{\"@type\":\"EntryPoint\",\"urlTemplate\":\"https:\\\/\\\/centerdent.ch\\\/de\\\/?s={search_term_string}\"},\"query-input\":{\"@type\":\"PropertyValueSpecification\",\"valueRequired\":true,\"valueName\":\"search_term_string\"}}],\"inLanguage\":\"fr-FR\"}]}<\/script>\n<!-- \/ Yoast SEO plugin. -->","yoast_head_json":{"title":"Centerdent | Traitement PRGF \/ Endoret \u00a9","robots":{"index":"index","follow":"follow","max-snippet":"max-snippet:-1","max-image-preview":"max-image-preview:large","max-video-preview":"max-video-preview:-1"},"canonical":"https:\/\/centerdent.ch\/fr\/prestations\/traitement-prgf-en-medecine-dentaire\/","og_locale":"fr_FR","og_type":"article","og_title":"Centerdent | Traitement PRGF \/ Endoret \u00a9","og_url":"https:\/\/centerdent.ch\/fr\/prestations\/traitement-prgf-en-medecine-dentaire\/","og_site_name":"Centerdent","article_modified_time":"2026-01-22T11:00:21+00:00","og_image":[{"width":2560,"height":995,"url":"https:\/\/centerdent.ch\/wp-content\/uploads\/2023\/11\/defaultbanner-scaled.webp","type":"image\/webp"}],"twitter_card":"summary_large_image","twitter_misc":{"Dur\u00e9e de lecture estim\u00e9e":"3 minutes"},"schema":{"@context":"https:\/\/schema.org","@graph":[{"@type":"WebPage","@id":"https:\/\/centerdent.ch\/fr\/prestations\/traitement-prgf-en-medecine-dentaire\/","url":"https:\/\/centerdent.ch\/fr\/prestations\/traitement-prgf-en-medecine-dentaire\/","name":"Centerdent | Traitement PRGF \/ Endoret \u00a9","isPartOf":{"@id":"https:\/\/centerdent.ch\/de\/#website"},"primaryImageOfPage":{"@id":"https:\/\/centerdent.ch\/fr\/prestations\/traitement-prgf-en-medecine-dentaire\/#primaryimage"},"image":{"@id":"https:\/\/centerdent.ch\/fr\/prestations\/traitement-prgf-en-medecine-dentaire\/#primaryimage"},"thumbnailUrl":"https:\/\/centerdent.ch\/wp-content\/uploads\/2023\/11\/defaultbanner-scaled.webp","datePublished":"2024-05-07T08:55:21+00:00","dateModified":"2026-01-22T11:00:21+00:00","breadcrumb":{"@id":"https:\/\/centerdent.ch\/fr\/prestations\/traitement-prgf-en-medecine-dentaire\/#breadcrumb"},"inLanguage":"fr-FR","potentialAction":[{"@type":"ReadAction","target":["https:\/\/centerdent.ch\/fr\/prestations\/traitement-prgf-en-medecine-dentaire\/"]}]},{"@type":"ImageObject","inLanguage":"fr-FR","@id":"https:\/\/centerdent.ch\/fr\/prestations\/traitement-prgf-en-medecine-dentaire\/#primaryimage","url":"https:\/\/centerdent.ch\/wp-content\/uploads\/2023\/11\/defaultbanner-scaled.webp","contentUrl":"https:\/\/centerdent.ch\/wp-content\/uploads\/2023\/11\/defaultbanner-scaled.webp","width":2560,"height":995},{"@type":"BreadcrumbList","@id":"https:\/\/centerdent.ch\/fr\/prestations\/traitement-prgf-en-medecine-dentaire\/#breadcrumb","itemListElement":[{"@type":"ListItem","position":1,"name":"Home","item":"https:\/\/centerdent.ch\/fr\/"},{"@type":"ListItem","position":2,"name":"Prestations","item":"https:\/\/centerdent.ch\/fr\/prestations\/"},{"@type":"ListItem","position":3,"name":"Traitement PRGF \/ Endoret \u00a9"}]},{"@type":"WebSite","@id":"https:\/\/centerdent.ch\/de\/#website","url":"https:\/\/centerdent.ch\/de\/","name":"Centerdent","description":"Ihr Zahnarzt in Z\u00fcrich Sihlcity","potentialAction":[{"@type":"SearchAction","target":{"@type":"EntryPoint","urlTemplate":"https:\/\/centerdent.ch\/de\/?s={search_term_string}"},"query-input":{"@type":"PropertyValueSpecification","valueRequired":true,"valueName":"search_term_string"}}],"inLanguage":"fr-FR"}]}},"_links":{"self":[{"href":"https:\/\/centerdent.ch\/fr\/wp-json\/wp\/v2\/pages\/3163","targetHints":{"allow":["GET"]}}],"collection":[{"href":"https:\/\/centerdent.ch\/fr\/wp-json\/wp\/v2\/pages"}],"about":[{"href":"https:\/\/centerdent.ch\/fr\/wp-json\/wp\/v2\/types\/page"}],"author":[{"embeddable":true,"href":"https:\/\/centerdent.ch\/fr\/wp-json\/wp\/v2\/users\/1"}],"replies":[{"embeddable":true,"href":"https:\/\/centerdent.ch\/fr\/wp-json\/wp\/v2\/comments?post=3163"}],"version-history":[{"count":7,"href":"https:\/\/centerdent.ch\/fr\/wp-json\/wp\/v2\/pages\/3163\/revisions"}],"predecessor-version":[{"id":3704,"href":"https:\/\/centerdent.ch\/fr\/wp-json\/wp\/v2\/pages\/3163\/revisions\/3704"}],"up":[{"embeddable":true,"href":"https:\/\/centerdent.ch\/fr\/wp-json\/wp\/v2\/pages\/2333"}],"wp:featuredmedia":[{"embeddable":true,"href":"https:\/\/centerdent.ch\/fr\/wp-json\/wp\/v2\/media\/2109"}],"wp:attachment":[{"href":"https:\/\/centerdent.ch\/fr\/wp-json\/wp\/v2\/media?parent=3163"}],"curies":[{"name":"wp","href":"https:\/\/api.w.org\/{rel}","templated":true}]}}