{"id":2478,"date":"2023-11-01T10:11:17","date_gmt":"2023-11-01T10:11:17","guid":{"rendered":"https:\/\/centerdent.ch\/?page_id=2478"},"modified":"2023-11-22T07:36:16","modified_gmt":"2023-11-22T07:36:16","slug":"odontoiatria-estetica","status":"publish","type":"page","link":"https:\/\/centerdent.ch\/it\/offerta\/odontoiatria-estetica\/","title":{"rendered":"Odontoiatria estetica"},"content":{"rendered":"<div class=\"fusion-fullwidth fullwidth-box fusion-builder-row-1 fusion-flex-container has-pattern-background has-mask-background nonhundred-percent-fullwidth non-hundred-percent-height-scrolling\" style=\"--awb-border-radius-top-left:0px;--awb-border-radius-top-right:0px;--awb-border-radius-bottom-right:0px;--awb-border-radius-bottom-left:0px;--awb-flex-wrap:wrap;\" ><div class=\"fusion-builder-row fusion-row fusion-flex-align-items-flex-start fusion-flex-justify-content-center fusion-flex-content-wrap\" style=\"max-width:1721.2px;margin-left: calc(-4% \/ 2 );margin-right: calc(-4% \/ 2 );\"><div class=\"fusion-layout-column fusion_builder_column fusion-builder-column-0 fusion_builder_column_3_4 3_4 fusion-flex-column\" style=\"--awb-bg-size:cover;--awb-width-large:75%;--awb-margin-top-large:0px;--awb-spacing-right-large:2.56%;--awb-margin-bottom-large:20px;--awb-spacing-left-large:2.56%;--awb-width-medium:100%;--awb-order-medium:0;--awb-spacing-right-medium:1.92%;--awb-spacing-left-medium:1.92%;--awb-width-small:100%;--awb-order-small:0;--awb-spacing-right-small:1.92%;--awb-spacing-left-small:1.92%;\"><div class=\"fusion-column-wrapper fusion-column-has-shadow fusion-flex-justify-content-flex-start fusion-content-layout-column\"><div class=\"fusion-text fusion-text-1\"><h2 data-fontsize=\"42\" style=\"--fontSize: 42; line-height: 1.2;\" data-lineheight=\"50.4px\" class=\"fusion-responsive-typography-calculated\">Sbiancamento<\/h2>\n<p>Lo sbiancamento (schiarimento dei denti, ingl. bleaching) prevede varie opzioni per correggere le discromie a carico dei denti. Lo sbiancamento interno si effettua dall\u2019interno su un dente non pi\u00f9 vitale (non pi\u00f9 vivo). Lo sbiancamento esterno agisce sulla superficie di denti sani. Lo sbiancamento si svolge presso lo studio dentistico o a domicilio. Lo sbiancamento presso lo studio dentistico si effettua proteggendo la gengiva con una diga di gomma (diga dentale). Lo sbiancamento a domicilio prevede che il dentista appronti per il paziente una speciale mascherina riempita con l\u2019agente sbiancante, che deve essere indossata di notte.<\/p>\n<p><b>Nuovo metodo sbiancate con <\/b><\/p>\n<\/div><div class=\"fusion-image-element \" style=\"--awb-caption-title-font-family:var(--h2_typography-font-family);--awb-caption-title-font-weight:var(--h2_typography-font-weight);--awb-caption-title-font-style:var(--h2_typography-font-style);--awb-caption-title-size:var(--h2_typography-font-size);--awb-caption-title-transform:var(--h2_typography-text-transform);--awb-caption-title-line-height:var(--h2_typography-line-height);--awb-caption-title-letter-spacing:var(--h2_typography-letter-spacing);\"><span class=\" fusion-imageframe imageframe-none imageframe-1 hover-type-none\"><img decoding=\"async\" width=\"100\" height=\"48\" title=\"zoom-logo-Copy-640&#215;213\" src=\"data:image\/svg+xml,%3Csvg%20xmlns%3D%27http%3A%2F%2Fwww.w3.org%2F2000%2Fsvg%27%20width%3D%27100%27%20height%3D%2748%27%20viewBox%3D%270%200%20100%2048%27%3E%3Crect%20width%3D%27100%27%20height%3D%2748%27%20fill-opacity%3D%220%22%2F%3E%3C%2Fsvg%3E\" data-orig-src=\"https:\/\/centerdent.ch\/wp-content\/uploads\/2023\/11\/zoom-logo-Copy-640x213-1.jpg\" alt class=\"lazyload img-responsive wp-image-2114\"\/><\/span><\/div><div class=\"fusion-text fusion-text-2\"><p>Il metodo sbiancante Zoom\u00ae offre il meglio della tecnologia pi\u00f9 avanzata. Le speciali lampade hanno gi\u00e0 regalato un sorriso bianco smagliante a milioni di persone in tutto il mondo. Il trattamento ZOOM\u00ae restituisce denti in media di 8-9 tonalit\u00e0 pi\u00f9 bianchi! ZOOM\u00ae fa parte dei metodi di sbiancamento delicato nel settore dello sbiancamento alla poltrona Power Bleaching. Gli studi condotti promettono che lo smalto non subisce danni. La speciale luce consente inoltre di uccidere i batteri che, fra l\u2019altro, possono essere responsabili di alitosi o infiammazioni gengivali.<\/p>\n<p>Dopo circa un\u2019ora i denti saranno del bianco pi\u00f9 adatto al vostro viso. I denti cos\u00ec sbiancati possono essere poi curati con prodotti specifici per impedire che sulla superficie dentale possano riformarsi delle macchie.<\/p>\n<h2 data-fontsize=\"42\" style=\"--fontSize: 42; line-height: 1.2;\" data-lineheight=\"50.4px\" class=\"fusion-responsive-typography-calculated\">Faccette<\/h2>\n<p>Le faccette o veneers sono sottili involucri in ceramica del colore del dente, che vengono incollati sulla parte anteriore dei denti per migliorarne l\u2019aspetto estetico. Le indicazioni all\u2019applicazione delle faccette sono difetti e fratture dello smalto, discromie permanenti, macchie, displasia dentale e ottimizzazione della posizione dei denti, come per es. in caso di diastemi tra due denti incisivi e correzioni di lievi disallineamenti dei denti. Le superfici dentali visibili vengono leggermente levigate e la perdita di dentina durante questo processo \u00e8 minima. Le nuove e moderne tecniche di incollaggio fanno s\u00ec che le faccette tengano molto pi\u00f9 a lungo rispetto a quelle disponibili al tempo delle star di Hollywood come per es. Marylin Monroe o James Dean, che duravano quanto una giornata di riprese del film.<\/p>\n<p>L\u2019utilizzo o meno delle faccette dipende dal tipo di correzione, dalla posizione dei denti e dallo scopo che si desidera raggiungere e deve sempre essere valutato caso per caso.<\/p>\n<h2 data-fontsize=\"42\" style=\"--fontSize: 42; line-height: 1.2;\" data-lineheight=\"50.4px\" class=\"fusion-responsive-typography-calculated\">Corone dentali in metallo ceramica e corone in ossido di zirconio (ceramica)<\/h2>\n<p>La definizione di rivestimento in ceramica e metallo ceramica (VMK) si usa per corone e ponti composti da una struttura in metallo nobile rivestita in ceramica.<\/p>\n<p>Con le corone in ossido di zirconio (un materiale sostitutivo del dente, composto interamente in ceramica e utilizzato nella tecnica aerospaziale e nelle protesi articolari) si possono ottenere eccellenti risultati estetici, poich\u00e9 l\u2019ossido di zirconio \u00e8 meglio tollerato rispetto ai materiali tradizionalmente utilizzati. Le corone dentali si utilizzano qualora il dente risulti gi\u00e0 indebolito da carie, trattamenti radicolari o scheggiatura.<\/p>\n<h2 data-fontsize=\"42\" style=\"--fontSize: 42; line-height: 1.2;\" data-lineheight=\"50.4px\" class=\"fusion-responsive-typography-calculated\">Otturazioni in materiale composito e inlay in ceramica<\/h2>\n<p>Il composito \u00e8 un materiale avente il colore del dente e composto da plastica, vetro, ceramica e particelle di quarzo, che si usa tra le altre cose per otturazioni nell\u2019area dei denti anteriori e laterali o per correzioni dentali (per es. chiusura di diastemi). Il materiale viene applicato a strati, modellato e collegato al dente in modo durevole grazie a una speciale tecnica di incollaggio.<\/p>\n<p>Un inlay \u00e8 un\u2019otturazione che si realizza dopo aver preso l\u2019impronta e che di norma \u00e8 utilizzata in conseguenza di gravi danni causati dalla carie. L\u2019inlay \u00e8 realizzato nel laboratorio odontotecnico e poi applicato dal dentista oppure la progettazione dell\u2019inlay avviene mediante CEREC (Ceramic Reconstruction) con un procedimento CAD\/CAM (Computer Aided Design\/Computer Aided Manufacturing) in un\u2019unica seduta. Al posto della classica impronta, dal dente preparato, mediante una telecamera si realizza nell\u2019arco di pochi secondi un\u2019impronta tridimensionale. Sulla base di questi dati una macchina fresatrice provvede poi a realizzare direttamente in ambulatorio e in meno di 20 minuti un pezzo di precisione da un blocco di ceramica. La procedura CAD\/CAM consente di realizzare oltre agli inlay in ceramica anche le faccette e le corone in ceramica.<\/p>\n<h2 data-fontsize=\"42\" style=\"--fontSize: 42; line-height: 1.2;\" data-lineheight=\"50.4px\" class=\"fusion-responsive-typography-calculated\">Correzioni estetiche della gengiva (pink aesthetics)<\/h2>\n<p>Le gengive possono essere lesionate per es. a causa di uno spazzolamento traumatico oppure possono regredire a causa di malattie parodontali. Ne conseguiranno recessioni gengivali e colletti dentali scoperti. Mediante interventi chirurgici mini-invasivi \u00e8 possibile coprire le recessioni con trapianto di tessuto connettivo, migliorando l\u2019estetica del sorriso. Le numerose tecniche di copertura della recessione gengivale variano da caso a caso. In caso di eccesso gengivale (gummy smile), con l\u2019impiego di uno speciale laser \u00e8 possibile rimuovere il tessuto gengivale in eccesso e ripristinare un aspetto armonico delle gengive.<\/p>\n<\/div><\/div><\/div><\/div><\/div>\n","protected":false},"excerpt":{"rendered":"","protected":false},"author":1,"featured_media":2110,"parent":2477,"menu_order":0,"comment_status":"closed","ping_status":"closed","template":"100-width.php","meta":{"footnotes":""},"class_list":["post-2478","page","type-page","status-publish","has-post-thumbnail","hentry"],"yoast_head":"<!-- This site is optimized with the Yoast SEO plugin v27.5 - https:\/\/yoast.com\/product\/yoast-seo-wordpress\/ -->\n<title>Centerdent | Odontoiatria estetica<\/title>\n<meta name=\"robots\" content=\"index, follow, max-snippet:-1, max-image-preview:large, max-video-preview:-1\" \/>\n<link rel=\"canonical\" href=\"https:\/\/centerdent.ch\/it\/offerta\/odontoiatria-estetica\/\" \/>\n<meta property=\"og:locale\" content=\"it_IT\" \/>\n<meta property=\"og:type\" content=\"article\" \/>\n<meta property=\"og:title\" content=\"Centerdent | Odontoiatria estetica\" \/>\n<meta property=\"og:url\" content=\"https:\/\/centerdent.ch\/it\/offerta\/odontoiatria-estetica\/\" \/>\n<meta property=\"og:site_name\" content=\"Centerdent\" \/>\n<meta property=\"article:modified_time\" content=\"2023-11-22T07:36:16+00:00\" \/>\n<meta property=\"og:image\" content=\"https:\/\/centerdent.ch\/wp-content\/uploads\/2023\/11\/defaultbanner-scaled.webp\" \/>\n\t<meta property=\"og:image:width\" content=\"2560\" \/>\n\t<meta property=\"og:image:height\" content=\"995\" \/>\n\t<meta property=\"og:image:type\" content=\"image\/webp\" \/>\n<meta name=\"twitter:card\" content=\"summary_large_image\" \/>\n<meta name=\"twitter:label1\" content=\"Tempo di lettura stimato\" \/>\n\t<meta name=\"twitter:data1\" content=\"5 minuti\" \/>\n<script type=\"application\/ld+json\" class=\"yoast-schema-graph\">{\"@context\":\"https:\\\/\\\/schema.org\",\"@graph\":[{\"@type\":\"WebPage\",\"@id\":\"https:\\\/\\\/centerdent.ch\\\/it\\\/offerta\\\/odontoiatria-estetica\\\/\",\"url\":\"https:\\\/\\\/centerdent.ch\\\/it\\\/offerta\\\/odontoiatria-estetica\\\/\",\"name\":\"Centerdent | Odontoiatria estetica\",\"isPartOf\":{\"@id\":\"https:\\\/\\\/centerdent.ch\\\/de\\\/#website\"},\"primaryImageOfPage\":{\"@id\":\"https:\\\/\\\/centerdent.ch\\\/it\\\/offerta\\\/odontoiatria-estetica\\\/#primaryimage\"},\"image\":{\"@id\":\"https:\\\/\\\/centerdent.ch\\\/it\\\/offerta\\\/odontoiatria-estetica\\\/#primaryimage\"},\"thumbnailUrl\":\"https:\\\/\\\/centerdent.ch\\\/wp-content\\\/uploads\\\/2023\\\/11\\\/defaultbanner-scaled.webp\",\"datePublished\":\"2023-11-01T10:11:17+00:00\",\"dateModified\":\"2023-11-22T07:36:16+00:00\",\"breadcrumb\":{\"@id\":\"https:\\\/\\\/centerdent.ch\\\/it\\\/offerta\\\/odontoiatria-estetica\\\/#breadcrumb\"},\"inLanguage\":\"it-IT\",\"potentialAction\":[{\"@type\":\"ReadAction\",\"target\":[\"https:\\\/\\\/centerdent.ch\\\/it\\\/offerta\\\/odontoiatria-estetica\\\/\"]}]},{\"@type\":\"ImageObject\",\"inLanguage\":\"it-IT\",\"@id\":\"https:\\\/\\\/centerdent.ch\\\/it\\\/offerta\\\/odontoiatria-estetica\\\/#primaryimage\",\"url\":\"https:\\\/\\\/centerdent.ch\\\/wp-content\\\/uploads\\\/2023\\\/11\\\/defaultbanner-scaled.webp\",\"contentUrl\":\"https:\\\/\\\/centerdent.ch\\\/wp-content\\\/uploads\\\/2023\\\/11\\\/defaultbanner-scaled.webp\",\"width\":2560,\"height\":995},{\"@type\":\"BreadcrumbList\",\"@id\":\"https:\\\/\\\/centerdent.ch\\\/it\\\/offerta\\\/odontoiatria-estetica\\\/#breadcrumb\",\"itemListElement\":[{\"@type\":\"ListItem\",\"position\":1,\"name\":\"Home\",\"item\":\"https:\\\/\\\/centerdent.ch\\\/it\\\/\"},{\"@type\":\"ListItem\",\"position\":2,\"name\":\"Offerta\",\"item\":\"https:\\\/\\\/centerdent.ch\\\/it\\\/offerta\\\/\"},{\"@type\":\"ListItem\",\"position\":3,\"name\":\"Odontoiatria estetica\"}]},{\"@type\":\"WebSite\",\"@id\":\"https:\\\/\\\/centerdent.ch\\\/de\\\/#website\",\"url\":\"https:\\\/\\\/centerdent.ch\\\/de\\\/\",\"name\":\"Centerdent\",\"description\":\"Ihr Zahnarzt in Z\u00fcrich Sihlcity\",\"potentialAction\":[{\"@type\":\"SearchAction\",\"target\":{\"@type\":\"EntryPoint\",\"urlTemplate\":\"https:\\\/\\\/centerdent.ch\\\/de\\\/?s={search_term_string}\"},\"query-input\":{\"@type\":\"PropertyValueSpecification\",\"valueRequired\":true,\"valueName\":\"search_term_string\"}}],\"inLanguage\":\"it-IT\"}]}<\/script>\n<!-- \/ Yoast SEO plugin. -->","yoast_head_json":{"title":"Centerdent | Odontoiatria estetica","robots":{"index":"index","follow":"follow","max-snippet":"max-snippet:-1","max-image-preview":"max-image-preview:large","max-video-preview":"max-video-preview:-1"},"canonical":"https:\/\/centerdent.ch\/it\/offerta\/odontoiatria-estetica\/","og_locale":"it_IT","og_type":"article","og_title":"Centerdent | Odontoiatria estetica","og_url":"https:\/\/centerdent.ch\/it\/offerta\/odontoiatria-estetica\/","og_site_name":"Centerdent","article_modified_time":"2023-11-22T07:36:16+00:00","og_image":[{"width":2560,"height":995,"url":"https:\/\/centerdent.ch\/wp-content\/uploads\/2023\/11\/defaultbanner-scaled.webp","type":"image\/webp"}],"twitter_card":"summary_large_image","twitter_misc":{"Tempo di lettura stimato":"5 minuti"},"schema":{"@context":"https:\/\/schema.org","@graph":[{"@type":"WebPage","@id":"https:\/\/centerdent.ch\/it\/offerta\/odontoiatria-estetica\/","url":"https:\/\/centerdent.ch\/it\/offerta\/odontoiatria-estetica\/","name":"Centerdent | Odontoiatria estetica","isPartOf":{"@id":"https:\/\/centerdent.ch\/de\/#website"},"primaryImageOfPage":{"@id":"https:\/\/centerdent.ch\/it\/offerta\/odontoiatria-estetica\/#primaryimage"},"image":{"@id":"https:\/\/centerdent.ch\/it\/offerta\/odontoiatria-estetica\/#primaryimage"},"thumbnailUrl":"https:\/\/centerdent.ch\/wp-content\/uploads\/2023\/11\/defaultbanner-scaled.webp","datePublished":"2023-11-01T10:11:17+00:00","dateModified":"2023-11-22T07:36:16+00:00","breadcrumb":{"@id":"https:\/\/centerdent.ch\/it\/offerta\/odontoiatria-estetica\/#breadcrumb"},"inLanguage":"it-IT","potentialAction":[{"@type":"ReadAction","target":["https:\/\/centerdent.ch\/it\/offerta\/odontoiatria-estetica\/"]}]},{"@type":"ImageObject","inLanguage":"it-IT","@id":"https:\/\/centerdent.ch\/it\/offerta\/odontoiatria-estetica\/#primaryimage","url":"https:\/\/centerdent.ch\/wp-content\/uploads\/2023\/11\/defaultbanner-scaled.webp","contentUrl":"https:\/\/centerdent.ch\/wp-content\/uploads\/2023\/11\/defaultbanner-scaled.webp","width":2560,"height":995},{"@type":"BreadcrumbList","@id":"https:\/\/centerdent.ch\/it\/offerta\/odontoiatria-estetica\/#breadcrumb","itemListElement":[{"@type":"ListItem","position":1,"name":"Home","item":"https:\/\/centerdent.ch\/it\/"},{"@type":"ListItem","position":2,"name":"Offerta","item":"https:\/\/centerdent.ch\/it\/offerta\/"},{"@type":"ListItem","position":3,"name":"Odontoiatria estetica"}]},{"@type":"WebSite","@id":"https:\/\/centerdent.ch\/de\/#website","url":"https:\/\/centerdent.ch\/de\/","name":"Centerdent","description":"Ihr Zahnarzt in Z\u00fcrich Sihlcity","potentialAction":[{"@type":"SearchAction","target":{"@type":"EntryPoint","urlTemplate":"https:\/\/centerdent.ch\/de\/?s={search_term_string}"},"query-input":{"@type":"PropertyValueSpecification","valueRequired":true,"valueName":"search_term_string"}}],"inLanguage":"it-IT"}]}},"_links":{"self":[{"href":"https:\/\/centerdent.ch\/it\/wp-json\/wp\/v2\/pages\/2478","targetHints":{"allow":["GET"]}}],"collection":[{"href":"https:\/\/centerdent.ch\/it\/wp-json\/wp\/v2\/pages"}],"about":[{"href":"https:\/\/centerdent.ch\/it\/wp-json\/wp\/v2\/types\/page"}],"author":[{"embeddable":true,"href":"https:\/\/centerdent.ch\/it\/wp-json\/wp\/v2\/users\/1"}],"replies":[{"embeddable":true,"href":"https:\/\/centerdent.ch\/it\/wp-json\/wp\/v2\/comments?post=2478"}],"version-history":[{"count":3,"href":"https:\/\/centerdent.ch\/it\/wp-json\/wp\/v2\/pages\/2478\/revisions"}],"predecessor-version":[{"id":2560,"href":"https:\/\/centerdent.ch\/it\/wp-json\/wp\/v2\/pages\/2478\/revisions\/2560"}],"up":[{"embeddable":true,"href":"https:\/\/centerdent.ch\/it\/wp-json\/wp\/v2\/pages\/2477"}],"wp:featuredmedia":[{"embeddable":true,"href":"https:\/\/centerdent.ch\/it\/wp-json\/wp\/v2\/media\/2110"}],"wp:attachment":[{"href":"https:\/\/centerdent.ch\/it\/wp-json\/wp\/v2\/media?parent=2478"}],"curies":[{"name":"wp","href":"https:\/\/api.w.org\/{rel}","templated":true}]}}