{"id":2480,"date":"2023-11-01T10:15:11","date_gmt":"2023-11-01T10:15:11","guid":{"rendered":"https:\/\/centerdent.ch\/?page_id=2480"},"modified":"2023-11-22T07:42:57","modified_gmt":"2023-11-22T07:42:57","slug":"varie","status":"publish","type":"page","link":"https:\/\/centerdent.ch\/it\/offerta\/varie\/","title":{"rendered":"Varie"},"content":{"rendered":"<div class=\"fusion-fullwidth fullwidth-box fusion-builder-row-1 fusion-flex-container has-pattern-background has-mask-background nonhundred-percent-fullwidth non-hundred-percent-height-scrolling\" style=\"--awb-border-radius-top-left:0px;--awb-border-radius-top-right:0px;--awb-border-radius-bottom-right:0px;--awb-border-radius-bottom-left:0px;--awb-flex-wrap:wrap;\" ><div class=\"fusion-builder-row fusion-row fusion-flex-align-items-flex-start fusion-flex-content-wrap\" style=\"max-width:1721.2px;margin-left: calc(-4% \/ 2 );margin-right: calc(-4% \/ 2 );\"><div class=\"fusion-layout-column fusion_builder_column fusion-builder-column-0 fusion_builder_column_1_1 1_1 fusion-flex-column\" style=\"--awb-bg-size:cover;--awb-width-large:100%;--awb-margin-top-large:0px;--awb-spacing-right-large:1.92%;--awb-margin-bottom-large:40px;--awb-spacing-left-large:1.92%;--awb-width-medium:100%;--awb-order-medium:0;--awb-spacing-right-medium:1.92%;--awb-spacing-left-medium:1.92%;--awb-width-small:100%;--awb-order-small:0;--awb-spacing-right-small:1.92%;--awb-spacing-left-small:1.92%;\"><div class=\"fusion-column-wrapper fusion-column-has-shadow fusion-flex-justify-content-flex-start fusion-content-layout-column\"><div class=\"fusion-text fusion-text-1\"><h2 data-fontsize=\"42\" style=\"--fontSize: 42; line-height: 1.2;\" data-lineheight=\"50.4px\" class=\"fusion-responsive-typography-calculated\">Placca di Michigan e bite NTI<\/h2>\n<p>Stringere e digrignare i denti pu\u00f2 essere causa di mal di testa e mal di collo, di sensibilit\u00e0 dei muscoli masticatori alla pressione, di dolori ai denti sani, nonch\u00e9 di scheggiature a carico dei denti e delle otturazioni. Spesso si digrignano i denti durante la notte, quando si elabora lo stress, pertanto \u00e8 difficile esercitare un controllo su quest\u2019azione.<\/p>\n<p>La placca NTI (inibizione della sensibilit\u00e0 nocicettiva del trigemino) avvolge i denti anteriori e si indossa di notte. Si evita cos\u00ec che il fenomeno del bruxismo possa peggiorare.<\/p>\n<p>Anche la placca di Michigan si indossa di notte e si estende su tutta la superficie masticatoria, si usa come protezione dalle fratture dei denti causate dal digrignamento ma trova impiego anche nelle patologie dei muscoli masticatori e dell\u2019articolazione temporomandibolare.<\/p>\n<h2 data-fontsize=\"42\" style=\"--fontSize: 42; line-height: 1.2;\" data-lineheight=\"50.4px\" class=\"fusion-responsive-typography-calculated\">Protossido di azoto<\/h2>\n<p>Un trattamento eseguito sotto sedazione con protossido di azoto \u00e8 consigliabile per i bambini e per i pazienti che temono i trattamenti odontoiatrici.<\/p>\n<p>La sedazione con protossido di azoto si esegue mediante una miscela di ossigeno e protossido di azoto. L\u2019effetto \u00e8 analgesico, rilassante, calmante e antiansia. L\u2019effetto \u00e8 rapido e al termine dell\u2019inalazione sparisce altrettanto rapidamente.<\/p>\n<p>Rivolgetevi al vostro dentista nel caso in cui desideriate un trattamento sotto protossido di azoto.<\/p>\n<h2 data-fontsize=\"42\" style=\"--fontSize: 42; line-height: 1.2;\" data-lineheight=\"50.4px\" class=\"fusion-responsive-typography-calculated\">Anestesia<\/h2>\n<p>Nel nostro ambulatorio eseguiamo l\u2019anestesia totale ambulatoriale con il nostro team esperto in anestesia. Il trattamento sotto anestesia \u00e8 consigliabile per i bambini che devono subire interventi lunghi, nel caso di pazienti paurosi o disabili.<\/p>\n<p>La nostra esperienza pluriennale mostra che il trattamento sotto anestesia totale \u00e8 una modalit\u00e0 molto sicura per consentire al paziente un risanamento completo e privo di stress in un\u2019unica seduta.<\/p>\n<h2 data-fontsize=\"42\" style=\"--fontSize: 42; line-height: 1.2;\" data-lineheight=\"50.4px\" class=\"fusion-responsive-typography-calculated\">Paradenti sportivo<\/h2>\n<p>La protezione sicura per gli sport nei quali i denti anteriori sono esposti e possono essere soggetti a forti colpi: come per esempio nello squash, hockey sul ghiaccio, kickboxing, rugby.<\/p>\n<p>Il paradenti sportivo \u00e8 realizzato su misura, \u00e8 stabile e comodo da indossare.<\/p>\n<h2 data-fontsize=\"42\" style=\"--fontSize: 42; line-height: 1.2;\" data-lineheight=\"50.4px\" class=\"fusion-responsive-typography-calculated\">Gioielli per denti<\/h2>\n<p>I brillantini levigati possono essere incollati sul dente mediante un\u2019apposita tecnica di incollaggio. Lo smalto non subisce lesioni e i brillantini possono poi essere rimossi senza problemi.<\/p>\n<\/div><\/div><\/div><\/div><\/div>\n","protected":false},"excerpt":{"rendered":"","protected":false},"author":1,"featured_media":2110,"parent":2477,"menu_order":0,"comment_status":"closed","ping_status":"closed","template":"100-width.php","meta":{"footnotes":""},"class_list":["post-2480","page","type-page","status-publish","has-post-thumbnail","hentry"],"yoast_head":"<!-- This site is optimized with the Yoast SEO plugin v27.5 - https:\/\/yoast.com\/product\/yoast-seo-wordpress\/ -->\n<title>Centerdent | Varie<\/title>\n<meta name=\"robots\" content=\"index, follow, max-snippet:-1, max-image-preview:large, max-video-preview:-1\" \/>\n<link rel=\"canonical\" href=\"https:\/\/centerdent.ch\/it\/offerta\/varie\/\" \/>\n<meta property=\"og:locale\" content=\"it_IT\" \/>\n<meta property=\"og:type\" content=\"article\" \/>\n<meta property=\"og:title\" content=\"Centerdent | Varie\" \/>\n<meta property=\"og:url\" content=\"https:\/\/centerdent.ch\/it\/offerta\/varie\/\" \/>\n<meta property=\"og:site_name\" content=\"Centerdent\" \/>\n<meta property=\"article:modified_time\" content=\"2023-11-22T07:42:57+00:00\" \/>\n<meta property=\"og:image\" content=\"https:\/\/centerdent.ch\/wp-content\/uploads\/2023\/11\/defaultbanner-scaled.webp\" \/>\n\t<meta property=\"og:image:width\" content=\"2560\" \/>\n\t<meta property=\"og:image:height\" content=\"995\" \/>\n\t<meta property=\"og:image:type\" content=\"image\/webp\" \/>\n<meta name=\"twitter:card\" content=\"summary_large_image\" \/>\n<meta name=\"twitter:label1\" content=\"Tempo di lettura stimato\" \/>\n\t<meta name=\"twitter:data1\" content=\"3 minuti\" \/>\n<script type=\"application\/ld+json\" class=\"yoast-schema-graph\">{\"@context\":\"https:\\\/\\\/schema.org\",\"@graph\":[{\"@type\":\"WebPage\",\"@id\":\"https:\\\/\\\/centerdent.ch\\\/it\\\/offerta\\\/varie\\\/\",\"url\":\"https:\\\/\\\/centerdent.ch\\\/it\\\/offerta\\\/varie\\\/\",\"name\":\"Centerdent | Varie\",\"isPartOf\":{\"@id\":\"https:\\\/\\\/centerdent.ch\\\/de\\\/#website\"},\"primaryImageOfPage\":{\"@id\":\"https:\\\/\\\/centerdent.ch\\\/it\\\/offerta\\\/varie\\\/#primaryimage\"},\"image\":{\"@id\":\"https:\\\/\\\/centerdent.ch\\\/it\\\/offerta\\\/varie\\\/#primaryimage\"},\"thumbnailUrl\":\"https:\\\/\\\/centerdent.ch\\\/wp-content\\\/uploads\\\/2023\\\/11\\\/defaultbanner-scaled.webp\",\"datePublished\":\"2023-11-01T10:15:11+00:00\",\"dateModified\":\"2023-11-22T07:42:57+00:00\",\"breadcrumb\":{\"@id\":\"https:\\\/\\\/centerdent.ch\\\/it\\\/offerta\\\/varie\\\/#breadcrumb\"},\"inLanguage\":\"it-IT\",\"potentialAction\":[{\"@type\":\"ReadAction\",\"target\":[\"https:\\\/\\\/centerdent.ch\\\/it\\\/offerta\\\/varie\\\/\"]}]},{\"@type\":\"ImageObject\",\"inLanguage\":\"it-IT\",\"@id\":\"https:\\\/\\\/centerdent.ch\\\/it\\\/offerta\\\/varie\\\/#primaryimage\",\"url\":\"https:\\\/\\\/centerdent.ch\\\/wp-content\\\/uploads\\\/2023\\\/11\\\/defaultbanner-scaled.webp\",\"contentUrl\":\"https:\\\/\\\/centerdent.ch\\\/wp-content\\\/uploads\\\/2023\\\/11\\\/defaultbanner-scaled.webp\",\"width\":2560,\"height\":995},{\"@type\":\"BreadcrumbList\",\"@id\":\"https:\\\/\\\/centerdent.ch\\\/it\\\/offerta\\\/varie\\\/#breadcrumb\",\"itemListElement\":[{\"@type\":\"ListItem\",\"position\":1,\"name\":\"Home\",\"item\":\"https:\\\/\\\/centerdent.ch\\\/it\\\/\"},{\"@type\":\"ListItem\",\"position\":2,\"name\":\"Offerta\",\"item\":\"https:\\\/\\\/centerdent.ch\\\/it\\\/offerta\\\/\"},{\"@type\":\"ListItem\",\"position\":3,\"name\":\"Varie\"}]},{\"@type\":\"WebSite\",\"@id\":\"https:\\\/\\\/centerdent.ch\\\/de\\\/#website\",\"url\":\"https:\\\/\\\/centerdent.ch\\\/de\\\/\",\"name\":\"Centerdent\",\"description\":\"Ihr Zahnarzt in Z\u00fcrich Sihlcity\",\"potentialAction\":[{\"@type\":\"SearchAction\",\"target\":{\"@type\":\"EntryPoint\",\"urlTemplate\":\"https:\\\/\\\/centerdent.ch\\\/de\\\/?s={search_term_string}\"},\"query-input\":{\"@type\":\"PropertyValueSpecification\",\"valueRequired\":true,\"valueName\":\"search_term_string\"}}],\"inLanguage\":\"it-IT\"}]}<\/script>\n<!-- \/ Yoast SEO plugin. -->","yoast_head_json":{"title":"Centerdent | Varie","robots":{"index":"index","follow":"follow","max-snippet":"max-snippet:-1","max-image-preview":"max-image-preview:large","max-video-preview":"max-video-preview:-1"},"canonical":"https:\/\/centerdent.ch\/it\/offerta\/varie\/","og_locale":"it_IT","og_type":"article","og_title":"Centerdent | Varie","og_url":"https:\/\/centerdent.ch\/it\/offerta\/varie\/","og_site_name":"Centerdent","article_modified_time":"2023-11-22T07:42:57+00:00","og_image":[{"width":2560,"height":995,"url":"https:\/\/centerdent.ch\/wp-content\/uploads\/2023\/11\/defaultbanner-scaled.webp","type":"image\/webp"}],"twitter_card":"summary_large_image","twitter_misc":{"Tempo di lettura stimato":"3 minuti"},"schema":{"@context":"https:\/\/schema.org","@graph":[{"@type":"WebPage","@id":"https:\/\/centerdent.ch\/it\/offerta\/varie\/","url":"https:\/\/centerdent.ch\/it\/offerta\/varie\/","name":"Centerdent | Varie","isPartOf":{"@id":"https:\/\/centerdent.ch\/de\/#website"},"primaryImageOfPage":{"@id":"https:\/\/centerdent.ch\/it\/offerta\/varie\/#primaryimage"},"image":{"@id":"https:\/\/centerdent.ch\/it\/offerta\/varie\/#primaryimage"},"thumbnailUrl":"https:\/\/centerdent.ch\/wp-content\/uploads\/2023\/11\/defaultbanner-scaled.webp","datePublished":"2023-11-01T10:15:11+00:00","dateModified":"2023-11-22T07:42:57+00:00","breadcrumb":{"@id":"https:\/\/centerdent.ch\/it\/offerta\/varie\/#breadcrumb"},"inLanguage":"it-IT","potentialAction":[{"@type":"ReadAction","target":["https:\/\/centerdent.ch\/it\/offerta\/varie\/"]}]},{"@type":"ImageObject","inLanguage":"it-IT","@id":"https:\/\/centerdent.ch\/it\/offerta\/varie\/#primaryimage","url":"https:\/\/centerdent.ch\/wp-content\/uploads\/2023\/11\/defaultbanner-scaled.webp","contentUrl":"https:\/\/centerdent.ch\/wp-content\/uploads\/2023\/11\/defaultbanner-scaled.webp","width":2560,"height":995},{"@type":"BreadcrumbList","@id":"https:\/\/centerdent.ch\/it\/offerta\/varie\/#breadcrumb","itemListElement":[{"@type":"ListItem","position":1,"name":"Home","item":"https:\/\/centerdent.ch\/it\/"},{"@type":"ListItem","position":2,"name":"Offerta","item":"https:\/\/centerdent.ch\/it\/offerta\/"},{"@type":"ListItem","position":3,"name":"Varie"}]},{"@type":"WebSite","@id":"https:\/\/centerdent.ch\/de\/#website","url":"https:\/\/centerdent.ch\/de\/","name":"Centerdent","description":"Ihr Zahnarzt in Z\u00fcrich Sihlcity","potentialAction":[{"@type":"SearchAction","target":{"@type":"EntryPoint","urlTemplate":"https:\/\/centerdent.ch\/de\/?s={search_term_string}"},"query-input":{"@type":"PropertyValueSpecification","valueRequired":true,"valueName":"search_term_string"}}],"inLanguage":"it-IT"}]}},"_links":{"self":[{"href":"https:\/\/centerdent.ch\/it\/wp-json\/wp\/v2\/pages\/2480","targetHints":{"allow":["GET"]}}],"collection":[{"href":"https:\/\/centerdent.ch\/it\/wp-json\/wp\/v2\/pages"}],"about":[{"href":"https:\/\/centerdent.ch\/it\/wp-json\/wp\/v2\/types\/page"}],"author":[{"embeddable":true,"href":"https:\/\/centerdent.ch\/it\/wp-json\/wp\/v2\/users\/1"}],"replies":[{"embeddable":true,"href":"https:\/\/centerdent.ch\/it\/wp-json\/wp\/v2\/comments?post=2480"}],"version-history":[{"count":3,"href":"https:\/\/centerdent.ch\/it\/wp-json\/wp\/v2\/pages\/2480\/revisions"}],"predecessor-version":[{"id":2571,"href":"https:\/\/centerdent.ch\/it\/wp-json\/wp\/v2\/pages\/2480\/revisions\/2571"}],"up":[{"embeddable":true,"href":"https:\/\/centerdent.ch\/it\/wp-json\/wp\/v2\/pages\/2477"}],"wp:featuredmedia":[{"embeddable":true,"href":"https:\/\/centerdent.ch\/it\/wp-json\/wp\/v2\/media\/2110"}],"wp:attachment":[{"href":"https:\/\/centerdent.ch\/it\/wp-json\/wp\/v2\/media?parent=2480"}],"curies":[{"name":"wp","href":"https:\/\/api.w.org\/{rel}","templated":true}]}}