{"id":2500,"date":"2023-11-01T16:04:51","date_gmt":"2023-11-01T16:04:51","guid":{"rendered":"https:\/\/centerdent.ch\/?page_id=2500"},"modified":"2023-11-22T08:16:29","modified_gmt":"2023-11-22T08:16:29","slug":"informativa-sulla-privacy","status":"publish","type":"page","link":"https:\/\/centerdent.ch\/it\/informativa-sulla-privacy\/","title":{"rendered":"Informativa sulla privacy"},"content":{"rendered":"<div class=\"fusion-fullwidth fullwidth-box fusion-builder-row-1 fusion-flex-container has-pattern-background has-mask-background nonhundred-percent-fullwidth non-hundred-percent-height-scrolling\" style=\"--awb-border-radius-top-left:0px;--awb-border-radius-top-right:0px;--awb-border-radius-bottom-right:0px;--awb-border-radius-bottom-left:0px;--awb-flex-wrap:wrap;\" ><div class=\"fusion-builder-row fusion-row fusion-flex-align-items-flex-start fusion-flex-content-wrap\" style=\"max-width:1721.2px;margin-left: calc(-4% \/ 2 );margin-right: calc(-4% \/ 2 );\"><div class=\"fusion-layout-column fusion_builder_column fusion-builder-column-0 fusion_builder_column_1_1 1_1 fusion-flex-column\" style=\"--awb-padding-top:25px;--awb-bg-size:cover;--awb-width-large:100%;--awb-margin-top-large:0px;--awb-spacing-right-large:1.92%;--awb-margin-bottom-large:20px;--awb-spacing-left-large:1.92%;--awb-width-medium:100%;--awb-order-medium:0;--awb-spacing-right-medium:1.92%;--awb-spacing-left-medium:1.92%;--awb-width-small:100%;--awb-order-small:0;--awb-spacing-right-small:1.92%;--awb-spacing-left-small:1.92%;\"><div class=\"fusion-column-wrapper fusion-column-has-shadow fusion-flex-justify-content-flex-start fusion-content-layout-column\"><div class=\"fusion-text fusion-text-1\"><h2 data-fontsize=\"42\" style=\"--fontSize: 42; line-height: 1.2;\" data-lineheight=\"50.4px\" class=\"fusion-responsive-typography-calculated\">Informativa sulla privacy<\/h2>\n<\/p>\n<p>Benvenuti nel sito web del nostro studio dentistico. La seguente politica sulla privacy si applica all&#8217;uso del nostro sito web e dei servizi offerti. La presente informativa sulla privacy informa l&#8217;utente sulla raccolta dei dati personali durante la visita su questo sito web.<\/p>\n<p>La raccolta e l&#8217;elaborazione dei vostri dati personali avvengono in conformit\u00e0 alle leggi e ai requisiti riguardante in materia di protezione dei dati.<\/p>\n<p>In linea di principio, il nostro studio dentistico offre i propri servizi solo in Svizzera e si rivolge esclusivamente a persone residenti in Svizzera.<\/p>\n<h3 data-fontsize=\"38\" style=\"--fontSize: 38; line-height: 1.2;\" data-lineheight=\"45.6px\" class=\"fusion-responsive-typography-calculated\">Raccolta di dati e informazioni generali<\/h3>\n<p>Ogni volta che il sito web viene richiamato, vengono raccolti una serie di dati e informazioni generali. Questi dati e informazioni generali vengono memorizzati nei file di log del server. Possono essere raccolti i seguenti dati: (1) i tipi e le versioni di browser utilizzati, (2) il sistema operativo utilizzato dal sistema di accesso, (3) il sito web da cui un sistema di accesso accede al nostro sito web (il cosiddetto referrer), (4) i siti secondari a cui si accede tramite un sistema di accesso sul nostro sito web, (5) la data e l&#8217;ora di un accesso al sito web, (6) un indirizzo di protocollo Internet (indirizzo IP), (7) il provider di servizi Internet del sistema di accesso e (8) altri dati e informazioni simili che servono a scongiurare il pericolo in caso di attacchi alla nostra infrastruttura IT.<\/p>\n<p>Questi dati e informazioni sono necessari per (1) visualizzare correttamente il contenuto del nostro sito web, (2) ottimare il contenuto del nostro sito web, (3) garantire la funzionalit\u00e0 a lungo termine della nostra infrastruttura IT e della tecnologia del nostro sito web, nonch\u00e9 (4) fornire le informazioni necessarie alle autorit\u00e0 di polizia in caso di attacco informatico.<\/p>\n<p>Inoltre, il nostro studio dentistico pu\u00f2 valutare questi dati e informazioni da un lato statisticamente e dall&#8217;altro con l&#8217;obiettivo di aumentare la protezione dei dati e la sicurezza dei dati della propria infrastruttura informatica. I dati e le informazioni raccolti vengono elaborati solo per gli scopi appena menzionati e successivamente cancellati.<\/p>\n<h3 data-fontsize=\"38\" style=\"--fontSize: 38; line-height: 1.2;\" data-lineheight=\"45.6px\" class=\"fusion-responsive-typography-calculated\">Link ad altri siti web<\/h3>\n<p>Questo sito web pu\u00f2 contenere link a siti web di altri fornitori. Il nostro studio dentistico non ha alcuna influenza su questi siti web, sul loro contenuto, sulle loro offerte o disponibilit\u00e0, n\u00e9 sulle dichiarazioni e sulle disposizioni in materia di protezione dei dati ivi applicabili. Pertanto declina ogni responsabilit\u00e0.<\/p>\n<h3 data-fontsize=\"38\" style=\"--fontSize: 38; line-height: 1.2;\" data-lineheight=\"45.6px\" class=\"fusion-responsive-typography-calculated\">Cookie e altri servizi<\/h3>\n<p>Il nostro studio dentistico pu\u00f2 utilizzare i cookie sul proprio sito web. I cookie contengono un cosiddetto cookie-lD, un identificatore univoco del cookie, che assegna i siti web e i server a un determinato browser internet. Un browser internet specifico pu\u00f2 essere riconosciuto e identificato attraverso questo cookie-lD unico. Tali informazioni sull&#8217;utilizzo di questo sito web (compreso il vostro indirizzo IP) possono, ad esempio, nel caso di Google Analytics, essere trasmesse a server all&#8217;estero e l\u00ec memorizzate.<\/p>\n<p>Il nostro studio dentistico pu\u00f2 avvalersi di ulteriori offerte di servizi da parte di fornitori terzi per integrare i loro contenuti e servizi, come video o articoli, nel sito web. Tale integrazione richiede sempre che questi fornitori terzi possano raccogliere ed elaborare l&#8217;indirizzo IP e altre informazioni dei visitatori di questo sito web.<\/p>\n<p>Su questo sito web possono essere inseriti dei pulsanti (&#8220;social media plugins&#8221;) che stabiliscono un contatto con i server dei social network (Facebook, Twitter, lnstagram, ecc.). Quando si clicca su uno di questi pulsanti, i dati necessari, come l&#8217;indirizzo IP, la visita al sito web, ecc. vengono trasmessi al rispettivo gestore del social network.<\/p>\n<p>Avete la possibilit\u00e0 di iscrivervi alla nostra newsletter tramite il nostro sito web. I dati forniti allo studio, in particolare l&#8217;indirizzo e-mail e il nome, possono essere utilizzati per l&#8217;invio regolare della nostra newsletter. La newsletter viene inviata direttamente dallo studio dentistico o da una societ\u00e0 specializzata in questo settore. \u00c8 possibile annullare l&#8217;iscrizione alla newsletter in qualsiasi momento (in ogni caso tramite il link presente nella newsletter o sul sito web). Potete anche informarci via e- mail o tramite i dati di contatto indicati nell&#8217;imprinting. I dati personali rimangono presso il nostro studio odontoiatrico e, se necessario, presso la societ\u00e0 incaricata dell&#8217;invio della newsletter, fintanto che l&#8217;utente si \u00e8 iscritto alla newsletter.<\/p>\n<h3 data-fontsize=\"38\" style=\"--fontSize: 38; line-height: 1.2;\" data-lineheight=\"45.6px\" class=\"fusion-responsive-typography-calculated\">Opzioni di comunicazione<\/h3>\n<p>Il sito web del nostro studio dentistico contiene alcune informazioni che consentono un rapido contatto elettronico e una comunicazione diretta, tra cui un indirizzo e-mail generale. Se ci contattate tramite le opzioni di comunicazione offerte sul nostro sito web, i vostri dati di contatto e i contenuti saranno utilizzati solo per elaborare e rispondere alla vostra richiesta.<\/p>\n<p>Nota bene: non \u00e8 possibile garantire la riservatezza dei dati trasmessi. Pertanto, non \u00e8 necessario trasmettere dati confidenziali (preoccupazioni mediche, ecc.) quando si effettua questo contatto.<\/p>\n<h3 data-fontsize=\"38\" style=\"--fontSize: 38; line-height: 1.2;\" data-lineheight=\"45.6px\" class=\"fusion-responsive-typography-calculated\">I vostri diritti<\/h3>\n<p>In base alla legge sulla protezione dei dati, avete diversi diritti, come il diritto all&#8217;informazione. Per far valere i vostri diritti, contattate lo studio dentistico. Saremo lieti di fornirvi ulteriori informazioni al riguardo.<\/p>\n<h3 data-fontsize=\"38\" style=\"--fontSize: 38; line-height: 1.2;\" data-lineheight=\"45.6px\" class=\"fusion-responsive-typography-calculated\">Modifiche<\/h3>\n<p>Il nostro studio dentistico pu\u00f2 modificare la presente informativa sulla privacy in qualsiasi momento e senza preavviso. Si applicher\u00e0 la versione attuale pubblicata sul nostro sito web. Nel caso in cui l&#8217;Informativa sulla privacy faccia parte di un contratto con l&#8217;utente, quest&#8217;ultimo verr\u00e0 informato della modifica tramite e-mail o altri mezzi appropriati in caso di aggiornamento.<\/p>\n<h3 data-fontsize=\"38\" style=\"--fontSize: 38; line-height: 1.2;\" data-lineheight=\"45.6px\" class=\"fusion-responsive-typography-calculated\">Date 31.08.2023<\/h3>\n<\/div><\/div><\/div><\/div><\/div>\n","protected":false},"excerpt":{"rendered":"","protected":false},"author":1,"featured_media":2110,"parent":0,"menu_order":0,"comment_status":"closed","ping_status":"closed","template":"100-width.php","meta":{"footnotes":""},"class_list":["post-2500","page","type-page","status-publish","has-post-thumbnail","hentry"],"yoast_head":"<!-- This site is optimized with the Yoast SEO plugin v27.4 - https:\/\/yoast.com\/product\/yoast-seo-wordpress\/ -->\n<title>Centerdent | Informativa sulla privacy<\/title>\n<meta name=\"robots\" content=\"index, follow, max-snippet:-1, max-image-preview:large, max-video-preview:-1\" \/>\n<link rel=\"canonical\" href=\"https:\/\/centerdent.ch\/it\/informativa-sulla-privacy\/\" \/>\n<meta property=\"og:locale\" content=\"it_IT\" \/>\n<meta property=\"og:type\" content=\"article\" \/>\n<meta property=\"og:title\" content=\"Centerdent | Informativa sulla privacy\" \/>\n<meta property=\"og:url\" content=\"https:\/\/centerdent.ch\/it\/informativa-sulla-privacy\/\" \/>\n<meta property=\"og:site_name\" content=\"Centerdent\" \/>\n<meta property=\"article:modified_time\" content=\"2023-11-22T08:16:29+00:00\" \/>\n<meta property=\"og:image\" content=\"https:\/\/centerdent.ch\/wp-content\/uploads\/2023\/11\/defaultbanner-scaled.webp\" \/>\n\t<meta property=\"og:image:width\" content=\"2560\" \/>\n\t<meta property=\"og:image:height\" content=\"995\" \/>\n\t<meta property=\"og:image:type\" content=\"image\/webp\" \/>\n<meta name=\"twitter:card\" content=\"summary_large_image\" \/>\n<meta name=\"twitter:label1\" content=\"Tempo di lettura stimato\" \/>\n\t<meta name=\"twitter:data1\" content=\"6 minuti\" \/>\n<script type=\"application\/ld+json\" class=\"yoast-schema-graph\">{\"@context\":\"https:\\\/\\\/schema.org\",\"@graph\":[{\"@type\":\"WebPage\",\"@id\":\"https:\\\/\\\/centerdent.ch\\\/it\\\/informativa-sulla-privacy\\\/\",\"url\":\"https:\\\/\\\/centerdent.ch\\\/it\\\/informativa-sulla-privacy\\\/\",\"name\":\"Centerdent | Informativa sulla privacy\",\"isPartOf\":{\"@id\":\"https:\\\/\\\/centerdent.ch\\\/de\\\/#website\"},\"primaryImageOfPage\":{\"@id\":\"https:\\\/\\\/centerdent.ch\\\/it\\\/informativa-sulla-privacy\\\/#primaryimage\"},\"image\":{\"@id\":\"https:\\\/\\\/centerdent.ch\\\/it\\\/informativa-sulla-privacy\\\/#primaryimage\"},\"thumbnailUrl\":\"https:\\\/\\\/centerdent.ch\\\/wp-content\\\/uploads\\\/2023\\\/11\\\/defaultbanner-scaled.webp\",\"datePublished\":\"2023-11-01T16:04:51+00:00\",\"dateModified\":\"2023-11-22T08:16:29+00:00\",\"breadcrumb\":{\"@id\":\"https:\\\/\\\/centerdent.ch\\\/it\\\/informativa-sulla-privacy\\\/#breadcrumb\"},\"inLanguage\":\"it-IT\",\"potentialAction\":[{\"@type\":\"ReadAction\",\"target\":[\"https:\\\/\\\/centerdent.ch\\\/it\\\/informativa-sulla-privacy\\\/\"]}]},{\"@type\":\"ImageObject\",\"inLanguage\":\"it-IT\",\"@id\":\"https:\\\/\\\/centerdent.ch\\\/it\\\/informativa-sulla-privacy\\\/#primaryimage\",\"url\":\"https:\\\/\\\/centerdent.ch\\\/wp-content\\\/uploads\\\/2023\\\/11\\\/defaultbanner-scaled.webp\",\"contentUrl\":\"https:\\\/\\\/centerdent.ch\\\/wp-content\\\/uploads\\\/2023\\\/11\\\/defaultbanner-scaled.webp\",\"width\":2560,\"height\":995},{\"@type\":\"BreadcrumbList\",\"@id\":\"https:\\\/\\\/centerdent.ch\\\/it\\\/informativa-sulla-privacy\\\/#breadcrumb\",\"itemListElement\":[{\"@type\":\"ListItem\",\"position\":1,\"name\":\"Home\",\"item\":\"https:\\\/\\\/centerdent.ch\\\/it\\\/\"},{\"@type\":\"ListItem\",\"position\":2,\"name\":\"Informativa sulla privacy\"}]},{\"@type\":\"WebSite\",\"@id\":\"https:\\\/\\\/centerdent.ch\\\/de\\\/#website\",\"url\":\"https:\\\/\\\/centerdent.ch\\\/de\\\/\",\"name\":\"Centerdent\",\"description\":\"Ihr Zahnarzt in Z\u00fcrich Sihlcity\",\"potentialAction\":[{\"@type\":\"SearchAction\",\"target\":{\"@type\":\"EntryPoint\",\"urlTemplate\":\"https:\\\/\\\/centerdent.ch\\\/de\\\/?s={search_term_string}\"},\"query-input\":{\"@type\":\"PropertyValueSpecification\",\"valueRequired\":true,\"valueName\":\"search_term_string\"}}],\"inLanguage\":\"it-IT\"}]}<\/script>\n<!-- \/ Yoast SEO plugin. -->","yoast_head_json":{"title":"Centerdent | Informativa sulla privacy","robots":{"index":"index","follow":"follow","max-snippet":"max-snippet:-1","max-image-preview":"max-image-preview:large","max-video-preview":"max-video-preview:-1"},"canonical":"https:\/\/centerdent.ch\/it\/informativa-sulla-privacy\/","og_locale":"it_IT","og_type":"article","og_title":"Centerdent | Informativa sulla privacy","og_url":"https:\/\/centerdent.ch\/it\/informativa-sulla-privacy\/","og_site_name":"Centerdent","article_modified_time":"2023-11-22T08:16:29+00:00","og_image":[{"width":2560,"height":995,"url":"https:\/\/centerdent.ch\/wp-content\/uploads\/2023\/11\/defaultbanner-scaled.webp","type":"image\/webp"}],"twitter_card":"summary_large_image","twitter_misc":{"Tempo di lettura stimato":"6 minuti"},"schema":{"@context":"https:\/\/schema.org","@graph":[{"@type":"WebPage","@id":"https:\/\/centerdent.ch\/it\/informativa-sulla-privacy\/","url":"https:\/\/centerdent.ch\/it\/informativa-sulla-privacy\/","name":"Centerdent | Informativa sulla privacy","isPartOf":{"@id":"https:\/\/centerdent.ch\/de\/#website"},"primaryImageOfPage":{"@id":"https:\/\/centerdent.ch\/it\/informativa-sulla-privacy\/#primaryimage"},"image":{"@id":"https:\/\/centerdent.ch\/it\/informativa-sulla-privacy\/#primaryimage"},"thumbnailUrl":"https:\/\/centerdent.ch\/wp-content\/uploads\/2023\/11\/defaultbanner-scaled.webp","datePublished":"2023-11-01T16:04:51+00:00","dateModified":"2023-11-22T08:16:29+00:00","breadcrumb":{"@id":"https:\/\/centerdent.ch\/it\/informativa-sulla-privacy\/#breadcrumb"},"inLanguage":"it-IT","potentialAction":[{"@type":"ReadAction","target":["https:\/\/centerdent.ch\/it\/informativa-sulla-privacy\/"]}]},{"@type":"ImageObject","inLanguage":"it-IT","@id":"https:\/\/centerdent.ch\/it\/informativa-sulla-privacy\/#primaryimage","url":"https:\/\/centerdent.ch\/wp-content\/uploads\/2023\/11\/defaultbanner-scaled.webp","contentUrl":"https:\/\/centerdent.ch\/wp-content\/uploads\/2023\/11\/defaultbanner-scaled.webp","width":2560,"height":995},{"@type":"BreadcrumbList","@id":"https:\/\/centerdent.ch\/it\/informativa-sulla-privacy\/#breadcrumb","itemListElement":[{"@type":"ListItem","position":1,"name":"Home","item":"https:\/\/centerdent.ch\/it\/"},{"@type":"ListItem","position":2,"name":"Informativa sulla privacy"}]},{"@type":"WebSite","@id":"https:\/\/centerdent.ch\/de\/#website","url":"https:\/\/centerdent.ch\/de\/","name":"Centerdent","description":"Ihr Zahnarzt in Z\u00fcrich Sihlcity","potentialAction":[{"@type":"SearchAction","target":{"@type":"EntryPoint","urlTemplate":"https:\/\/centerdent.ch\/de\/?s={search_term_string}"},"query-input":{"@type":"PropertyValueSpecification","valueRequired":true,"valueName":"search_term_string"}}],"inLanguage":"it-IT"}]}},"_links":{"self":[{"href":"https:\/\/centerdent.ch\/it\/wp-json\/wp\/v2\/pages\/2500","targetHints":{"allow":["GET"]}}],"collection":[{"href":"https:\/\/centerdent.ch\/it\/wp-json\/wp\/v2\/pages"}],"about":[{"href":"https:\/\/centerdent.ch\/it\/wp-json\/wp\/v2\/types\/page"}],"author":[{"embeddable":true,"href":"https:\/\/centerdent.ch\/it\/wp-json\/wp\/v2\/users\/1"}],"replies":[{"embeddable":true,"href":"https:\/\/centerdent.ch\/it\/wp-json\/wp\/v2\/comments?post=2500"}],"version-history":[{"count":3,"href":"https:\/\/centerdent.ch\/it\/wp-json\/wp\/v2\/pages\/2500\/revisions"}],"predecessor-version":[{"id":2591,"href":"https:\/\/centerdent.ch\/it\/wp-json\/wp\/v2\/pages\/2500\/revisions\/2591"}],"wp:featuredmedia":[{"embeddable":true,"href":"https:\/\/centerdent.ch\/it\/wp-json\/wp\/v2\/media\/2110"}],"wp:attachment":[{"href":"https:\/\/centerdent.ch\/it\/wp-json\/wp\/v2\/media?parent=2500"}],"curies":[{"name":"wp","href":"https:\/\/api.w.org\/{rel}","templated":true}]}}